{"id":405997,"date":"2026-04-05T14:53:35","date_gmt":"2026-04-05T12:53:35","guid":{"rendered":"https:\/\/bogensportdiscount.ch\/produkt\/bow-tip-protector-string-keepers-deluxe-with-chesnut-accent\/"},"modified":"2026-04-20T13:34:07","modified_gmt":"2026-04-20T11:34:07","slug":"bucktrail-bogen-spitzenschutz-string-keeper-deluxe","status":"publish","type":"product","link":"https:\/\/bogensportdiscount.ch\/it\/prodotto\/bucktrail-bogen-spitzenschutz-string-keeper-deluxe\/","title":{"rendered":"BUCKTRAIL BOGENSPITZENSCHUTZ \/ SEHNENHALTER DELUXE MIT AKZENT"},"content":{"rendered":"<p>Der Bucktrail Bogen-Spitzenschutz mit String Keeper Deluxe ist ein Zubeh\u00f6rartikel zum Schutz der Bogenspitzen (Limb Tips) sowie zur Sicherung der Bogensehne. Er verhindert, dass die Sehne beim Transport oder bei der Lagerung verrutscht oder die empfindlichen Bogenspitzen besch\u00e4digt werden.<\/p>\n<p>Dank der Deluxe-Ausf\u00fchrung bietet dieses Modell eine besonders sorgf\u00e4ltige Verarbeitung und zuverl\u00e4ssigen Halt. Es eignet sich f\u00fcr verschiedene Bogentypen und ist ein n\u00fctzlicher Bestandteil der Bogensch\u00fctzen-Ausr\u00fcstung.<\/p>\n<ul>\n<li>Sch\u00fctzt die Bogenspitzen vor Abrieb und Besch\u00e4digungen<\/li>\n<li>H\u00e4lt die Bogensehne sicher in Position<\/li>\n<li>Geeignet f\u00fcr Transport und Lagerung<\/li>\n<li>Deluxe-Ausf\u00fchrung mit solider Verarbeitung<\/li>\n<\/ul>","protected":false},"excerpt":{"rendered":"<p><strong>Marchio:<\/strong> Buck Trail<\/p>","protected":false},"featured_media":453631,"comment_status":"open","ping_status":"closed","template":"","meta":[],"product_brand":[432],"product_cat":[4415],"product_tag":[],"class_list":{"0":"post-405997","1":"product","2":"type-product","3":"status-publish","4":"has-post-thumbnail","6":"product_brand-bucktrail","7":"product_cat-endenschutz-string-keepers","9":"first","10":"instock","11":"shipping-taxable","12":"purchasable","13":"product-type-variable"},"yoast_head":"<!-- This site is optimized with the Yoast SEO plugin v27.4 - https:\/\/yoast.com\/product\/yoast-seo-wordpress\/ -->\n<title>BUCKTRAIL PROTEZIONE PER PUNTA DELL&#x27;ARCO \/ FERMACORDA DELUXE CON DETTAGLIO ESTETICO - Bogensportdiscount \u2013 Archi, frecce, bersagli e accessori<\/title>\n<meta name=\"description\" content=\"Protezione per la punta dell&#x27;arco \/ fermacorda BUCKTRAIL DELUXE con decorazione: acquista a un prezzo conveniente su Bogensportdiscount \u2013 Marchi di punta, spedizione veloce dalla Svizzera.\" \/>\n<meta name=\"robots\" content=\"noindex, follow, max-snippet:-1, max-image-preview:large, max-video-preview:-1\" \/>\n<meta property=\"og:locale\" content=\"it_IT\" \/>\n<meta property=\"og:type\" content=\"article\" \/>\n<meta property=\"og:title\" content=\"BUCKTRAIL PROTEZIONE PER PUNTA DELL&#x27;ARCO \/ FERMACORDA DELUXE CON DETTAGLIO ESTETICO - Bogensportdiscount \u2013 Archi, frecce, bersagli e accessori\" \/>\n<meta property=\"og:description\" content=\"Protezione per la punta dell&#x27;arco \/ fermacorda BUCKTRAIL DELUXE con decorazione: acquista a un prezzo conveniente su Bogensportdiscount \u2013 Marchi di punta, spedizione veloce dalla Svizzera.\" \/>\n<meta property=\"og:url\" content=\"https:\/\/bogensportdiscount.ch\/it\/produit\/bucktrail-bogen-spitzenschutz-string-keeper-deluxe\/\" \/>\n<meta property=\"og:site_name\" content=\"Bogensportdiscount \u2013 B\u00f6gen, Pfeile, Targets &amp; Zubeh\u00f6r\" \/>\n<meta property=\"article:modified_time\" content=\"2026-04-20T11:34:07+00:00\" \/>\n<meta property=\"og:image\" content=\"https:\/\/bogensportdiscount.ch\/wp-content\/uploads\/bsm-images\/A045816_1.png\" \/>\n\t<meta property=\"og:image:width\" content=\"2393\" \/>\n\t<meta property=\"og:image:height\" content=\"5656\" \/>\n\t<meta property=\"og:image:type\" content=\"image\/png\" \/>\n<meta name=\"twitter:card\" content=\"summary_large_image\" \/>\n<script type=\"application\/ld+json\" class=\"yoast-schema-graph\">{\"@context\":\"https:\\\/\\\/schema.org\",\"@graph\":[{\"@type\":\"WebPage\",\"@id\":\"https:\\\/\\\/bogensportdiscount.ch\\\/fr\\\/produit\\\/bucktrail-bogen-spitzenschutz-string-keeper-deluxe\\\/\",\"url\":\"https:\\\/\\\/bogensportdiscount.ch\\\/fr\\\/produit\\\/bucktrail-bogen-spitzenschutz-string-keeper-deluxe\\\/\",\"name\":\"BUCKTRAIL BOGENSPITZENSCHUTZ \\\/ SEHNENHALTER DELUXE MIT AKZENT - Bogensportdiscount \u2013 B\u00f6gen, Pfeile, Targets &amp; Zubeh\u00f6r\",\"isPartOf\":{\"@id\":\"https:\\\/\\\/bogensportdiscount.ch\\\/#website\"},\"primaryImageOfPage\":{\"@id\":\"https:\\\/\\\/bogensportdiscount.ch\\\/fr\\\/produit\\\/bucktrail-bogen-spitzenschutz-string-keeper-deluxe\\\/#primaryimage\"},\"image\":{\"@id\":\"https:\\\/\\\/bogensportdiscount.ch\\\/fr\\\/produit\\\/bucktrail-bogen-spitzenschutz-string-keeper-deluxe\\\/#primaryimage\"},\"thumbnailUrl\":\"https:\\\/\\\/bogensportdiscount.ch\\\/wp-content\\\/uploads\\\/2026\\\/04\\\/bogensportdiscount.ch-pfeile-boegen-zubehoer-fuer-anfaenger-und-profis-zum-besten-preis-Symbolbild-kein-foto-zu-diesem-artikel_01.jpg\",\"datePublished\":\"2026-04-05T12:53:35+00:00\",\"dateModified\":\"2026-04-20T11:34:07+00:00\",\"description\":\"BUCKTRAIL BOGENSPITZENSCHUTZ \\\/ SEHNENHALTER DELUXE MIT AKZENT g\u00fcnstig kaufen bei Bogensportdiscount \u2013 Top-Marken, schneller Versand aus der Schweiz.\",\"breadcrumb\":{\"@id\":\"https:\\\/\\\/bogensportdiscount.ch\\\/fr\\\/produit\\\/bucktrail-bogen-spitzenschutz-string-keeper-deluxe\\\/#breadcrumb\"},\"inLanguage\":\"it-IT\",\"potentialAction\":[{\"@type\":\"ReadAction\",\"target\":[\"https:\\\/\\\/bogensportdiscount.ch\\\/fr\\\/produit\\\/bucktrail-bogen-spitzenschutz-string-keeper-deluxe\\\/\"]}]},{\"@type\":\"ImageObject\",\"inLanguage\":\"it-IT\",\"@id\":\"https:\\\/\\\/bogensportdiscount.ch\\\/fr\\\/produit\\\/bucktrail-bogen-spitzenschutz-string-keeper-deluxe\\\/#primaryimage\",\"url\":\"https:\\\/\\\/bogensportdiscount.ch\\\/wp-content\\\/uploads\\\/2026\\\/04\\\/bogensportdiscount.ch-pfeile-boegen-zubehoer-fuer-anfaenger-und-profis-zum-besten-preis-Symbolbild-kein-foto-zu-diesem-artikel_01.jpg\",\"contentUrl\":\"https:\\\/\\\/bogensportdiscount.ch\\\/wp-content\\\/uploads\\\/2026\\\/04\\\/bogensportdiscount.ch-pfeile-boegen-zubehoer-fuer-anfaenger-und-profis-zum-besten-preis-Symbolbild-kein-foto-zu-diesem-artikel_01.jpg\",\"width\":1080,\"height\":1080},{\"@type\":\"BreadcrumbList\",\"@id\":\"https:\\\/\\\/bogensportdiscount.ch\\\/fr\\\/produit\\\/bucktrail-bogen-spitzenschutz-string-keeper-deluxe\\\/#breadcrumb\",\"itemListElement\":[{\"@type\":\"ListItem\",\"position\":1,\"name\":\"Home\",\"item\":\"https:\\\/\\\/bogensportdiscount.ch\\\/\"},{\"@type\":\"ListItem\",\"position\":2,\"name\":\"Shop\",\"item\":\"https:\\\/\\\/bogensportdiscount.ch\\\/shop\\\/\"},{\"@type\":\"ListItem\",\"position\":3,\"name\":\"BUCKTRAIL BOGENSPITZENSCHUTZ \\\/ SEHNENHALTER DELUXE MIT AKZENT\"}]},{\"@type\":\"WebSite\",\"@id\":\"https:\\\/\\\/bogensportdiscount.ch\\\/#website\",\"url\":\"https:\\\/\\\/bogensportdiscount.ch\\\/\",\"name\":\"Bogensportdiscount\",\"description\":\"\",\"potentialAction\":[{\"@type\":\"SearchAction\",\"target\":{\"@type\":\"EntryPoint\",\"urlTemplate\":\"https:\\\/\\\/bogensportdiscount.ch\\\/?s={search_term_string}\"},\"query-input\":{\"@type\":\"PropertyValueSpecification\",\"valueRequired\":true,\"valueName\":\"search_term_string\"}}],\"inLanguage\":\"it-IT\"}]}<\/script>\n<!-- \/ Yoast SEO plugin. -->","yoast_head_json":{"title":"BUCKTRAIL PROTEZIONE PER PUNTA DELL&#x27;ARCO \/ FERMACORDA DELUXE CON DETTAGLIO ESTETICO - Bogensportdiscount \u2013 Archi, frecce, bersagli e accessori","description":"Protezione per la punta dell&#x27;arco \/ fermacorda BUCKTRAIL DELUXE con decorazione: acquista a un prezzo conveniente su Bogensportdiscount \u2013 Marchi di punta, spedizione veloce dalla Svizzera.","robots":{"index":"noindex","follow":"follow","max-snippet":"max-snippet:-1","max-image-preview":"max-image-preview:large","max-video-preview":"max-video-preview:-1"},"og_locale":"it_IT","og_type":"article","og_title":"BUCKTRAIL PROTEZIONE PER PUNTA DELL&#x27;ARCO \/ FERMACORDA DELUXE CON DETTAGLIO ESTETICO - Bogensportdiscount \u2013 Archi, frecce, bersagli e accessori","og_description":"Protezione per la punta dell&#x27;arco \/ fermacorda BUCKTRAIL DELUXE con decorazione: acquista a un prezzo conveniente su Bogensportdiscount \u2013 Marchi di punta, spedizione veloce dalla Svizzera.","og_url":"https:\/\/bogensportdiscount.ch\/it\/produit\/bucktrail-bogen-spitzenschutz-string-keeper-deluxe\/","og_site_name":"Bogensportdiscount \u2013 B\u00f6gen, Pfeile, Targets &amp; Zubeh\u00f6r","article_modified_time":"2026-04-20T11:34:07+00:00","og_image":[{"url":"https:\/\/bogensportdiscount.ch\/wp-content\/uploads\/bsm-images\/A045816_1.png","width":2393,"height":5656,"type":"image\/png"}],"twitter_card":"summary_large_image","schema":{"@context":"https:\/\/schema.org","@graph":[{"@type":"WebPage","@id":"https:\/\/bogensportdiscount.ch\/fr\/produit\/bucktrail-bogen-spitzenschutz-string-keeper-deluxe\/","url":"https:\/\/bogensportdiscount.ch\/fr\/produit\/bucktrail-bogen-spitzenschutz-string-keeper-deluxe\/","name":"BUCKTRAIL PROTEZIONE PER PUNTA DELL&#x27;ARCO \/ FERMACORDA DELUXE CON DETTAGLIO ESTETICO - Bogensportdiscount \u2013 Archi, frecce, bersagli e accessori","isPartOf":{"@id":"https:\/\/bogensportdiscount.ch\/#website"},"primaryImageOfPage":{"@id":"https:\/\/bogensportdiscount.ch\/fr\/produit\/bucktrail-bogen-spitzenschutz-string-keeper-deluxe\/#primaryimage"},"image":{"@id":"https:\/\/bogensportdiscount.ch\/fr\/produit\/bucktrail-bogen-spitzenschutz-string-keeper-deluxe\/#primaryimage"},"thumbnailUrl":"https:\/\/bogensportdiscount.ch\/wp-content\/uploads\/2026\/04\/bogensportdiscount.ch-pfeile-boegen-zubehoer-fuer-anfaenger-und-profis-zum-besten-preis-Symbolbild-kein-foto-zu-diesem-artikel_01.jpg","datePublished":"2026-04-05T12:53:35+00:00","dateModified":"2026-04-20T11:34:07+00:00","description":"Protezione per la punta dell&#x27;arco \/ fermacorda BUCKTRAIL DELUXE con decorazione: acquista a un prezzo conveniente su Bogensportdiscount \u2013 Marchi di punta, spedizione veloce dalla Svizzera.","breadcrumb":{"@id":"https:\/\/bogensportdiscount.ch\/fr\/produit\/bucktrail-bogen-spitzenschutz-string-keeper-deluxe\/#breadcrumb"},"inLanguage":"it-IT","potentialAction":[{"@type":"ReadAction","target":["https:\/\/bogensportdiscount.ch\/fr\/produit\/bucktrail-bogen-spitzenschutz-string-keeper-deluxe\/"]}]},{"@type":"ImageObject","inLanguage":"it-IT","@id":"https:\/\/bogensportdiscount.ch\/fr\/produit\/bucktrail-bogen-spitzenschutz-string-keeper-deluxe\/#primaryimage","url":"https:\/\/bogensportdiscount.ch\/wp-content\/uploads\/2026\/04\/bogensportdiscount.ch-pfeile-boegen-zubehoer-fuer-anfaenger-und-profis-zum-besten-preis-Symbolbild-kein-foto-zu-diesem-artikel_01.jpg","contentUrl":"https:\/\/bogensportdiscount.ch\/wp-content\/uploads\/2026\/04\/bogensportdiscount.ch-pfeile-boegen-zubehoer-fuer-anfaenger-und-profis-zum-besten-preis-Symbolbild-kein-foto-zu-diesem-artikel_01.jpg","width":1080,"height":1080},{"@type":"BreadcrumbList","@id":"https:\/\/bogensportdiscount.ch\/fr\/produit\/bucktrail-bogen-spitzenschutz-string-keeper-deluxe\/#breadcrumb","itemListElement":[{"@type":"ListItem","position":1,"name":"Home","item":"https:\/\/bogensportdiscount.ch\/"},{"@type":"ListItem","position":2,"name":"Shop","item":"https:\/\/bogensportdiscount.ch\/shop\/"},{"@type":"ListItem","position":3,"name":"BUCKTRAIL BOGENSPITZENSCHUTZ \/ SEHNENHALTER DELUXE MIT AKZENT"}]},{"@type":"WebSite","@id":"https:\/\/bogensportdiscount.ch\/#website","url":"https:\/\/bogensportdiscount.ch\/","name":"Bogensportdiscount","description":"","potentialAction":[{"@type":"SearchAction","target":{"@type":"EntryPoint","urlTemplate":"https:\/\/bogensportdiscount.ch\/?s={search_term_string}"},"query-input":{"@type":"PropertyValueSpecification","valueRequired":true,"valueName":"search_term_string"}}],"inLanguage":"it-IT"}]}},"_links":{"self":[{"href":"https:\/\/bogensportdiscount.ch\/it\/wp-json\/wp\/v2\/product\/405997","targetHints":{"allow":["GET"]}}],"collection":[{"href":"https:\/\/bogensportdiscount.ch\/it\/wp-json\/wp\/v2\/product"}],"about":[{"href":"https:\/\/bogensportdiscount.ch\/it\/wp-json\/wp\/v2\/types\/product"}],"replies":[{"embeddable":true,"href":"https:\/\/bogensportdiscount.ch\/it\/wp-json\/wp\/v2\/comments?post=405997"}],"wp:featuredmedia":[{"embeddable":true,"href":"https:\/\/bogensportdiscount.ch\/it\/wp-json\/wp\/v2\/media\/453631"}],"wp:attachment":[{"href":"https:\/\/bogensportdiscount.ch\/it\/wp-json\/wp\/v2\/media?parent=405997"}],"wp:term":[{"taxonomy":"product_brand","embeddable":true,"href":"https:\/\/bogensportdiscount.ch\/it\/wp-json\/wp\/v2\/product_brand?post=405997"},{"taxonomy":"product_cat","embeddable":true,"href":"https:\/\/bogensportdiscount.ch\/it\/wp-json\/wp\/v2\/product_cat?post=405997"},{"taxonomy":"product_tag","embeddable":true,"href":"https:\/\/bogensportdiscount.ch\/it\/wp-json\/wp\/v2\/product_tag?post=405997"}],"curies":[{"name":"wp","href":"https:\/\/api.w.org\/{rel}","templated":true}]}}