{"id":405993,"date":"2026-04-05T14:53:34","date_gmt":"2026-04-05T12:53:34","guid":{"rendered":"https:\/\/bogensportdiscount.ch\/produkt\/damper-parts-acc-orbit-vibration-elastomer-brown\/"},"modified":"2026-05-14T15:26:21","modified_gmt":"2026-05-14T13:26:21","slug":"bowtech-daempfer-ersatzteil-orbit-vibration-elastomer","status":"publish","type":"product","link":"https:\/\/bogensportdiscount.ch\/it\/prodotto\/bowtech-daempfer-ersatzteil-orbit-vibration-elastomer\/","title":{"rendered":"Bogensportdiscount \u2013 Archi, Frecce, Bersagli &amp; Accessori"},"content":{"rendered":"<p>\/  BOWTECH DAEMPFER TEILE ACC ORBIT VIBRATION ELASTOMER<\/p>\n<p>Il BOWTECH Orbit Vibration Elastomer \u00e8 un pezzo di ricambio originale per l'ammortizzatore di vibrazioni Orbit di BOWTECH. Serve ad assorbire e smorzare le vibrazioni generate durante il tiro, contribuendo cos\u00ec alla riduzione delle vibrazioni sull'arco.<\/p>\n<ul>\n<li>L'elastomero \u00e8 disponibile in tre colori \u2013 Marrone, Verde e Rosso \u2013 che corrispondono generalmente a diversi gradi di durezza e consentono un'adattamento mirato delle propriet\u00e0 di ammortizzazione. Come accessorio originale, \u00e8 progettato secondo le specifiche del sistema BOWTECH Orbit.<\/li>\n<li>Pezzo di ricambio BOWTECH originale per ammortizzatori Orbit<\/li>\n<li>Tre varianti di colore (Marrone, Verde, Rosso)<\/li>\n<li>Riduce le vibrazioni durante il tiro<\/li>\n<\/ul>","protected":false},"excerpt":{"rendered":"<table>\n<tr>\n<th>Propriet\u00e0<\/th>\n<th>Valore<\/th>\n<\/tr>\n<tr>\n<td>Marca<\/td>\n<td>Bowtech<\/td>\n<\/tr>\n<tr>\n<td>Paese di origine<\/td>\n<td>USA<\/td>\n<\/tr>\n<\/table>","protected":false},"featured_media":450835,"comment_status":"open","ping_status":"closed","template":"","meta":[],"product_brand":[451],"product_cat":[4341],"product_tag":[],"class_list":{"0":"post-405993","1":"product","2":"type-product","3":"status-publish","4":"has-post-thumbnail","6":"product_brand-bowtech","7":"product_cat-mittelteil-daempfer","8":"product_shipping_class-bsd-standard","10":"first","11":"instock","12":"shipping-taxable","13":"purchasable","14":"product-type-variable"},"yoast_head":"<!-- This site is optimized with the Yoast SEO plugin v27.6 - https:\/\/yoast.com\/product\/yoast-seo-wordpress\/ -->\n<title>BOWTECH D\u00c4MPFER TEILE ZUB ORBIT VIBRATION ELASTOMER - Bogensportdiscount \u2013 B\u00f6gen, Pfeile, Targets &amp; Zubeh\u00f6r<\/title>\n<meta name=\"description\" content=\"BOWTECH D\u00c4MPFER TEILE ZUB ORBIT VIBRATION ELASTOMER g\u00fcnstig kaufen bei Bogensportdiscount \u2013 Top-Marken, schneller Versand aus der Schweiz.\" \/>\n<meta name=\"robots\" content=\"index, follow, max-snippet:-1, max-image-preview:large, max-video-preview:-1\" \/>\n<link rel=\"canonical\" href=\"https:\/\/bogensportdiscount.ch\/it\/prodotto\/bowtech-daempfer-ersatzteil-orbit-vibration-elastomer\/\" \/>\n<meta property=\"og:locale\" content=\"it_IT\" \/>\n<meta property=\"og:type\" content=\"article\" \/>\n<meta property=\"og:title\" content=\"BOWTECH D\u00c4MPFER TEILE ZUB ORBIT VIBRATION ELASTOMER - Bogensportdiscount \u2013 B\u00f6gen, Pfeile, Targets &amp; Zubeh\u00f6r\" \/>\n<meta property=\"og:description\" content=\"BOWTECH D\u00c4MPFER TEILE ZUB ORBIT VIBRATION ELASTOMER g\u00fcnstig kaufen bei Bogensportdiscount \u2013 Top-Marken, schneller Versand aus der Schweiz.\" \/>\n<meta property=\"og:url\" content=\"https:\/\/bogensportdiscount.ch\/it\/prodotto\/bowtech-daempfer-ersatzteil-orbit-vibration-elastomer\/\" \/>\n<meta property=\"og:site_name\" content=\"Bogensportdiscount \u2013 B\u00f6gen, Pfeile, Targets &amp; Zubeh\u00f6r\" \/>\n<meta property=\"article:modified_time\" content=\"2026-05-14T13:26:21+00:00\" \/>\n<meta property=\"og:image\" content=\"https:\/\/bogensportdiscount.ch\/wp-content\/uploads\/bsm-images\/A045810_1.png\" \/>\n\t<meta property=\"og:image:width\" content=\"1181\" \/>\n\t<meta property=\"og:image:height\" content=\"1772\" \/>\n\t<meta property=\"og:image:type\" content=\"image\/png\" \/>\n<meta name=\"twitter:card\" content=\"summary_large_image\" \/>\n<meta name=\"twitter:label1\" content=\"Tempo di lettura stimato\" \/>\n\t<meta name=\"twitter:data1\" content=\"1 minuto\" \/>\n<script type=\"application\/ld+json\" class=\"yoast-schema-graph\">{\"@context\":\"https:\\\/\\\/schema.org\",\"@graph\":[{\"@type\":\"WebPage\",\"@id\":\"https:\\\/\\\/bogensportdiscount.ch\\\/produkt\\\/bowtech-daempfer-ersatzteil-orbit-vibration-elastomer\\\/\",\"url\":\"https:\\\/\\\/bogensportdiscount.ch\\\/produkt\\\/bowtech-daempfer-ersatzteil-orbit-vibration-elastomer\\\/\",\"name\":\"BOWTECH D\u00c4MPFER TEILE ZUB ORBIT VIBRATION ELASTOMER - Bogensportdiscount \u2013 B\u00f6gen, Pfeile, Targets &amp; Zubeh\u00f6r\",\"isPartOf\":{\"@id\":\"https:\\\/\\\/bogensportdiscount.ch\\\/#website\"},\"primaryImageOfPage\":{\"@id\":\"https:\\\/\\\/bogensportdiscount.ch\\\/produkt\\\/bowtech-daempfer-ersatzteil-orbit-vibration-elastomer\\\/#primaryimage\"},\"image\":{\"@id\":\"https:\\\/\\\/bogensportdiscount.ch\\\/produkt\\\/bowtech-daempfer-ersatzteil-orbit-vibration-elastomer\\\/#primaryimage\"},\"thumbnailUrl\":\"https:\\\/\\\/bogensportdiscount.ch\\\/wp-content\\\/uploads\\\/bsm-images\\\/A045810_1.png\",\"datePublished\":\"2026-04-05T12:53:34+00:00\",\"dateModified\":\"2026-05-14T13:26:21+00:00\",\"description\":\"BOWTECH D\u00c4MPFER TEILE ZUB ORBIT VIBRATION ELASTOMER g\u00fcnstig kaufen bei Bogensportdiscount \u2013 Top-Marken, schneller Versand aus der Schweiz.\",\"breadcrumb\":{\"@id\":\"https:\\\/\\\/bogensportdiscount.ch\\\/produkt\\\/bowtech-daempfer-ersatzteil-orbit-vibration-elastomer\\\/#breadcrumb\"},\"inLanguage\":\"it-IT\",\"potentialAction\":[{\"@type\":\"ReadAction\",\"target\":[\"https:\\\/\\\/bogensportdiscount.ch\\\/produkt\\\/bowtech-daempfer-ersatzteil-orbit-vibration-elastomer\\\/\"]}]},{\"@type\":\"ImageObject\",\"inLanguage\":\"it-IT\",\"@id\":\"https:\\\/\\\/bogensportdiscount.ch\\\/produkt\\\/bowtech-daempfer-ersatzteil-orbit-vibration-elastomer\\\/#primaryimage\",\"url\":\"https:\\\/\\\/bogensportdiscount.ch\\\/wp-content\\\/uploads\\\/bsm-images\\\/A045810_1.png\",\"contentUrl\":\"https:\\\/\\\/bogensportdiscount.ch\\\/wp-content\\\/uploads\\\/bsm-images\\\/A045810_1.png\",\"width\":1181,\"height\":1772},{\"@type\":\"BreadcrumbList\",\"@id\":\"https:\\\/\\\/bogensportdiscount.ch\\\/produkt\\\/bowtech-daempfer-ersatzteil-orbit-vibration-elastomer\\\/#breadcrumb\",\"itemListElement\":[{\"@type\":\"ListItem\",\"position\":1,\"name\":\"Home\",\"item\":\"https:\\\/\\\/bogensportdiscount.ch\\\/\"},{\"@type\":\"ListItem\",\"position\":2,\"name\":\"Shop\",\"item\":\"https:\\\/\\\/bogensportdiscount.ch\\\/shop\\\/\"},{\"@type\":\"ListItem\",\"position\":3,\"name\":\"BOWTECH DAMPER PARTS ACC ORBIT VIBRATION ELASTOMER\"}]},{\"@type\":\"WebSite\",\"@id\":\"https:\\\/\\\/bogensportdiscount.ch\\\/#website\",\"url\":\"https:\\\/\\\/bogensportdiscount.ch\\\/\",\"name\":\"Bogensportdiscount\",\"description\":\"\",\"potentialAction\":[{\"@type\":\"SearchAction\",\"target\":{\"@type\":\"EntryPoint\",\"urlTemplate\":\"https:\\\/\\\/bogensportdiscount.ch\\\/?s={search_term_string}\"},\"query-input\":{\"@type\":\"PropertyValueSpecification\",\"valueRequired\":true,\"valueName\":\"search_term_string\"}}],\"inLanguage\":\"it-IT\"}]}<\/script>\n<!-- \/ Yoast SEO plugin. -->","yoast_head_json":{"title":"BOWTECH D\u00c4MPFER TEILE ZUB ORBIT VIBRATION ELASTOMER - Bogensportdiscount \u2013 B\u00f6gen, Pfeile, Targets &amp; Zubeh\u00f6r","description":"BOWTECH D\u00c4MPFER TEILE ZUB ORBIT VIBRATION ELASTOMER g\u00fcnstig kaufen bei Bogensportdiscount \u2013 Top-Marken, schneller Versand aus der Schweiz.","robots":{"index":"index","follow":"follow","max-snippet":"max-snippet:-1","max-image-preview":"max-image-preview:large","max-video-preview":"max-video-preview:-1"},"canonical":"https:\/\/bogensportdiscount.ch\/it\/prodotto\/bowtech-daempfer-ersatzteil-orbit-vibration-elastomer\/","og_locale":"it_IT","og_type":"article","og_title":"BOWTECH D\u00c4MPFER TEILE ZUB ORBIT VIBRATION ELASTOMER - Bogensportdiscount \u2013 B\u00f6gen, Pfeile, Targets &amp; Zubeh\u00f6r","og_description":"BOWTECH D\u00c4MPFER TEILE ZUB ORBIT VIBRATION ELASTOMER g\u00fcnstig kaufen bei Bogensportdiscount \u2013 Top-Marken, schneller Versand aus der Schweiz.","og_url":"https:\/\/bogensportdiscount.ch\/it\/prodotto\/bowtech-daempfer-ersatzteil-orbit-vibration-elastomer\/","og_site_name":"Bogensportdiscount \u2013 B\u00f6gen, Pfeile, Targets &amp; Zubeh\u00f6r","article_modified_time":"2026-05-14T13:26:21+00:00","og_image":[{"width":1181,"height":1772,"url":"https:\/\/bogensportdiscount.ch\/wp-content\/uploads\/bsm-images\/A045810_1.png","type":"image\/png"}],"twitter_card":"summary_large_image","twitter_misc":{"Tempo di lettura stimato":"1 minuto"},"schema":{"@context":"https:\/\/schema.org","@graph":[{"@type":"WebPage","@id":"https:\/\/bogensportdiscount.ch\/produkt\/bowtech-daempfer-ersatzteil-orbit-vibration-elastomer\/","url":"https:\/\/bogensportdiscount.ch\/produkt\/bowtech-daempfer-ersatzteil-orbit-vibration-elastomer\/","name":"BOWTECH D\u00c4MPFER TEILE ZUB ORBIT VIBRATION ELASTOMER - Bogensportdiscount \u2013 B\u00f6gen, Pfeile, Targets &amp; Zubeh\u00f6r","isPartOf":{"@id":"https:\/\/bogensportdiscount.ch\/#website"},"primaryImageOfPage":{"@id":"https:\/\/bogensportdiscount.ch\/produkt\/bowtech-daempfer-ersatzteil-orbit-vibration-elastomer\/#primaryimage"},"image":{"@id":"https:\/\/bogensportdiscount.ch\/produkt\/bowtech-daempfer-ersatzteil-orbit-vibration-elastomer\/#primaryimage"},"thumbnailUrl":"https:\/\/bogensportdiscount.ch\/wp-content\/uploads\/bsm-images\/A045810_1.png","datePublished":"2026-04-05T12:53:34+00:00","dateModified":"2026-05-14T13:26:21+00:00","description":"BOWTECH D\u00c4MPFER TEILE ZUB ORBIT VIBRATION ELASTOMER g\u00fcnstig kaufen bei Bogensportdiscount \u2013 Top-Marken, schneller Versand aus der Schweiz.","breadcrumb":{"@id":"https:\/\/bogensportdiscount.ch\/produkt\/bowtech-daempfer-ersatzteil-orbit-vibration-elastomer\/#breadcrumb"},"inLanguage":"it-IT","potentialAction":[{"@type":"ReadAction","target":["https:\/\/bogensportdiscount.ch\/produkt\/bowtech-daempfer-ersatzteil-orbit-vibration-elastomer\/"]}]},{"@type":"ImageObject","inLanguage":"it-IT","@id":"https:\/\/bogensportdiscount.ch\/produkt\/bowtech-daempfer-ersatzteil-orbit-vibration-elastomer\/#primaryimage","url":"https:\/\/bogensportdiscount.ch\/wp-content\/uploads\/bsm-images\/A045810_1.png","contentUrl":"https:\/\/bogensportdiscount.ch\/wp-content\/uploads\/bsm-images\/A045810_1.png","width":1181,"height":1772},{"@type":"BreadcrumbList","@id":"https:\/\/bogensportdiscount.ch\/produkt\/bowtech-daempfer-ersatzteil-orbit-vibration-elastomer\/#breadcrumb","itemListElement":[{"@type":"ListItem","position":1,"name":"Home","item":"https:\/\/bogensportdiscount.ch\/"},{"@type":"ListItem","position":2,"name":"Shop","item":"https:\/\/bogensportdiscount.ch\/shop\/"},{"@type":"ListItem","position":3,"name":"BOWTECH DAMPER PARTS ACC ORBIT VIBRATION ELASTOMER"}]},{"@type":"WebSite","@id":"https:\/\/bogensportdiscount.ch\/#website","url":"https:\/\/bogensportdiscount.ch\/","name":"Bogensportdiscount","description":"","potentialAction":[{"@type":"SearchAction","target":{"@type":"EntryPoint","urlTemplate":"https:\/\/bogensportdiscount.ch\/?s={search_term_string}"},"query-input":{"@type":"PropertyValueSpecification","valueRequired":true,"valueName":"search_term_string"}}],"inLanguage":"it-IT"}]}},"_links":{"self":[{"href":"https:\/\/bogensportdiscount.ch\/it\/wp-json\/wp\/v2\/product\/405993","targetHints":{"allow":["GET"]}}],"collection":[{"href":"https:\/\/bogensportdiscount.ch\/it\/wp-json\/wp\/v2\/product"}],"about":[{"href":"https:\/\/bogensportdiscount.ch\/it\/wp-json\/wp\/v2\/types\/product"}],"replies":[{"embeddable":true,"href":"https:\/\/bogensportdiscount.ch\/it\/wp-json\/wp\/v2\/comments?post=405993"}],"wp:featuredmedia":[{"embeddable":true,"href":"https:\/\/bogensportdiscount.ch\/it\/wp-json\/wp\/v2\/media\/450835"}],"wp:attachment":[{"href":"https:\/\/bogensportdiscount.ch\/it\/wp-json\/wp\/v2\/media?parent=405993"}],"wp:term":[{"taxonomy":"product_brand","embeddable":true,"href":"https:\/\/bogensportdiscount.ch\/it\/wp-json\/wp\/v2\/product_brand?post=405993"},{"taxonomy":"product_cat","embeddable":true,"href":"https:\/\/bogensportdiscount.ch\/it\/wp-json\/wp\/v2\/product_cat?post=405993"},{"taxonomy":"product_tag","embeddable":true,"href":"https:\/\/bogensportdiscount.ch\/it\/wp-json\/wp\/v2\/product_tag?post=405993"}],"curies":[{"name":"wp","href":"https:\/\/api.w.org\/{rel}","templated":true}]}}