{"id":405946,"date":"2026-04-05T14:53:29","date_gmt":"2026-04-05T12:53:29","guid":{"rendered":"https:\/\/bogensportdiscount.ch\/produkt\/docs-choice-clear-targets-for-20-20scope-30mm-2x\/"},"modified":"2026-04-17T13:46:53","modified_gmt":"2026-04-17T11:46:53","slug":"bowfinger-docs-choice-klare-zielscheiben-20-20-scope","status":"publish","type":"product","link":"https:\/\/bogensportdiscount.ch\/it\/prodotto\/bowfinger-docs-choice-klare-zielscheiben-20-20-scope\/","title":{"rendered":"SCELTA DI BOWFINGER DOCS OBIETTIVI CHIARI PER 20\/20SCOPE"},"content":{"rendered":"<p>Die Bowfinger Docs Choice Clear Targets sind transparente Zielaufs\u00e4tze, die direkt f\u00fcr den Einsatz mit dem Bowfinger 20\/20 Scope konzipiert wurden. Die klare Ausf\u00fchrung sorgt f\u00fcr eine uneingeschr\u00e4nkte Sicht durch das Scope und unterst\u00fctzt eine konsistente Zielaufnahme.<\/p>\n<p>Die Targets sind in drei Vergr\u00f6sserungsstufen erh\u00e4ltlich \u2013 2X, 4X und 6X \u2013 und lassen sich so auf die jeweiligen Anforderungen im Wettkampf- oder Trainingsalltag abstimmen. Hergestellt in den USA.<\/p>\n<ul>\n<li>Speziell f\u00fcr das Bowfinger 20\/20 Scope entwickelt<\/li>\n<li>Transparente Ausf\u00fchrung f\u00fcr klare Sicht<\/li>\n<li>Erh\u00e4ltlich in 2X, 4X und 6X Vergr\u00f6sserung<\/li>\n<li>Herkunft: USA<\/li>\n<\/ul>","protected":false},"excerpt":{"rendered":"<p>Die Bowfinger Docs Choice Clear Targets sind transparente Zielmarkierungen, die speziell f\u00fcr das Bowfinger 20\/20 Scope entwickelt wurden. Erh\u00e4ltlich in den Vergr\u00f6sserungsstufen 2X, 4X und 6X, erm\u00f6glichen sie eine pr\u00e4zise Ausrichtung im Compound-Visier.<\/p>","protected":false},"featured_media":439713,"comment_status":"open","ping_status":"closed","template":"","meta":[],"product_brand":[540],"product_cat":[4248],"product_tag":[],"class_list":{"0":"post-405946","1":"product","2":"type-product","3":"status-publish","4":"has-post-thumbnail","6":"product_brand-bowfinger","7":"product_cat-linsen-compound-scope","9":"first","10":"instock","11":"shipping-taxable","12":"purchasable","13":"product-type-variable"},"_links":{"self":[{"href":"https:\/\/bogensportdiscount.ch\/it\/wp-json\/wp\/v2\/product\/405946","targetHints":{"allow":["GET"]}}],"collection":[{"href":"https:\/\/bogensportdiscount.ch\/it\/wp-json\/wp\/v2\/product"}],"about":[{"href":"https:\/\/bogensportdiscount.ch\/it\/wp-json\/wp\/v2\/types\/product"}],"replies":[{"embeddable":true,"href":"https:\/\/bogensportdiscount.ch\/it\/wp-json\/wp\/v2\/comments?post=405946"}],"wp:featuredmedia":[{"embeddable":true,"href":"https:\/\/bogensportdiscount.ch\/it\/wp-json\/wp\/v2\/media\/439713"}],"wp:attachment":[{"href":"https:\/\/bogensportdiscount.ch\/it\/wp-json\/wp\/v2\/media?parent=405946"}],"wp:term":[{"taxonomy":"product_brand","embeddable":true,"href":"https:\/\/bogensportdiscount.ch\/it\/wp-json\/wp\/v2\/product_brand?post=405946"},{"taxonomy":"product_cat","embeddable":true,"href":"https:\/\/bogensportdiscount.ch\/it\/wp-json\/wp\/v2\/product_cat?post=405946"},{"taxonomy":"product_tag","embeddable":true,"href":"https:\/\/bogensportdiscount.ch\/it\/wp-json\/wp\/v2\/product_tag?post=405946"}],"curies":[{"name":"wp","href":"https:\/\/api.w.org\/{rel}","templated":true}]}}