{"id":405862,"date":"2026-04-05T14:53:19","date_gmt":"2026-04-05T12:53:19","guid":{"rendered":"https:\/\/bogensportdiscount.ch\/produkt\/sight-parts-xp-metal-sight-tapes-scales-1-2\/"},"modified":"2026-04-21T08:37:04","modified_gmt":"2026-04-21T06:37:04","slug":"axcel-visier-ersatzteil-xp-metall-skalenstreifen","status":"publish","type":"product","link":"https:\/\/bogensportdiscount.ch\/it\/prodotto\/axcel-visier-ersatzteil-xp-metall-skalenstreifen\/","title":{"rendered":"AXCEL VISIER TEILE XP METALL VISIER TAPES SKALEN"},"content":{"rendered":"<p>Die Axcel XP Metall-Skalenstreifen sind Ersatz- und Zubeh\u00f6rteile f\u00fcr Axcel XP Compound-Visiere. Skalenstreifen (Sight Tapes) dienen zur Entfernungskalibrierung am Visier und erm\u00f6glichen eine schnelle, zuverl\u00e4ssige Einstellung der Visierh\u00f6he f\u00fcr verschiedene Distanzen.<\/p>\n<p>Die Ausf\u00fchrung in Metall bietet gegen\u00fcber Kunststoff- oder Papierversionen eine h\u00f6here Langlebigkeit und Witterungsbest\u00e4ndigkeit, was besonders im Turnier- und Outdoor-Einsatz von Vorteil ist.<\/p>\n<ul>\n<li>Metall-Ausf\u00fchrung f\u00fcr erh\u00f6hte Haltbarkeit<\/li>\n<li>Passend f\u00fcr Axcel XP Compound-Visiere<\/li>\n<li>Erm\u00f6glicht pr\u00e4zise Entfernungsmarkierung<\/li>\n<li>Sostituzione semplice come pezzo di ricambio<\/li>\n<\/ul>","protected":false},"excerpt":{"rendered":"<p><strong>Marchio:<\/strong> Axcel<\/p>","protected":false},"featured_media":450822,"comment_status":"open","ping_status":"closed","template":"","meta":[],"product_brand":[467],"product_cat":[4258],"product_tag":[],"class_list":{"0":"post-405862","1":"product","2":"type-product","3":"status-publish","4":"has-post-thumbnail","6":"product_brand-axcel","7":"product_cat-einzelteile-fuer-compound-visier","8":"product_shipping_class-bsd-standard","10":"first","11":"instock","12":"shipping-taxable","13":"purchasable","14":"product-type-variable"},"yoast_head":"<!-- This site is optimized with the Yoast SEO plugin v27.4 - https:\/\/yoast.com\/product\/yoast-seo-wordpress\/ -->\n<title>COMPONENTI PER MIRINI AXCEL XP - NASTRI PER MIRINI IN METALLO CON SCALA - Bogensportdiscount \u2013 Archi, frecce, bersagli e accessori<\/title>\n<meta name=\"description\" content=\"Acquista a prezzi convenienti le parti per mirini AXCEL XP e i nastri per mirini in metallo su Bogensportdiscount \u2013 Le migliori marche, spedizione veloce dalla Svizzera.\" \/>\n<meta name=\"robots\" content=\"index, follow, max-snippet:-1, max-image-preview:large, max-video-preview:-1\" \/>\n<link rel=\"canonical\" href=\"https:\/\/bogensportdiscount.ch\/it\/prodotto\/axcel-visier-ersatzteil-xp-metall-skalenstreifen\/\" \/>\n<meta property=\"og:locale\" content=\"it_IT\" \/>\n<meta property=\"og:type\" content=\"article\" \/>\n<meta property=\"og:title\" content=\"COMPONENTI PER MIRINI AXCEL XP - NASTRI PER MIRINI IN METALLO CON SCALA - Bogensportdiscount \u2013 Archi, frecce, bersagli e accessori\" \/>\n<meta property=\"og:description\" content=\"Acquista a prezzi convenienti le parti per mirini AXCEL XP e i nastri per mirini in metallo su Bogensportdiscount \u2013 Le migliori marche, spedizione veloce dalla Svizzera.\" \/>\n<meta property=\"og:url\" content=\"https:\/\/bogensportdiscount.ch\/it\/prodotto\/axcel-visier-ersatzteil-xp-metall-skalenstreifen\/\" \/>\n<meta property=\"og:site_name\" content=\"Bogensportdiscount \u2013 B\u00f6gen, Pfeile, Targets &amp; Zubeh\u00f6r\" \/>\n<meta property=\"article:modified_time\" content=\"2026-04-21T06:37:04+00:00\" \/>\n<meta property=\"og:image\" content=\"https:\/\/bogensportdiscount.ch\/wp-content\/uploads\/bsm-images\/A045537_1.png\" \/>\n\t<meta property=\"og:image:width\" content=\"907\" \/>\n\t<meta property=\"og:image:height\" content=\"559\" \/>\n\t<meta property=\"og:image:type\" content=\"image\/png\" \/>\n<meta name=\"twitter:card\" content=\"summary_large_image\" \/>\n<script type=\"application\/ld+json\" class=\"yoast-schema-graph\">{\"@context\":\"https:\\\/\\\/schema.org\",\"@graph\":[{\"@type\":\"WebPage\",\"@id\":\"https:\\\/\\\/bogensportdiscount.ch\\\/produkt\\\/axcel-visier-ersatzteil-xp-metall-skalenstreifen\\\/\",\"url\":\"https:\\\/\\\/bogensportdiscount.ch\\\/produkt\\\/axcel-visier-ersatzteil-xp-metall-skalenstreifen\\\/\",\"name\":\"AXCEL VISIER TEILE XP METALL VISIER TAPES SKALEN - Bogensportdiscount \u2013 B\u00f6gen, Pfeile, Targets &amp; Zubeh\u00f6r\",\"isPartOf\":{\"@id\":\"https:\\\/\\\/bogensportdiscount.ch\\\/#website\"},\"primaryImageOfPage\":{\"@id\":\"https:\\\/\\\/bogensportdiscount.ch\\\/produkt\\\/axcel-visier-ersatzteil-xp-metall-skalenstreifen\\\/#primaryimage\"},\"image\":{\"@id\":\"https:\\\/\\\/bogensportdiscount.ch\\\/produkt\\\/axcel-visier-ersatzteil-xp-metall-skalenstreifen\\\/#primaryimage\"},\"thumbnailUrl\":\"https:\\\/\\\/bogensportdiscount.ch\\\/wp-content\\\/uploads\\\/bsm-images\\\/A045537_1.png\",\"datePublished\":\"2026-04-05T12:53:19+00:00\",\"dateModified\":\"2026-04-21T06:37:04+00:00\",\"description\":\"AXCEL VISIER TEILE XP METALL VISIER TAPES SKALEN g\u00fcnstig kaufen bei Bogensportdiscount \u2013 Top-Marken, schneller Versand aus der Schweiz.\",\"breadcrumb\":{\"@id\":\"https:\\\/\\\/bogensportdiscount.ch\\\/produkt\\\/axcel-visier-ersatzteil-xp-metall-skalenstreifen\\\/#breadcrumb\"},\"inLanguage\":\"it-IT\",\"potentialAction\":[{\"@type\":\"ReadAction\",\"target\":[\"https:\\\/\\\/bogensportdiscount.ch\\\/produkt\\\/axcel-visier-ersatzteil-xp-metall-skalenstreifen\\\/\"]}]},{\"@type\":\"ImageObject\",\"inLanguage\":\"it-IT\",\"@id\":\"https:\\\/\\\/bogensportdiscount.ch\\\/produkt\\\/axcel-visier-ersatzteil-xp-metall-skalenstreifen\\\/#primaryimage\",\"url\":\"https:\\\/\\\/bogensportdiscount.ch\\\/wp-content\\\/uploads\\\/bsm-images\\\/A045537_1.png\",\"contentUrl\":\"https:\\\/\\\/bogensportdiscount.ch\\\/wp-content\\\/uploads\\\/bsm-images\\\/A045537_1.png\",\"width\":907,\"height\":559},{\"@type\":\"BreadcrumbList\",\"@id\":\"https:\\\/\\\/bogensportdiscount.ch\\\/produkt\\\/axcel-visier-ersatzteil-xp-metall-skalenstreifen\\\/#breadcrumb\",\"itemListElement\":[{\"@type\":\"ListItem\",\"position\":1,\"name\":\"Home\",\"item\":\"https:\\\/\\\/bogensportdiscount.ch\\\/\"},{\"@type\":\"ListItem\",\"position\":2,\"name\":\"Shop\",\"item\":\"https:\\\/\\\/bogensportdiscount.ch\\\/shop\\\/\"},{\"@type\":\"ListItem\",\"position\":3,\"name\":\"AXCEL VISIER TEILE XP METALL VISIER TAPES SKALEN\"}]},{\"@type\":\"WebSite\",\"@id\":\"https:\\\/\\\/bogensportdiscount.ch\\\/#website\",\"url\":\"https:\\\/\\\/bogensportdiscount.ch\\\/\",\"name\":\"Bogensportdiscount\",\"description\":\"\",\"potentialAction\":[{\"@type\":\"SearchAction\",\"target\":{\"@type\":\"EntryPoint\",\"urlTemplate\":\"https:\\\/\\\/bogensportdiscount.ch\\\/?s={search_term_string}\"},\"query-input\":{\"@type\":\"PropertyValueSpecification\",\"valueRequired\":true,\"valueName\":\"search_term_string\"}}],\"inLanguage\":\"it-IT\"}]}<\/script>\n<!-- \/ Yoast SEO plugin. -->","yoast_head_json":{"title":"COMPONENTI PER MIRINI AXCEL XP - NASTRI PER MIRINI IN METALLO CON SCALA - Bogensportdiscount \u2013 Archi, frecce, bersagli e accessori","description":"Acquista a prezzi convenienti le parti per mirini AXCEL XP e i nastri per mirini in metallo su Bogensportdiscount \u2013 Le migliori marche, spedizione veloce dalla Svizzera.","robots":{"index":"index","follow":"follow","max-snippet":"max-snippet:-1","max-image-preview":"max-image-preview:large","max-video-preview":"max-video-preview:-1"},"canonical":"https:\/\/bogensportdiscount.ch\/it\/prodotto\/axcel-visier-ersatzteil-xp-metall-skalenstreifen\/","og_locale":"it_IT","og_type":"article","og_title":"COMPONENTI PER MIRINI AXCEL XP - NASTRI PER MIRINI IN METALLO CON SCALA - Bogensportdiscount \u2013 Archi, frecce, bersagli e accessori","og_description":"Acquista a prezzi convenienti le parti per mirini AXCEL XP e i nastri per mirini in metallo su Bogensportdiscount \u2013 Le migliori marche, spedizione veloce dalla Svizzera.","og_url":"https:\/\/bogensportdiscount.ch\/it\/prodotto\/axcel-visier-ersatzteil-xp-metall-skalenstreifen\/","og_site_name":"Bogensportdiscount \u2013 B\u00f6gen, Pfeile, Targets &amp; Zubeh\u00f6r","article_modified_time":"2026-04-21T06:37:04+00:00","og_image":[{"width":907,"height":559,"url":"https:\/\/bogensportdiscount.ch\/wp-content\/uploads\/bsm-images\/A045537_1.png","type":"image\/png"}],"twitter_card":"summary_large_image","schema":{"@context":"https:\/\/schema.org","@graph":[{"@type":"WebPage","@id":"https:\/\/bogensportdiscount.ch\/produkt\/axcel-visier-ersatzteil-xp-metall-skalenstreifen\/","url":"https:\/\/bogensportdiscount.ch\/produkt\/axcel-visier-ersatzteil-xp-metall-skalenstreifen\/","name":"COMPONENTI PER MIRINI AXCEL XP - NASTRI PER MIRINI IN METALLO CON SCALA - Bogensportdiscount \u2013 Archi, frecce, bersagli e accessori","isPartOf":{"@id":"https:\/\/bogensportdiscount.ch\/#website"},"primaryImageOfPage":{"@id":"https:\/\/bogensportdiscount.ch\/produkt\/axcel-visier-ersatzteil-xp-metall-skalenstreifen\/#primaryimage"},"image":{"@id":"https:\/\/bogensportdiscount.ch\/produkt\/axcel-visier-ersatzteil-xp-metall-skalenstreifen\/#primaryimage"},"thumbnailUrl":"https:\/\/bogensportdiscount.ch\/wp-content\/uploads\/bsm-images\/A045537_1.png","datePublished":"2026-04-05T12:53:19+00:00","dateModified":"2026-04-21T06:37:04+00:00","description":"Acquista a prezzi convenienti le parti per mirini AXCEL XP e i nastri per mirini in metallo su Bogensportdiscount \u2013 Le migliori marche, spedizione veloce dalla Svizzera.","breadcrumb":{"@id":"https:\/\/bogensportdiscount.ch\/produkt\/axcel-visier-ersatzteil-xp-metall-skalenstreifen\/#breadcrumb"},"inLanguage":"it-IT","potentialAction":[{"@type":"ReadAction","target":["https:\/\/bogensportdiscount.ch\/produkt\/axcel-visier-ersatzteil-xp-metall-skalenstreifen\/"]}]},{"@type":"ImageObject","inLanguage":"it-IT","@id":"https:\/\/bogensportdiscount.ch\/produkt\/axcel-visier-ersatzteil-xp-metall-skalenstreifen\/#primaryimage","url":"https:\/\/bogensportdiscount.ch\/wp-content\/uploads\/bsm-images\/A045537_1.png","contentUrl":"https:\/\/bogensportdiscount.ch\/wp-content\/uploads\/bsm-images\/A045537_1.png","width":907,"height":559},{"@type":"BreadcrumbList","@id":"https:\/\/bogensportdiscount.ch\/produkt\/axcel-visier-ersatzteil-xp-metall-skalenstreifen\/#breadcrumb","itemListElement":[{"@type":"ListItem","position":1,"name":"Home","item":"https:\/\/bogensportdiscount.ch\/"},{"@type":"ListItem","position":2,"name":"Shop","item":"https:\/\/bogensportdiscount.ch\/shop\/"},{"@type":"ListItem","position":3,"name":"AXCEL VISIER TEILE XP METALL VISIER TAPES SKALEN"}]},{"@type":"WebSite","@id":"https:\/\/bogensportdiscount.ch\/#website","url":"https:\/\/bogensportdiscount.ch\/","name":"Bogensportdiscount","description":"","potentialAction":[{"@type":"SearchAction","target":{"@type":"EntryPoint","urlTemplate":"https:\/\/bogensportdiscount.ch\/?s={search_term_string}"},"query-input":{"@type":"PropertyValueSpecification","valueRequired":true,"valueName":"search_term_string"}}],"inLanguage":"it-IT"}]}},"_links":{"self":[{"href":"https:\/\/bogensportdiscount.ch\/it\/wp-json\/wp\/v2\/product\/405862","targetHints":{"allow":["GET"]}}],"collection":[{"href":"https:\/\/bogensportdiscount.ch\/it\/wp-json\/wp\/v2\/product"}],"about":[{"href":"https:\/\/bogensportdiscount.ch\/it\/wp-json\/wp\/v2\/types\/product"}],"replies":[{"embeddable":true,"href":"https:\/\/bogensportdiscount.ch\/it\/wp-json\/wp\/v2\/comments?post=405862"}],"wp:featuredmedia":[{"embeddable":true,"href":"https:\/\/bogensportdiscount.ch\/it\/wp-json\/wp\/v2\/media\/450822"}],"wp:attachment":[{"href":"https:\/\/bogensportdiscount.ch\/it\/wp-json\/wp\/v2\/media?parent=405862"}],"wp:term":[{"taxonomy":"product_brand","embeddable":true,"href":"https:\/\/bogensportdiscount.ch\/it\/wp-json\/wp\/v2\/product_brand?post=405862"},{"taxonomy":"product_cat","embeddable":true,"href":"https:\/\/bogensportdiscount.ch\/it\/wp-json\/wp\/v2\/product_cat?post=405862"},{"taxonomy":"product_tag","embeddable":true,"href":"https:\/\/bogensportdiscount.ch\/it\/wp-json\/wp\/v2\/product_tag?post=405862"}],"curies":[{"name":"wp","href":"https:\/\/api.w.org\/{rel}","templated":true}]}}