{"id":405832,"date":"2026-04-05T14:53:15","date_gmt":"2026-04-05T12:53:15","guid":{"rendered":"https:\/\/bogensportdiscount.ch\/produkt\/vanes-griffin-1-black-40-pk\/"},"modified":"2026-04-17T13:46:51","modified_gmt":"2026-04-17T11:46:51","slug":"bohning-vanes-griffin-1-zoll","status":"publish","type":"product","link":"https:\/\/bogensportdiscount.ch\/it\/prodotto\/bohning-vanes-griffin-1-zoll\/","title":{"rendered":"BOHNING PALETTE GRIFFIN 1\u2033 40\/PZ."},"content":{"rendered":"<p>Die Bohning Griffin Vanes in der Gr\u00f6sse 1&#8243; sind Kunststofffl\u00fcgel zur Pfeilbefiederung. Als Produkt des erfahrenen Herstellers Bohning sind sie f\u00fcr die Verwendung auf Standard-Pfeilsch\u00e4ften ausgelegt und lassen sich mit handels\u00fcblichem Befederungskleber aufkleben.<\/p>\n<p>Die Griffin Vanes sind in sieben Farben erh\u00e4ltlich, was eine einfache Identifikation eigener Pfeile auf der Scheibe erm\u00f6glicht und individuelle Anpassungen des Pfeil-Setups erlaubt.<\/p>\n<ul>\n<li>Gr\u00f6sse: 1&#8243; (ca. 2,54 cm)<\/li>\n<li>Material: Kunststoff (Vane)<\/li>\n<li>Verf\u00fcgbare Farben: Schwarz, Blau, Gr\u00fcn, Orange, Pink, Rot, Gelb<\/li>\n<li>Kompatibel mit Standard-Pfeilsch\u00e4ften und g\u00e4ngigen Befiederungsger\u00e4ten<\/li>\n<\/ul>","protected":false},"excerpt":{"rendered":"<p><strong>Marchio:<\/strong> Bohning<\/p>","protected":false},"featured_media":450818,"comment_status":"open","ping_status":"closed","template":"","meta":[],"product_brand":[444],"product_cat":[4552],"product_tag":[],"class_list":{"0":"post-405832","1":"product","2":"type-product","3":"status-publish","4":"has-post-thumbnail","6":"product_brand-bohning","7":"product_cat-plastik-vanes-vanes-nocks-wraps","9":"first","10":"instock","11":"shipping-taxable","12":"purchasable","13":"product-type-variable"},"_links":{"self":[{"href":"https:\/\/bogensportdiscount.ch\/it\/wp-json\/wp\/v2\/product\/405832","targetHints":{"allow":["GET"]}}],"collection":[{"href":"https:\/\/bogensportdiscount.ch\/it\/wp-json\/wp\/v2\/product"}],"about":[{"href":"https:\/\/bogensportdiscount.ch\/it\/wp-json\/wp\/v2\/types\/product"}],"replies":[{"embeddable":true,"href":"https:\/\/bogensportdiscount.ch\/it\/wp-json\/wp\/v2\/comments?post=405832"}],"wp:featuredmedia":[{"embeddable":true,"href":"https:\/\/bogensportdiscount.ch\/it\/wp-json\/wp\/v2\/media\/450818"}],"wp:attachment":[{"href":"https:\/\/bogensportdiscount.ch\/it\/wp-json\/wp\/v2\/media?parent=405832"}],"wp:term":[{"taxonomy":"product_brand","embeddable":true,"href":"https:\/\/bogensportdiscount.ch\/it\/wp-json\/wp\/v2\/product_brand?post=405832"},{"taxonomy":"product_cat","embeddable":true,"href":"https:\/\/bogensportdiscount.ch\/it\/wp-json\/wp\/v2\/product_cat?post=405832"},{"taxonomy":"product_tag","embeddable":true,"href":"https:\/\/bogensportdiscount.ch\/it\/wp-json\/wp\/v2\/product_tag?post=405832"}],"curies":[{"name":"wp","href":"https:\/\/api.w.org\/{rel}","templated":true}]}}