{"id":405757,"date":"2026-04-05T14:53:07","date_gmt":"2026-04-05T12:53:07","guid":{"rendered":"https:\/\/bogensportdiscount.ch\/produkt\/olympic-recurve-tab-classic-hd-brass-with-prime-leather-rh-x-small\/"},"modified":"2026-04-17T13:46:51","modified_gmt":"2026-04-17T11:46:51","slug":"avalon-olympic-recurve-tab-classic-hd-brass-prime-leder","status":"publish","type":"product","link":"https:\/\/bogensportdiscount.ch\/it\/prodotto\/avalon-olympic-recurve-tab-classic-hd-brass-prime-leder\/","title":{"rendered":"AVALON OLYMPIC RECURVE TAB CLASSIC HD OTTONE CON PELLE PRIME LH"},"content":{"rendered":"<p>Der AVALON Classic HD Brass ist ein Fingerschutz-Tab f\u00fcr den Olympic-Recurve-Bogensport. Die Ausf\u00fchrung mit Prime-Leder bietet eine robuste und langlebige Oberfl\u00e4che am Zugfinger-Bereich.<\/p>\n<p>Das Tab ist f\u00fcr Rechts- und Linkshand erh\u00e4ltlich und wird in vier Gr\u00f6ssen (S, M, L, XL) angeboten, sodass eine gute Passform f\u00fcr verschiedene Handgr\u00f6ssen gew\u00e4hrleistet ist.<\/p>\n<ul>\n<li>Prime-Leder-Auflage f\u00fcr angenehmes Zugverhalten<\/li>\n<li>Verf\u00fcgbar f\u00fcr Rechts- und Linkshand<\/li>\n<li>Gr\u00f6ssen S, M, L und XL erh\u00e4ltlich<\/li>\n<li>Ausgelegt f\u00fcr den Olympic-Recurve-Einsatz<\/li>\n<\/ul>","protected":false},"excerpt":{"rendered":"<p>Der AVALON Classic HD Brass ist ein Olympic-Recurve-Tab mit Prime-Leder-Auflage. Erh\u00e4ltlich f\u00fcr Rechts- und Linkshand in den Gr\u00f6ssen S, M, L und XL.<\/p>","protected":false},"featured_media":450811,"comment_status":"open","ping_status":"closed","template":"","meta":[],"product_brand":[449],"product_cat":[4441],"product_tag":[],"class_list":{"0":"post-405757","1":"product","2":"type-product","3":"status-publish","4":"has-post-thumbnail","6":"product_brand-avalon","7":"product_cat-olympic-recurve-tabs-finger-tabs-handschuhe","9":"first","10":"instock","11":"shipping-taxable","12":"purchasable","13":"product-type-variable"},"_links":{"self":[{"href":"https:\/\/bogensportdiscount.ch\/it\/wp-json\/wp\/v2\/product\/405757","targetHints":{"allow":["GET"]}}],"collection":[{"href":"https:\/\/bogensportdiscount.ch\/it\/wp-json\/wp\/v2\/product"}],"about":[{"href":"https:\/\/bogensportdiscount.ch\/it\/wp-json\/wp\/v2\/types\/product"}],"replies":[{"embeddable":true,"href":"https:\/\/bogensportdiscount.ch\/it\/wp-json\/wp\/v2\/comments?post=405757"}],"wp:featuredmedia":[{"embeddable":true,"href":"https:\/\/bogensportdiscount.ch\/it\/wp-json\/wp\/v2\/media\/450811"}],"wp:attachment":[{"href":"https:\/\/bogensportdiscount.ch\/it\/wp-json\/wp\/v2\/media?parent=405757"}],"wp:term":[{"taxonomy":"product_brand","embeddable":true,"href":"https:\/\/bogensportdiscount.ch\/it\/wp-json\/wp\/v2\/product_brand?post=405757"},{"taxonomy":"product_cat","embeddable":true,"href":"https:\/\/bogensportdiscount.ch\/it\/wp-json\/wp\/v2\/product_cat?post=405757"},{"taxonomy":"product_tag","embeddable":true,"href":"https:\/\/bogensportdiscount.ch\/it\/wp-json\/wp\/v2\/product_tag?post=405757"}],"curies":[{"name":"wp","href":"https:\/\/api.w.org\/{rel}","templated":true}]}}