{"id":405669,"date":"2026-04-05T14:52:56","date_gmt":"2026-04-05T12:52:56","guid":{"rendered":"https:\/\/bogensportdiscount.ch\/produkt\/compound-blade-rests-tec-x-short-extension-micro-rh-black\/"},"modified":"2026-04-17T13:46:49","modified_gmt":"2026-04-17T11:46:49","slug":"avalon-compound-pfeilauflage-tec-x-short-extension-micro","status":"publish","type":"product","link":"https:\/\/bogensportdiscount.ch\/it\/prodotto\/avalon-compound-pfeilauflage-tec-x-short-extension-micro\/","title":{"rendered":"LAMA COMPOSTA AVALON RESTS TEC X ESTENSIONE CORTA MICRO"},"content":{"rendered":"<p>Die AVALON Tec X Short Extension Micro ist eine Klingen-Pfeilauflage (Blade Rest) speziell f\u00fcr Compound-B\u00f6gen. Durch die kurze Extension und die Micro-Verstellm\u00f6glichkeit l\u00e4sst sich die Auflage pr\u00e4zise auf den individuellen Setup des Sch\u00fctzen abstimmen.<\/p>\n<p>Das Modell ist sowohl f\u00fcr Rechtshand- als auch f\u00fcr Linkshandsch\u00fctzen erh\u00e4ltlich und deckt damit ein breites Anwendungsspektrum ab.<\/p>\n<ul>\n<li>Blade-Pfeilauflage f\u00fcr Compound-B\u00f6gen<\/li>\n<li>Kurze Extension (Short) mit Micro-Verstellung<\/li>\n<li>Erh\u00e4ltlich f\u00fcr Rechts- und Linkshandsch\u00fctzen<\/li>\n<li>F\u00fcr Training und Wettkampf geeignet<\/li>\n<\/ul>","protected":false},"excerpt":{"rendered":"<p><strong>Marchio:<\/strong> Avalon<\/p>","protected":false},"featured_media":450790,"comment_status":"open","ping_status":"closed","template":"","meta":[],"product_brand":[449],"product_cat":[4363],"product_tag":[],"class_list":{"0":"post-405669","1":"product","2":"type-product","3":"status-publish","4":"has-post-thumbnail","6":"product_brand-avalon","7":"product_cat-compound-blade-pfeilauflage","9":"first","10":"instock","11":"shipping-taxable","12":"purchasable","13":"product-type-variable"},"_links":{"self":[{"href":"https:\/\/bogensportdiscount.ch\/it\/wp-json\/wp\/v2\/product\/405669","targetHints":{"allow":["GET"]}}],"collection":[{"href":"https:\/\/bogensportdiscount.ch\/it\/wp-json\/wp\/v2\/product"}],"about":[{"href":"https:\/\/bogensportdiscount.ch\/it\/wp-json\/wp\/v2\/types\/product"}],"replies":[{"embeddable":true,"href":"https:\/\/bogensportdiscount.ch\/it\/wp-json\/wp\/v2\/comments?post=405669"}],"wp:featuredmedia":[{"embeddable":true,"href":"https:\/\/bogensportdiscount.ch\/it\/wp-json\/wp\/v2\/media\/450790"}],"wp:attachment":[{"href":"https:\/\/bogensportdiscount.ch\/it\/wp-json\/wp\/v2\/media?parent=405669"}],"wp:term":[{"taxonomy":"product_brand","embeddable":true,"href":"https:\/\/bogensportdiscount.ch\/it\/wp-json\/wp\/v2\/product_brand?post=405669"},{"taxonomy":"product_cat","embeddable":true,"href":"https:\/\/bogensportdiscount.ch\/it\/wp-json\/wp\/v2\/product_cat?post=405669"},{"taxonomy":"product_tag","embeddable":true,"href":"https:\/\/bogensportdiscount.ch\/it\/wp-json\/wp\/v2\/product_tag?post=405669"}],"curies":[{"name":"wp","href":"https:\/\/api.w.org\/{rel}","templated":true}]}}