{"id":405322,"date":"2026-04-05T14:52:23","date_gmt":"2026-04-05T12:52:23","guid":{"rendered":"https:\/\/bogensportdiscount.ch\/produkt\/weight-4oz-1-25-dia-black-nitride-stainless-steel\/"},"modified":"2026-04-16T12:28:46","modified_gmt":"2026-04-16T10:28:46","slug":"axcel-stabilisator-gewicht-4oz-125-durchmesser","status":"publish","type":"product","link":"https:\/\/bogensportdiscount.ch\/it\/prodotto\/axcel-stabilisator-gewicht-4oz-125-durchmesser\/","title":{"rendered":"PESO DELL'ASSA 4 oz - 1,25\u2033 di diametro"},"content":{"rendered":"<p>Das Axcel Stabilisator-Gewicht mit 4 oz (ca. 113 g) und 1.25 Zoll Durchmesser erm\u00f6glicht eine pr\u00e4zise Anpassung des Gesamtgewichts und der Balance des Stabilisatorsystems. Es l\u00e4sst sich einfach an kompatiblen Axcel-Stabilisatoren montieren.<\/p>\n<p>Durch das gezielte Hinzuf\u00fcgen oder Entfernen von Gewichten kann die Ausbalancierung des Bogens individuell auf die pers\u00f6nlichen Vorlieben und die jeweilige Disziplin abgestimmt werden. Das Gewicht ist in den USA gefertigt.<\/p>\n<ul>\n<li>Gewicht: 4 oz (ca. 113 g)<\/li>\n<li>Durchmesser: 1.25 Zoll<\/li>\n<li>Prodotto negli Stati Uniti<\/li>\n<li>Zur Feinabstimmung des Stabilisatorsystems<\/li>\n<\/ul>","protected":false},"excerpt":{"rendered":"<p>Stabilisator-Gewicht von Axcel mit einem Gewicht von 4 Unzen (ca. 113 g) und einem Durchmesser von 1.25 Zoll. Geeignet zur Feinjustierung des Balancepunkts am Recurve- oder Compound-Bogen.<\/p>","protected":false},"featured_media":450757,"comment_status":"open","ping_status":"closed","template":"","meta":[],"product_brand":[467],"product_cat":[4199],"product_tag":[],"class_list":{"0":"post-405322","1":"product","2":"type-product","3":"status-publish","4":"has-post-thumbnail","6":"product_brand-axcel","7":"product_cat-gewichte-stabilisation","9":"first","10":"instock","11":"shipping-taxable","12":"purchasable","13":"product-type-variable"},"_links":{"self":[{"href":"https:\/\/bogensportdiscount.ch\/it\/wp-json\/wp\/v2\/product\/405322","targetHints":{"allow":["GET"]}}],"collection":[{"href":"https:\/\/bogensportdiscount.ch\/it\/wp-json\/wp\/v2\/product"}],"about":[{"href":"https:\/\/bogensportdiscount.ch\/it\/wp-json\/wp\/v2\/types\/product"}],"replies":[{"embeddable":true,"href":"https:\/\/bogensportdiscount.ch\/it\/wp-json\/wp\/v2\/comments?post=405322"}],"wp:featuredmedia":[{"embeddable":true,"href":"https:\/\/bogensportdiscount.ch\/it\/wp-json\/wp\/v2\/media\/450757"}],"wp:attachment":[{"href":"https:\/\/bogensportdiscount.ch\/it\/wp-json\/wp\/v2\/media?parent=405322"}],"wp:term":[{"taxonomy":"product_brand","embeddable":true,"href":"https:\/\/bogensportdiscount.ch\/it\/wp-json\/wp\/v2\/product_brand?post=405322"},{"taxonomy":"product_cat","embeddable":true,"href":"https:\/\/bogensportdiscount.ch\/it\/wp-json\/wp\/v2\/product_cat?post=405322"},{"taxonomy":"product_tag","embeddable":true,"href":"https:\/\/bogensportdiscount.ch\/it\/wp-json\/wp\/v2\/product_tag?post=405322"}],"curies":[{"name":"wp","href":"https:\/\/api.w.org\/{rel}","templated":true}]}}