{"id":405319,"date":"2026-04-05T14:52:22","date_gmt":"2026-04-05T12:52:22","guid":{"rendered":"https:\/\/bogensportdiscount.ch\/produkt\/weight-4oz-1-dia-black-nitride-stainless-steel\/"},"modified":"2026-04-17T15:42:21","modified_gmt":"2026-04-17T13:42:21","slug":"axcel-stabilisator-gewicht-4oz-1-zoll","status":"publish","type":"product","link":"https:\/\/bogensportdiscount.ch\/it\/prodotto\/axcel-stabilisator-gewicht-4oz-1-zoll\/","title":{"rendered":"PESO DELL'ASSA 4 oz - 1\u2033 dia"},"content":{"rendered":"<p>Das AXCEL Stabilisator-Gewicht mit 4 Unzen und 1 Zoll Durchmesser erm\u00f6glicht eine pr\u00e4zise Anpassung des Gewichtsausgleichs am Bogen. Durch das Hinzuf\u00fcgen oder Entfernen von Gewichten l\u00e4sst sich das Gleichgewicht des Stabilisatorsystems gezielt auf die individuellen Bed\u00fcrfnisse des Sch\u00fctzen abstimmen.<\/p>\n<p>Das Gewicht eignet sich f\u00fcr g\u00e4ngige Stabilisatoren mit 1-Zoll-Aufnahme und ist aus dem US-amerikanischen Hause AXCEL, einem etablierten Hersteller im Bereich Bogensport-Zubeh\u00f6r.<\/p>\n<ul>\n<li>Gewicht: 4 Unzen (ca. 113 g)<\/li>\n<li>Durchmesser: 1 Zoll (ca. 25,4 mm)<\/li>\n<li>Zur Balance-Feinabstimmung am Stabilisatorsystem<\/li>\n<li>Prodotto negli Stati Uniti<\/li>\n<\/ul>","protected":false},"excerpt":{"rendered":"<p>Stabilisator-Gewicht von AXCEL mit einem Gewicht von 4 Unzen (ca. 113 g) und einem Durchmesser von 1 Zoll. Geeignet zur Feinabstimmung der Stabilisatorbalance beim Bogenschiessen.<\/p>","protected":false},"featured_media":450756,"comment_status":"open","ping_status":"closed","template":"","meta":[],"product_brand":[467],"product_cat":[4199],"product_tag":[],"class_list":{"0":"post-405319","1":"product","2":"type-product","3":"status-publish","4":"has-post-thumbnail","6":"product_brand-axcel","7":"product_cat-gewichte-stabilisation","9":"first","10":"instock","11":"shipping-taxable","12":"purchasable","13":"product-type-variable"},"_links":{"self":[{"href":"https:\/\/bogensportdiscount.ch\/it\/wp-json\/wp\/v2\/product\/405319","targetHints":{"allow":["GET"]}}],"collection":[{"href":"https:\/\/bogensportdiscount.ch\/it\/wp-json\/wp\/v2\/product"}],"about":[{"href":"https:\/\/bogensportdiscount.ch\/it\/wp-json\/wp\/v2\/types\/product"}],"replies":[{"embeddable":true,"href":"https:\/\/bogensportdiscount.ch\/it\/wp-json\/wp\/v2\/comments?post=405319"}],"wp:featuredmedia":[{"embeddable":true,"href":"https:\/\/bogensportdiscount.ch\/it\/wp-json\/wp\/v2\/media\/450756"}],"wp:attachment":[{"href":"https:\/\/bogensportdiscount.ch\/it\/wp-json\/wp\/v2\/media?parent=405319"}],"wp:term":[{"taxonomy":"product_brand","embeddable":true,"href":"https:\/\/bogensportdiscount.ch\/it\/wp-json\/wp\/v2\/product_brand?post=405319"},{"taxonomy":"product_cat","embeddable":true,"href":"https:\/\/bogensportdiscount.ch\/it\/wp-json\/wp\/v2\/product_cat?post=405319"},{"taxonomy":"product_tag","embeddable":true,"href":"https:\/\/bogensportdiscount.ch\/it\/wp-json\/wp\/v2\/product_tag?post=405319"}],"curies":[{"name":"wp","href":"https:\/\/api.w.org\/{rel}","templated":true}]}}