{"id":405316,"date":"2026-04-05T14:52:22","date_gmt":"2026-04-05T12:52:22","guid":{"rendered":"https:\/\/bogensportdiscount.ch\/produkt\/weight-3oz-1-50-dia-black-nitride-stainless-steel\/"},"modified":"2026-04-17T15:42:21","modified_gmt":"2026-04-17T13:42:21","slug":"axcel-stabilisator-gewicht-3oz-38mm","status":"publish","type":"product","link":"https:\/\/bogensportdiscount.ch\/it\/prodotto\/axcel-stabilisator-gewicht-3oz-38mm\/","title":{"rendered":"PESO DELL'ASSA 3 oz - 1,50\u2033 diametro"},"content":{"rendered":"<p>Das AXCEL Stabilisator-Gewicht mit 3 oz erm\u00f6glicht eine gezielte Anpassung des Gesamtgewichts und der Ausbalancierung am Stabilisatorsystem. Mit einem Durchmesser von 1.50&#8243; passt es zu g\u00e4ngigen Stabilisatoren dieser Gr\u00f6sse.<\/p>\n<p>Zusatzgewichte wie dieses werden eingesetzt, um den Schwingungsd\u00e4mpfer oder Stabilisator auf die pers\u00f6nlichen Pr\u00e4ferenzen des Sch\u00fctzen abzustimmen \u2013 sowohl beim Training als auch im Wettkampf.<\/p>\n<ul>\n<li>Gewicht: 3 oz (ca. 85 g)<\/li>\n<li>Durchmesser: 1.50&#8243; (ca. 38 mm)<\/li>\n<li>Prodotto negli Stati Uniti<\/li>\n<li>Kompatibel mit Stabilisatoren im entsprechenden Durchmesser<\/li>\n<\/ul>","protected":false},"excerpt":{"rendered":"<p>Stabilisator-Gewicht von AXCEL mit einem Gewicht von 3 Unzen (ca. 85 g) und einem Durchmesser von 1.50&#8243; (ca. 38 mm). Geeignet zur Feinabstimmung der Balance am Recurve- oder Compound-Bogen.<\/p>","protected":false},"featured_media":450754,"comment_status":"open","ping_status":"closed","template":"","meta":[],"product_brand":[467],"product_cat":[4199],"product_tag":[],"class_list":{"0":"post-405316","1":"product","2":"type-product","3":"status-publish","4":"has-post-thumbnail","6":"product_brand-axcel","7":"product_cat-gewichte-stabilisation","9":"first","10":"instock","11":"shipping-taxable","12":"purchasable","13":"product-type-variable"},"_links":{"self":[{"href":"https:\/\/bogensportdiscount.ch\/it\/wp-json\/wp\/v2\/product\/405316","targetHints":{"allow":["GET"]}}],"collection":[{"href":"https:\/\/bogensportdiscount.ch\/it\/wp-json\/wp\/v2\/product"}],"about":[{"href":"https:\/\/bogensportdiscount.ch\/it\/wp-json\/wp\/v2\/types\/product"}],"replies":[{"embeddable":true,"href":"https:\/\/bogensportdiscount.ch\/it\/wp-json\/wp\/v2\/comments?post=405316"}],"wp:featuredmedia":[{"embeddable":true,"href":"https:\/\/bogensportdiscount.ch\/it\/wp-json\/wp\/v2\/media\/450754"}],"wp:attachment":[{"href":"https:\/\/bogensportdiscount.ch\/it\/wp-json\/wp\/v2\/media?parent=405316"}],"wp:term":[{"taxonomy":"product_brand","embeddable":true,"href":"https:\/\/bogensportdiscount.ch\/it\/wp-json\/wp\/v2\/product_brand?post=405316"},{"taxonomy":"product_cat","embeddable":true,"href":"https:\/\/bogensportdiscount.ch\/it\/wp-json\/wp\/v2\/product_cat?post=405316"},{"taxonomy":"product_tag","embeddable":true,"href":"https:\/\/bogensportdiscount.ch\/it\/wp-json\/wp\/v2\/product_tag?post=405316"}],"curies":[{"name":"wp","href":"https:\/\/api.w.org\/{rel}","templated":true}]}}