{"id":405310,"date":"2026-04-05T14:52:21","date_gmt":"2026-04-05T12:52:21","guid":{"rendered":"https:\/\/bogensportdiscount.ch\/produkt\/weight-2oz-1-25-dia-black-nitride-stainless-steel\/"},"modified":"2026-04-17T15:42:21","modified_gmt":"2026-04-17T13:42:21","slug":"axcel-stabilisatorgewicht-2oz-125-durchmesser","status":"publish","type":"product","link":"https:\/\/bogensportdiscount.ch\/it\/prodotto\/axcel-stabilisatorgewicht-2oz-125-durchmesser\/","title":{"rendered":"PESO DELL'ASSA 2 oz - 1,25\u2033 diametro"},"content":{"rendered":"<p>Das AXCEL Stabilisatorgewicht mit 2 oz Gewicht und 1.25 Zoll Durchmesser erm\u00f6glicht eine gezielte Anpassung des Gleichgewichts am Bogenstabilisator. Durch das Hinzuf\u00fcgen oder Entfernen von Gewichten l\u00e4sst sich die Haltecharakteristik des Bogens individuell einstellen.<\/p>\n<p>Das Gewicht ist kompatibel mit Stabilisatoren, die einen Gewindeanschluss f\u00fcr 1.25 Zoll Gewichte vorsehen, und eignet sich f\u00fcr den Einsatz im Training sowie im Wettkampf.<\/p>\n<ul>\n<li>Gewicht: 2 oz (ca. 57 g)<\/li>\n<li>Durchmesser: 1.25 Zoll<\/li>\n<li>Prodotto negli Stati Uniti<\/li>\n<li>Geeignet f\u00fcr Recurve und Compound<\/li>\n<\/ul>","protected":false},"excerpt":{"rendered":"<p>Stabilisatorgewicht von AXCEL mit einem Gewicht von 2 oz (ca. 57 g) und einem Durchmesser von 1.25 Zoll. Geeignet zur Feinabstimmung der Ausbalancierung am Recurve- oder Compound-Bogen.<\/p>","protected":false},"featured_media":450752,"comment_status":"open","ping_status":"closed","template":"","meta":[],"product_brand":[467],"product_cat":[4199],"product_tag":[],"class_list":{"0":"post-405310","1":"product","2":"type-product","3":"status-publish","4":"has-post-thumbnail","6":"product_brand-axcel","7":"product_cat-gewichte-stabilisation","9":"first","10":"instock","11":"shipping-taxable","12":"purchasable","13":"product-type-variable"},"_links":{"self":[{"href":"https:\/\/bogensportdiscount.ch\/it\/wp-json\/wp\/v2\/product\/405310","targetHints":{"allow":["GET"]}}],"collection":[{"href":"https:\/\/bogensportdiscount.ch\/it\/wp-json\/wp\/v2\/product"}],"about":[{"href":"https:\/\/bogensportdiscount.ch\/it\/wp-json\/wp\/v2\/types\/product"}],"replies":[{"embeddable":true,"href":"https:\/\/bogensportdiscount.ch\/it\/wp-json\/wp\/v2\/comments?post=405310"}],"wp:featuredmedia":[{"embeddable":true,"href":"https:\/\/bogensportdiscount.ch\/it\/wp-json\/wp\/v2\/media\/450752"}],"wp:attachment":[{"href":"https:\/\/bogensportdiscount.ch\/it\/wp-json\/wp\/v2\/media?parent=405310"}],"wp:term":[{"taxonomy":"product_brand","embeddable":true,"href":"https:\/\/bogensportdiscount.ch\/it\/wp-json\/wp\/v2\/product_brand?post=405310"},{"taxonomy":"product_cat","embeddable":true,"href":"https:\/\/bogensportdiscount.ch\/it\/wp-json\/wp\/v2\/product_cat?post=405310"},{"taxonomy":"product_tag","embeddable":true,"href":"https:\/\/bogensportdiscount.ch\/it\/wp-json\/wp\/v2\/product_tag?post=405310"}],"curies":[{"name":"wp","href":"https:\/\/api.w.org\/{rel}","templated":true}]}}