{"id":405307,"date":"2026-04-05T14:52:20","date_gmt":"2026-04-05T12:52:20","guid":{"rendered":"https:\/\/bogensportdiscount.ch\/produkt\/weight-2oz-1-dia-black-nitride-stainless-steel\/"},"modified":"2026-04-17T15:42:21","modified_gmt":"2026-04-17T13:42:21","slug":"axcel-stabilisatorgewicht-2oz-1-zoll-durchmesser","status":"publish","type":"product","link":"https:\/\/bogensportdiscount.ch\/it\/prodotto\/axcel-stabilisatorgewicht-2oz-1-zoll-durchmesser\/","title":{"rendered":"PESO DELL'ASSA 2 oz - 1\u2033 dia"},"content":{"rendered":"<p>Das AXCEL Stabilisatorgewicht mit 2 oz Gewicht und 1 Zoll Durchmesser erm\u00f6glicht eine gezielte Anpassung der Balance am Bogenstabilisator. Durch das Hinzuf\u00fcgen oder Entfernen von Gewichten l\u00e4sst sich der Schwerpunkt des Bogensystems pr\u00e4zise einstellen.<\/p>\n<p>Das Gewicht ist in den USA gefertigt und f\u00fcr den Einsatz an g\u00e4ngigen Stabilisatorsystemen mit 1-Zoll-Durchmesser ausgelegt.<\/p>\n<ul>\n<li>Gewicht: 2 oz (ca. 57 g)<\/li>\n<li>Durchmesser: 1 Zoll<\/li>\n<li>Prodotto negli Stati Uniti<\/li>\n<li>Zur Feinabstimmung des Stabilisatorsystems<\/li>\n<\/ul>","protected":false},"excerpt":{"rendered":"<p>Stabilisatorgewicht von AXCEL mit einem Gewicht von 2 oz (ca. 57 g) und einem Durchmesser von 1 Zoll. Geeignet zur Feinabstimmung des Gleichgewichts am Stabilisatorsystem.<\/p>","protected":false},"featured_media":450749,"comment_status":"open","ping_status":"closed","template":"","meta":[],"product_brand":[467],"product_cat":[4199],"product_tag":[],"class_list":{"0":"post-405307","1":"product","2":"type-product","3":"status-publish","4":"has-post-thumbnail","6":"product_brand-axcel","7":"product_cat-gewichte-stabilisation","9":"first","10":"instock","11":"shipping-taxable","12":"purchasable","13":"product-type-variable"},"_links":{"self":[{"href":"https:\/\/bogensportdiscount.ch\/it\/wp-json\/wp\/v2\/product\/405307","targetHints":{"allow":["GET"]}}],"collection":[{"href":"https:\/\/bogensportdiscount.ch\/it\/wp-json\/wp\/v2\/product"}],"about":[{"href":"https:\/\/bogensportdiscount.ch\/it\/wp-json\/wp\/v2\/types\/product"}],"replies":[{"embeddable":true,"href":"https:\/\/bogensportdiscount.ch\/it\/wp-json\/wp\/v2\/comments?post=405307"}],"wp:featuredmedia":[{"embeddable":true,"href":"https:\/\/bogensportdiscount.ch\/it\/wp-json\/wp\/v2\/media\/450749"}],"wp:attachment":[{"href":"https:\/\/bogensportdiscount.ch\/it\/wp-json\/wp\/v2\/media?parent=405307"}],"wp:term":[{"taxonomy":"product_brand","embeddable":true,"href":"https:\/\/bogensportdiscount.ch\/it\/wp-json\/wp\/v2\/product_brand?post=405307"},{"taxonomy":"product_cat","embeddable":true,"href":"https:\/\/bogensportdiscount.ch\/it\/wp-json\/wp\/v2\/product_cat?post=405307"},{"taxonomy":"product_tag","embeddable":true,"href":"https:\/\/bogensportdiscount.ch\/it\/wp-json\/wp\/v2\/product_tag?post=405307"}],"curies":[{"name":"wp","href":"https:\/\/api.w.org\/{rel}","templated":true}]}}