{"id":405302,"date":"2026-04-05T14:52:19","date_gmt":"2026-04-05T12:52:19","guid":{"rendered":"https:\/\/bogensportdiscount.ch\/produkt\/weight-1oz-1-dia-black-nitride-stainless-steel-3-pk\/"},"modified":"2026-04-16T12:28:47","modified_gmt":"2026-04-16T10:28:47","slug":"axcel-stabilisator-gewicht-1oz-1-zoll","status":"publish","type":"product","link":"https:\/\/bogensportdiscount.ch\/it\/prodotto\/axcel-stabilisator-gewicht-1oz-1-zoll\/","title":{"rendered":"PESO DELL'ASSA 1oz - 1\u2033 dia"},"content":{"rendered":"<p>Das Axcel Stabilisator-Gewicht mit 1 oz und 1 Zoll Durchmesser erm\u00f6glicht die gezielte Anpassung der Gewichtsverteilung am Stabilisator. Durch das Hinzuf\u00fcgen oder Entfernen von Gewichten l\u00e4sst sich das Gleichgewicht des Bogens individuell einstellen.<\/p>\n<p>Das Gewicht ist f\u00fcr Stabilisatoren mit einem Durchmesser von 1 Zoll ausgelegt und f\u00fcgt sich nahtlos in kompatible Axcel-Stabilisatorsysteme ein.<\/p>\n<ul>\n<li>Gewicht: 1 oz<\/li>\n<li>Durchmesser: 1 Zoll (25,4 mm)<\/li>\n<li>Zur Feinabstimmung des Stabilisator-Gleichgewichts<\/li>\n<li>Kompatibel mit passenden Axcel-Stabilisatoren<\/li>\n<\/ul>","protected":false},"excerpt":{"rendered":"<p><strong>Marchio:<\/strong> Axcel<\/p>","protected":false},"featured_media":450748,"comment_status":"open","ping_status":"closed","template":"","meta":[],"product_brand":[467],"product_cat":[4199],"product_tag":[],"class_list":{"0":"post-405302","1":"product","2":"type-product","3":"status-publish","4":"has-post-thumbnail","6":"product_brand-axcel","7":"product_cat-gewichte-stabilisation","9":"first","10":"instock","11":"shipping-taxable","12":"purchasable","13":"product-type-variable"},"_links":{"self":[{"href":"https:\/\/bogensportdiscount.ch\/it\/wp-json\/wp\/v2\/product\/405302","targetHints":{"allow":["GET"]}}],"collection":[{"href":"https:\/\/bogensportdiscount.ch\/it\/wp-json\/wp\/v2\/product"}],"about":[{"href":"https:\/\/bogensportdiscount.ch\/it\/wp-json\/wp\/v2\/types\/product"}],"replies":[{"embeddable":true,"href":"https:\/\/bogensportdiscount.ch\/it\/wp-json\/wp\/v2\/comments?post=405302"}],"wp:featuredmedia":[{"embeddable":true,"href":"https:\/\/bogensportdiscount.ch\/it\/wp-json\/wp\/v2\/media\/450748"}],"wp:attachment":[{"href":"https:\/\/bogensportdiscount.ch\/it\/wp-json\/wp\/v2\/media?parent=405302"}],"wp:term":[{"taxonomy":"product_brand","embeddable":true,"href":"https:\/\/bogensportdiscount.ch\/it\/wp-json\/wp\/v2\/product_brand?post=405302"},{"taxonomy":"product_cat","embeddable":true,"href":"https:\/\/bogensportdiscount.ch\/it\/wp-json\/wp\/v2\/product_cat?post=405302"},{"taxonomy":"product_tag","embeddable":true,"href":"https:\/\/bogensportdiscount.ch\/it\/wp-json\/wp\/v2\/product_tag?post=405302"}],"curies":[{"name":"wp","href":"https:\/\/api.w.org\/{rel}","templated":true}]}}