{"id":405298,"date":"2026-04-05T14:52:19","date_gmt":"2026-04-05T12:52:19","guid":{"rendered":"https:\/\/bogensportdiscount.ch\/produkt\/weight-0-3oz-aluminum-1-dia-black\/"},"modified":"2026-04-17T13:46:45","modified_gmt":"2026-04-17T11:46:45","slug":"axcel-gewicht-03oz-aluminium-1-zoll-durchmesser","status":"publish","type":"product","link":"https:\/\/bogensportdiscount.ch\/it\/produkt\/axcel-gewicht-03oz-aluminium-1-zoll-durchmesser\/","title":{"rendered":"AXCEL WEIGHT 0.3oz ALUMINUM &#8211; 1&#8243; dia"},"content":{"rendered":"<p>Das AXCEL Aluminium-Gewicht mit 0.3 oz ist ein Zubeh\u00f6rteil f\u00fcr Bogensport-Stabilisatoren. Dank des standardisierten Durchmessers von 1 Zoll ist es mit g\u00e4ngigen Stabilisatorsystemen kompatibel und erm\u00f6glicht eine individuelle Anpassung des Gewichtsausgleichs am Bogen.<\/p>\n<p>Das Gewicht ist aus Aluminium gefertigt, was eine solide Verarbeitung bei geringem Eigengewicht sicherstellt. Es ist in den Farben Schwarz, Gr\u00fcn und Silber erh\u00e4ltlich, sodass es sich farblich an bestehende Stabilisator-Setups anpassen l\u00e4sst.<\/p>\n<ul>\n<li>Material: Aluminium<\/li>\n<li>Gewicht: 0.3 oz<\/li>\n<li>Durchmesser: 1 Zoll (25.4 mm)<\/li>\n<li>Erh\u00e4ltlich in Schwarz, Gr\u00fcn und Silber<\/li>\n<\/ul>","protected":false},"excerpt":{"rendered":"<p><strong>Marchio:<\/strong> Axcel<\/p>","protected":false},"featured_media":450747,"comment_status":"open","ping_status":"closed","template":"","meta":[],"product_brand":[467],"product_cat":[4199],"product_tag":[],"class_list":{"0":"post-405298","1":"product","2":"type-product","3":"status-publish","4":"has-post-thumbnail","6":"product_brand-axcel","7":"product_cat-gewichte-stabilisation","9":"first","10":"instock","11":"shipping-taxable","12":"purchasable","13":"product-type-variable"},"_links":{"self":[{"href":"https:\/\/bogensportdiscount.ch\/it\/wp-json\/wp\/v2\/product\/405298","targetHints":{"allow":["GET"]}}],"collection":[{"href":"https:\/\/bogensportdiscount.ch\/it\/wp-json\/wp\/v2\/product"}],"about":[{"href":"https:\/\/bogensportdiscount.ch\/it\/wp-json\/wp\/v2\/types\/product"}],"replies":[{"embeddable":true,"href":"https:\/\/bogensportdiscount.ch\/it\/wp-json\/wp\/v2\/comments?post=405298"}],"wp:featuredmedia":[{"embeddable":true,"href":"https:\/\/bogensportdiscount.ch\/it\/wp-json\/wp\/v2\/media\/450747"}],"wp:attachment":[{"href":"https:\/\/bogensportdiscount.ch\/it\/wp-json\/wp\/v2\/media?parent=405298"}],"wp:term":[{"taxonomy":"product_brand","embeddable":true,"href":"https:\/\/bogensportdiscount.ch\/it\/wp-json\/wp\/v2\/product_brand?post=405298"},{"taxonomy":"product_cat","embeddable":true,"href":"https:\/\/bogensportdiscount.ch\/it\/wp-json\/wp\/v2\/product_cat?post=405298"},{"taxonomy":"product_tag","embeddable":true,"href":"https:\/\/bogensportdiscount.ch\/it\/wp-json\/wp\/v2\/product_tag?post=405298"}],"curies":[{"name":"wp","href":"https:\/\/api.w.org\/{rel}","templated":true}]}}