{"id":404992,"date":"2026-04-05T14:51:49","date_gmt":"2026-04-05T12:51:49","guid":{"rendered":"https:\/\/bogensportdiscount.ch\/produkt\/nock-collars-id3-2-alu-7075-skylon-for-perf-prec-paragon-premin-850-1000-12-pk\/"},"modified":"2026-04-17T13:46:42","modified_gmt":"2026-04-17T11:46:42","slug":"skylon-nock-collars-id32-alu-7075","status":"publish","type":"product","link":"https:\/\/bogensportdiscount.ch\/it\/prodotto\/skylon-nock-collars-id32-alu-7075\/","title":{"rendered":"COLLARI A NOCCO ID3.2 ALU-7075 SKYLON per 12\/pz."},"content":{"rendered":"<p>Die SKYLON Nock Collars ID3.2 sind Adapter-Eins\u00e4tze aus der hochwertigen Aluminium-Legierung 7075, die am hinteren Ende des Pfeilschafts eingesetzt werden. Sie erm\u00f6glichen die sichere Befestigung von Nocken mit einem Innendurchmesser von 3.2 mm an kompatiblen Pfeilsch\u00e4ften.<\/p>\n<p>Die Collars sind in verschiedenen Spine-St\u00e4rken erh\u00e4ltlich (350, 400, 450, 550, 650, 750, 850) und lassen sich so auf unterschiedliche Pfeilgewichte und Zuggewichte abstimmen. Die Verwendung von Alu-7075 sorgt f\u00fcr eine robuste und langlebige Konstruktion bei geringem Gewicht.<\/p>\n<ul>\n<li>Innendurchmesser: 3.2 mm (ID3.2)<\/li>\n<li>Material: Aluminium-Legierung 7075<\/li>\n<li>Erh\u00e4ltlich in 7 Spine-St\u00e4rken (350\u2013850)<\/li>\n<li>Passend f\u00fcr SKYLON-Pfeilsch\u00e4fte<\/li>\n<\/ul>","protected":false},"excerpt":{"rendered":"<p><strong>Marchio:<\/strong> Skylon<\/p>","protected":false},"featured_media":450720,"comment_status":"open","ping_status":"closed","template":"","meta":[],"product_brand":[457],"product_cat":[4551],"product_tag":[],"class_list":{"0":"post-404992","1":"product","2":"type-product","3":"status-publish","4":"has-post-thumbnail","6":"product_brand-skylon","7":"product_cat-collars","9":"first","10":"instock","11":"shipping-taxable","12":"purchasable","13":"product-type-variable"},"_links":{"self":[{"href":"https:\/\/bogensportdiscount.ch\/it\/wp-json\/wp\/v2\/product\/404992","targetHints":{"allow":["GET"]}}],"collection":[{"href":"https:\/\/bogensportdiscount.ch\/it\/wp-json\/wp\/v2\/product"}],"about":[{"href":"https:\/\/bogensportdiscount.ch\/it\/wp-json\/wp\/v2\/types\/product"}],"replies":[{"embeddable":true,"href":"https:\/\/bogensportdiscount.ch\/it\/wp-json\/wp\/v2\/comments?post=404992"}],"wp:featuredmedia":[{"embeddable":true,"href":"https:\/\/bogensportdiscount.ch\/it\/wp-json\/wp\/v2\/media\/450720"}],"wp:attachment":[{"href":"https:\/\/bogensportdiscount.ch\/it\/wp-json\/wp\/v2\/media?parent=404992"}],"wp:term":[{"taxonomy":"product_brand","embeddable":true,"href":"https:\/\/bogensportdiscount.ch\/it\/wp-json\/wp\/v2\/product_brand?post=404992"},{"taxonomy":"product_cat","embeddable":true,"href":"https:\/\/bogensportdiscount.ch\/it\/wp-json\/wp\/v2\/product_cat?post=404992"},{"taxonomy":"product_tag","embeddable":true,"href":"https:\/\/bogensportdiscount.ch\/it\/wp-json\/wp\/v2\/product_tag?post=404992"}],"curies":[{"name":"wp","href":"https:\/\/api.w.org\/{rel}","templated":true}]}}