{"id":404816,"date":"2026-04-05T14:51:34","date_gmt":"2026-04-05T12:51:34","guid":{"rendered":"https:\/\/bogensportdiscount.ch\/produkt\/limbs-ilf-miracle-x9-fiber-foam-25-66-16-lbs-23-64-18-lbs\/"},"modified":"2026-04-17T13:46:41","modified_gmt":"2026-04-17T11:46:41","slug":"sanlida-wurfarme-ilf-miracle-x9-fiber-foam-25","status":"publish","type":"product","link":"https:\/\/bogensportdiscount.ch\/it\/prodotto\/sanlida-wurfarme-ilf-miracle-x9-fiber-foam-25\/","title":{"rendered":"SANLIDA LIMBS ILF MIRACLE X9 FIBRA ESPANSA 25\u2033 LBS"},"content":{"rendered":"<p>Die SANLIDA Miracle X9 Wurfarme in der L\u00e4nge 25&#8243; sind nach dem ILF-Standard (International Limb Fitting) gefertigt und lassen sich mit jedem ILF-kompatiblen Recurvebogen-Mittelst\u00fcck kombinieren. Der Aufbau aus Fiber-Foam-Laminat sorgt f\u00fcr ein ausgewogenes Verh\u00e4ltnis zwischen Flexibilit\u00e4t und Stabilit\u00e4t.<\/p>\n<p>Die Wurfarme sind in drei Bogenl\u00e4ngen (66&#8243;, 68&#8243; und 70&#8243;) sowie in einem breiten Zuggewichtsbereich von 16 bis 46 lbs erh\u00e4ltlich, was sie sowohl f\u00fcr Einsteiger als auch f\u00fcr fortgeschrittene Sch\u00fctzinnen und Sch\u00fctzen geeignet macht.<\/p>\n<ul>\n<li>ILF-Standard \u2014 kompatibel mit g\u00e4ngigen Mittelst\u00fccken<\/li>\n<li>Fiber-Foam-Laminat-Konstruktion<\/li>\n<li>Breites Zuggewichtsspektrum: 16\u201346 lbs<\/li>\n<li>Erh\u00e4ltlich in 66&#8243;, 68&#8243; und 70&#8243; Bogenl\u00e4nge<\/li>\n<\/ul>","protected":false},"excerpt":{"rendered":"<p><strong>Marchio:<\/strong> Sanlida<br \/><strong>Materiale:<\/strong> Fiber foam<\/p>","protected":false},"featured_media":450689,"comment_status":"open","ping_status":"closed","template":"","meta":[],"product_brand":[459],"product_cat":[4520],"product_tag":[],"class_list":{"0":"post-404816","1":"product","2":"type-product","3":"status-publish","4":"has-post-thumbnail","6":"product_brand-sanlida","7":"product_cat-recurve-wurfarme-recurve-boegen","9":"first","10":"instock","11":"shipping-taxable","12":"purchasable","13":"product-type-variable"},"_links":{"self":[{"href":"https:\/\/bogensportdiscount.ch\/it\/wp-json\/wp\/v2\/product\/404816","targetHints":{"allow":["GET"]}}],"collection":[{"href":"https:\/\/bogensportdiscount.ch\/it\/wp-json\/wp\/v2\/product"}],"about":[{"href":"https:\/\/bogensportdiscount.ch\/it\/wp-json\/wp\/v2\/types\/product"}],"replies":[{"embeddable":true,"href":"https:\/\/bogensportdiscount.ch\/it\/wp-json\/wp\/v2\/comments?post=404816"}],"wp:featuredmedia":[{"embeddable":true,"href":"https:\/\/bogensportdiscount.ch\/it\/wp-json\/wp\/v2\/media\/450689"}],"wp:attachment":[{"href":"https:\/\/bogensportdiscount.ch\/it\/wp-json\/wp\/v2\/media?parent=404816"}],"wp:term":[{"taxonomy":"product_brand","embeddable":true,"href":"https:\/\/bogensportdiscount.ch\/it\/wp-json\/wp\/v2\/product_brand?post=404816"},{"taxonomy":"product_cat","embeddable":true,"href":"https:\/\/bogensportdiscount.ch\/it\/wp-json\/wp\/v2\/product_cat?post=404816"},{"taxonomy":"product_tag","embeddable":true,"href":"https:\/\/bogensportdiscount.ch\/it\/wp-json\/wp\/v2\/product_tag?post=404816"}],"curies":[{"name":"wp","href":"https:\/\/api.w.org\/{rel}","templated":true}]}}