{"id":404653,"date":"2026-04-05T14:51:20","date_gmt":"2026-04-05T12:51:20","guid":{"rendered":"https:\/\/bogensportdiscount.ch\/produkt\/3d-target-rock-partridge-hen-l27-x-w12-x-h25cm-group-4\/"},"modified":"2026-04-17T13:46:39","modified_gmt":"2026-04-17T11:46:39","slug":"beier-3d-ziel-rebhuhn-henne-l25-b12-h27cm-gruppe-4","status":"publish","type":"product","link":"https:\/\/bogensportdiscount.ch\/it\/prodotto\/beier-3d-ziel-rebhuhn-henne-l25-b12-h27cm-gruppe-4\/","title":{"rendered":"BEIER 3D TARGET ROCK PARTRIDGE - HEN : L27 x L12 x H25cm GRUPPO 4"},"content":{"rendered":"<p>Das BEIER 3D-Ziel Rebhuhn \u2013 Henne ist eine realistische Tiernachbildung f\u00fcr den 3D-Bogensport. Das Ziel stellt eine Henne in naturgetreuer Gr\u00f6sse dar (L25 x B12 x H27 cm) und ist der Gruppe 4 der g\u00e4ngigen 3D-Bogensport-Klassifikation zugeordnet.<\/p>\n<p>Das Ziel ist mit einem auswechselbaren Einschusseinsatz in zwei Gr\u00f6ssen (5 cm oder 7 cm) erh\u00e4ltlich, was unterschiedliche Schwierigkeitsgrade beim Training oder auf dem Parcours erm\u00f6glicht. Die Konstruktion aus strapazierf\u00e4higem Schaumstoff sorgt f\u00fcr eine lange Lebensdauer auch bei regelm\u00e4ssigem Einsatz.<\/p>\n<ul>\n<li>Naturgetreue Darstellung eines Rebhuhns (Henne)<\/li>\n<li>Masse: L25 x B12 x H27 cm \u2013 Gruppe 4<\/li>\n<li>Auswechselbarer Einschusseinsatz: 5 cm oder 7 cm<\/li>\n<li>Geeignet f\u00fcr Training und 3D-Bogensport-Turniere<\/li>\n<\/ul>","protected":false},"excerpt":{"rendered":"<p><strong>Marchio:<\/strong> Beier<\/p>","protected":false},"featured_media":450653,"comment_status":"open","ping_status":"closed","template":"","meta":[],"product_brand":[831],"product_cat":[4148],"product_tag":[],"class_list":{"0":"post-404653","1":"product","2":"type-product","3":"status-publish","4":"has-post-thumbnail","6":"product_brand-beier","7":"product_cat-voegel-3d-ziele-ziele-auflagen","9":"first","10":"instock","11":"shipping-taxable","12":"purchasable","13":"product-type-variable"},"_links":{"self":[{"href":"https:\/\/bogensportdiscount.ch\/it\/wp-json\/wp\/v2\/product\/404653","targetHints":{"allow":["GET"]}}],"collection":[{"href":"https:\/\/bogensportdiscount.ch\/it\/wp-json\/wp\/v2\/product"}],"about":[{"href":"https:\/\/bogensportdiscount.ch\/it\/wp-json\/wp\/v2\/types\/product"}],"replies":[{"embeddable":true,"href":"https:\/\/bogensportdiscount.ch\/it\/wp-json\/wp\/v2\/comments?post=404653"}],"wp:featuredmedia":[{"embeddable":true,"href":"https:\/\/bogensportdiscount.ch\/it\/wp-json\/wp\/v2\/media\/450653"}],"wp:attachment":[{"href":"https:\/\/bogensportdiscount.ch\/it\/wp-json\/wp\/v2\/media?parent=404653"}],"wp:term":[{"taxonomy":"product_brand","embeddable":true,"href":"https:\/\/bogensportdiscount.ch\/it\/wp-json\/wp\/v2\/product_brand?post=404653"},{"taxonomy":"product_cat","embeddable":true,"href":"https:\/\/bogensportdiscount.ch\/it\/wp-json\/wp\/v2\/product_cat?post=404653"},{"taxonomy":"product_tag","embeddable":true,"href":"https:\/\/bogensportdiscount.ch\/it\/wp-json\/wp\/v2\/product_tag?post=404653"}],"curies":[{"name":"wp","href":"https:\/\/api.w.org\/{rel}","templated":true}]}}