{"id":404542,"date":"2026-04-05T14:51:12","date_gmt":"2026-04-05T12:51:12","guid":{"rendered":"https:\/\/bogensportdiscount.ch\/produkt\/arrows-ebony-id5-2-350-33-feather-4-in-nock-insert-12-pk\/"},"modified":"2026-05-14T15:26:14","modified_gmt":"2026-05-14T13:26:14","slug":"skylon-holzpfeile-ebony-id52-350-33-feder-4-in-nock-einsatz-12er-pack","status":"publish","type":"product","link":"https:\/\/bogensportdiscount.ch\/it\/prodotto\/skylon-holzpfeile-ebony-id52-350-33-feder-4-in-nock-einsatz-12er-pack\/","title":{"rendered":"FRECCE SKYLON EBANO ID5.2 \/ 33\u2033 PIUMA 4\u2033 \/ IN-NOCK \/ INSERTO 12\/PK"},"content":{"rendered":"<p>Le frecce SKYLON Ebony della serie ID5.2 sono frecce pronte all'uso per il tiro con l'arco tradizionale. Con una lunghezza di 33&#8243; e un diametro interno di 5.2 mm, si rivolgono ad arcieri che puntano su frecce in legno con rigidit\u00e0 spine definita. Disponibili in diverse rigidit\u00e0 spine (350, 400, 500, 600, 700) per diversi libraggi.<\/p>\n<p>Jeder Pfeil ist ab Werk vollst\u00e4ndig ausgestattet: 4&#8243;-Naturfedern, eine eingebaute In-Nock sowie ein Insert sind bereits montiert. Das 12er-Pack bietet eine wirtschaftliche M\u00f6glichkeit, den K\u00f6cher mit aufeinander abgestimmten Pfeilen zu best\u00fccken.<\/p>\n<ul>\n<li>Pronta al montaggio con penna da 4&#8243;, In-Nock e insert<\/li>\n<li>Lunghezza: 33&#8243; | Diametro interno: ID5.2<\/li>\n<li>Disponibile in spine 350, 400, 500, 600 e 700<\/li>\n<li>12 frecce per confezione<\/li>\n<\/ul>","protected":false},"excerpt":{"rendered":"<table>\n<tr>\n<th>Propriet\u00e0<\/th>\n<th>Valore<\/th>\n<\/tr>\n<tr>\n<td>Marca<\/td>\n<td>Skylon<\/td>\n<\/tr>\n<tr>\n<td>Paese di origine<\/td>\n<td>Cina<\/td>\n<\/tr>\n<\/table>","protected":false},"featured_media":450648,"comment_status":"open","ping_status":"closed","template":"","meta":[],"product_brand":[457],"product_cat":[4538],"product_tag":[],"class_list":{"0":"post-404542","1":"product","2":"type-product","3":"status-publish","4":"has-post-thumbnail","6":"product_brand-skylon","7":"product_cat-befiederte-carbon-traditionelle-pfeile","8":"product_shipping_class-bsd-standard","10":"first","11":"instock","12":"shipping-taxable","13":"purchasable","14":"product-type-variable"},"yoast_head":"<!-- This site is optimized with the Yoast SEO plugin v27.6 - https:\/\/yoast.com\/product\/yoast-seo-wordpress\/ -->\n<title>SKYLON ARROWS EBONY ID5.2 \/ 33&quot; FEATHER 4&quot; \/ IN-NOCK \/ INSERT 12\/PK - Bogensportdiscount \u2013 B\u00f6gen, Pfeile, Targets &amp; Zubeh\u00f6r<\/title>\n<meta name=\"description\" content=\"SKYLON ARROWS EBONY ID5.2 \/ 33&quot; FEATHER 4&quot; \/ IN-NOCK \/ INSERT 12\/PK g\u00fcnstig kaufen bei Bogensportdiscount \u2013 Top-Marken, schneller Versand aus der Schweiz.\" \/>\n<meta name=\"robots\" content=\"index, follow, max-snippet:-1, max-image-preview:large, max-video-preview:-1\" \/>\n<link rel=\"canonical\" href=\"https:\/\/bogensportdiscount.ch\/it\/prodotto\/skylon-holzpfeile-ebony-id52-350-33-feder-4-in-nock-einsatz-12er-pack\/\" \/>\n<meta property=\"og:locale\" content=\"it_IT\" \/>\n<meta property=\"og:type\" content=\"article\" \/>\n<meta property=\"og:title\" content=\"SKYLON ARROWS EBONY ID5.2 \/ 33&quot; FEATHER 4&quot; \/ IN-NOCK \/ INSERT 12\/PK - Bogensportdiscount \u2013 B\u00f6gen, Pfeile, Targets &amp; Zubeh\u00f6r\" \/>\n<meta property=\"og:description\" content=\"SKYLON ARROWS EBONY ID5.2 \/ 33&quot; FEATHER 4&quot; \/ IN-NOCK \/ INSERT 12\/PK g\u00fcnstig kaufen bei Bogensportdiscount \u2013 Top-Marken, schneller Versand aus der Schweiz.\" \/>\n<meta property=\"og:url\" content=\"https:\/\/bogensportdiscount.ch\/it\/prodotto\/skylon-holzpfeile-ebony-id52-350-33-feder-4-in-nock-einsatz-12er-pack\/\" \/>\n<meta property=\"og:site_name\" content=\"Bogensportdiscount \u2013 B\u00f6gen, Pfeile, Targets &amp; Zubeh\u00f6r\" \/>\n<meta property=\"article:modified_time\" content=\"2026-05-14T13:26:14+00:00\" \/>\n<meta property=\"og:image\" content=\"https:\/\/bogensportdiscount.ch\/wp-content\/uploads\/bsm-images\/A040619_1.png\" \/>\n\t<meta property=\"og:image:width\" content=\"7360\" \/>\n\t<meta property=\"og:image:height\" content=\"2518\" \/>\n\t<meta property=\"og:image:type\" content=\"image\/png\" \/>\n<meta name=\"twitter:card\" content=\"summary_large_image\" \/>\n<meta name=\"twitter:label1\" content=\"Tempo di lettura stimato\" \/>\n\t<meta name=\"twitter:data1\" content=\"1 minuto\" \/>\n<script type=\"application\/ld+json\" class=\"yoast-schema-graph\">{\"@context\":\"https:\\\/\\\/schema.org\",\"@graph\":[{\"@type\":\"WebPage\",\"@id\":\"https:\\\/\\\/bogensportdiscount.ch\\\/produkt\\\/skylon-holzpfeile-ebony-id52-350-33-feder-4-in-nock-einsatz-12er-pack\\\/\",\"url\":\"https:\\\/\\\/bogensportdiscount.ch\\\/produkt\\\/skylon-holzpfeile-ebony-id52-350-33-feder-4-in-nock-einsatz-12er-pack\\\/\",\"name\":\"SKYLON ARROWS EBONY ID5.2 \\\/ 33\\\" FEATHER 4\\\" \\\/ IN-NOCK \\\/ INSERT 12\\\/PK - Bogensportdiscount \u2013 B\u00f6gen, Pfeile, Targets &amp; Zubeh\u00f6r\",\"isPartOf\":{\"@id\":\"https:\\\/\\\/bogensportdiscount.ch\\\/#website\"},\"primaryImageOfPage\":{\"@id\":\"https:\\\/\\\/bogensportdiscount.ch\\\/produkt\\\/skylon-holzpfeile-ebony-id52-350-33-feder-4-in-nock-einsatz-12er-pack\\\/#primaryimage\"},\"image\":{\"@id\":\"https:\\\/\\\/bogensportdiscount.ch\\\/produkt\\\/skylon-holzpfeile-ebony-id52-350-33-feder-4-in-nock-einsatz-12er-pack\\\/#primaryimage\"},\"thumbnailUrl\":\"https:\\\/\\\/bogensportdiscount.ch\\\/wp-content\\\/uploads\\\/bsm-images\\\/A040619_1.png\",\"datePublished\":\"2026-04-05T12:51:12+00:00\",\"dateModified\":\"2026-05-14T13:26:14+00:00\",\"description\":\"SKYLON ARROWS EBONY ID5.2 \\\/ 33\\\" FEATHER 4\\\" \\\/ IN-NOCK \\\/ INSERT 12\\\/PK g\u00fcnstig kaufen bei Bogensportdiscount \u2013 Top-Marken, schneller Versand aus der Schweiz.\",\"breadcrumb\":{\"@id\":\"https:\\\/\\\/bogensportdiscount.ch\\\/produkt\\\/skylon-holzpfeile-ebony-id52-350-33-feder-4-in-nock-einsatz-12er-pack\\\/#breadcrumb\"},\"inLanguage\":\"it-IT\",\"potentialAction\":[{\"@type\":\"ReadAction\",\"target\":[\"https:\\\/\\\/bogensportdiscount.ch\\\/produkt\\\/skylon-holzpfeile-ebony-id52-350-33-feder-4-in-nock-einsatz-12er-pack\\\/\"]}]},{\"@type\":\"ImageObject\",\"inLanguage\":\"it-IT\",\"@id\":\"https:\\\/\\\/bogensportdiscount.ch\\\/produkt\\\/skylon-holzpfeile-ebony-id52-350-33-feder-4-in-nock-einsatz-12er-pack\\\/#primaryimage\",\"url\":\"https:\\\/\\\/bogensportdiscount.ch\\\/wp-content\\\/uploads\\\/bsm-images\\\/A040619_1.png\",\"contentUrl\":\"https:\\\/\\\/bogensportdiscount.ch\\\/wp-content\\\/uploads\\\/bsm-images\\\/A040619_1.png\",\"width\":7360,\"height\":2518},{\"@type\":\"BreadcrumbList\",\"@id\":\"https:\\\/\\\/bogensportdiscount.ch\\\/produkt\\\/skylon-holzpfeile-ebony-id52-350-33-feder-4-in-nock-einsatz-12er-pack\\\/#breadcrumb\",\"itemListElement\":[{\"@type\":\"ListItem\",\"position\":1,\"name\":\"Home\",\"item\":\"https:\\\/\\\/bogensportdiscount.ch\\\/\"},{\"@type\":\"ListItem\",\"position\":2,\"name\":\"Shop\",\"item\":\"https:\\\/\\\/bogensportdiscount.ch\\\/shop\\\/\"},{\"@type\":\"ListItem\",\"position\":3,\"name\":\"SKYLON ARROWS EBONY ID5.2 \\\/ 33&#8243; FEATHER 4&#8243; \\\/ IN-NOCK \\\/ INSERT 12\\\/PK\"}]},{\"@type\":\"WebSite\",\"@id\":\"https:\\\/\\\/bogensportdiscount.ch\\\/#website\",\"url\":\"https:\\\/\\\/bogensportdiscount.ch\\\/\",\"name\":\"Bogensportdiscount\",\"description\":\"\",\"potentialAction\":[{\"@type\":\"SearchAction\",\"target\":{\"@type\":\"EntryPoint\",\"urlTemplate\":\"https:\\\/\\\/bogensportdiscount.ch\\\/?s={search_term_string}\"},\"query-input\":{\"@type\":\"PropertyValueSpecification\",\"valueRequired\":true,\"valueName\":\"search_term_string\"}}],\"inLanguage\":\"it-IT\"}]}<\/script>\n<!-- \/ Yoast SEO plugin. -->","yoast_head_json":{"title":"SKYLON ARROWS EBONY ID5.2 \/ 33\" FEATHER 4\" \/ IN-NOCK \/ INSERT 12\/PK - Bogensportdiscount \u2013 B\u00f6gen, Pfeile, Targets &amp; Zubeh\u00f6r","description":"SKYLON ARROWS EBONY ID5.2 \/ 33\" FEATHER 4\" \/ IN-NOCK \/ INSERT 12\/PK g\u00fcnstig kaufen bei Bogensportdiscount \u2013 Top-Marken, schneller Versand aus der Schweiz.","robots":{"index":"index","follow":"follow","max-snippet":"max-snippet:-1","max-image-preview":"max-image-preview:large","max-video-preview":"max-video-preview:-1"},"canonical":"https:\/\/bogensportdiscount.ch\/it\/prodotto\/skylon-holzpfeile-ebony-id52-350-33-feder-4-in-nock-einsatz-12er-pack\/","og_locale":"it_IT","og_type":"article","og_title":"SKYLON ARROWS EBONY ID5.2 \/ 33\" FEATHER 4\" \/ IN-NOCK \/ INSERT 12\/PK - Bogensportdiscount \u2013 B\u00f6gen, Pfeile, Targets &amp; Zubeh\u00f6r","og_description":"SKYLON ARROWS EBONY ID5.2 \/ 33\" FEATHER 4\" \/ IN-NOCK \/ INSERT 12\/PK g\u00fcnstig kaufen bei Bogensportdiscount \u2013 Top-Marken, schneller Versand aus der Schweiz.","og_url":"https:\/\/bogensportdiscount.ch\/it\/prodotto\/skylon-holzpfeile-ebony-id52-350-33-feder-4-in-nock-einsatz-12er-pack\/","og_site_name":"Bogensportdiscount \u2013 B\u00f6gen, Pfeile, Targets &amp; Zubeh\u00f6r","article_modified_time":"2026-05-14T13:26:14+00:00","og_image":[{"width":7360,"height":2518,"url":"https:\/\/bogensportdiscount.ch\/wp-content\/uploads\/bsm-images\/A040619_1.png","type":"image\/png"}],"twitter_card":"summary_large_image","twitter_misc":{"Tempo di lettura stimato":"1 minuto"},"schema":{"@context":"https:\/\/schema.org","@graph":[{"@type":"WebPage","@id":"https:\/\/bogensportdiscount.ch\/produkt\/skylon-holzpfeile-ebony-id52-350-33-feder-4-in-nock-einsatz-12er-pack\/","url":"https:\/\/bogensportdiscount.ch\/produkt\/skylon-holzpfeile-ebony-id52-350-33-feder-4-in-nock-einsatz-12er-pack\/","name":"SKYLON ARROWS EBONY ID5.2 \/ 33\" FEATHER 4\" \/ IN-NOCK \/ INSERT 12\/PK - Bogensportdiscount \u2013 B\u00f6gen, Pfeile, Targets &amp; Zubeh\u00f6r","isPartOf":{"@id":"https:\/\/bogensportdiscount.ch\/#website"},"primaryImageOfPage":{"@id":"https:\/\/bogensportdiscount.ch\/produkt\/skylon-holzpfeile-ebony-id52-350-33-feder-4-in-nock-einsatz-12er-pack\/#primaryimage"},"image":{"@id":"https:\/\/bogensportdiscount.ch\/produkt\/skylon-holzpfeile-ebony-id52-350-33-feder-4-in-nock-einsatz-12er-pack\/#primaryimage"},"thumbnailUrl":"https:\/\/bogensportdiscount.ch\/wp-content\/uploads\/bsm-images\/A040619_1.png","datePublished":"2026-04-05T12:51:12+00:00","dateModified":"2026-05-14T13:26:14+00:00","description":"SKYLON ARROWS EBONY ID5.2 \/ 33\" FEATHER 4\" \/ IN-NOCK \/ INSERT 12\/PK g\u00fcnstig kaufen bei Bogensportdiscount \u2013 Top-Marken, schneller Versand aus der Schweiz.","breadcrumb":{"@id":"https:\/\/bogensportdiscount.ch\/produkt\/skylon-holzpfeile-ebony-id52-350-33-feder-4-in-nock-einsatz-12er-pack\/#breadcrumb"},"inLanguage":"it-IT","potentialAction":[{"@type":"ReadAction","target":["https:\/\/bogensportdiscount.ch\/produkt\/skylon-holzpfeile-ebony-id52-350-33-feder-4-in-nock-einsatz-12er-pack\/"]}]},{"@type":"ImageObject","inLanguage":"it-IT","@id":"https:\/\/bogensportdiscount.ch\/produkt\/skylon-holzpfeile-ebony-id52-350-33-feder-4-in-nock-einsatz-12er-pack\/#primaryimage","url":"https:\/\/bogensportdiscount.ch\/wp-content\/uploads\/bsm-images\/A040619_1.png","contentUrl":"https:\/\/bogensportdiscount.ch\/wp-content\/uploads\/bsm-images\/A040619_1.png","width":7360,"height":2518},{"@type":"BreadcrumbList","@id":"https:\/\/bogensportdiscount.ch\/produkt\/skylon-holzpfeile-ebony-id52-350-33-feder-4-in-nock-einsatz-12er-pack\/#breadcrumb","itemListElement":[{"@type":"ListItem","position":1,"name":"Home","item":"https:\/\/bogensportdiscount.ch\/"},{"@type":"ListItem","position":2,"name":"Shop","item":"https:\/\/bogensportdiscount.ch\/shop\/"},{"@type":"ListItem","position":3,"name":"SKYLON ARROWS EBONY ID5.2 \/ 33&#8243; FEATHER 4&#8243; \/ IN-NOCK \/ INSERT 12\/PK"}]},{"@type":"WebSite","@id":"https:\/\/bogensportdiscount.ch\/#website","url":"https:\/\/bogensportdiscount.ch\/","name":"Bogensportdiscount","description":"","potentialAction":[{"@type":"SearchAction","target":{"@type":"EntryPoint","urlTemplate":"https:\/\/bogensportdiscount.ch\/?s={search_term_string}"},"query-input":{"@type":"PropertyValueSpecification","valueRequired":true,"valueName":"search_term_string"}}],"inLanguage":"it-IT"}]}},"_links":{"self":[{"href":"https:\/\/bogensportdiscount.ch\/it\/wp-json\/wp\/v2\/product\/404542","targetHints":{"allow":["GET"]}}],"collection":[{"href":"https:\/\/bogensportdiscount.ch\/it\/wp-json\/wp\/v2\/product"}],"about":[{"href":"https:\/\/bogensportdiscount.ch\/it\/wp-json\/wp\/v2\/types\/product"}],"replies":[{"embeddable":true,"href":"https:\/\/bogensportdiscount.ch\/it\/wp-json\/wp\/v2\/comments?post=404542"}],"wp:featuredmedia":[{"embeddable":true,"href":"https:\/\/bogensportdiscount.ch\/it\/wp-json\/wp\/v2\/media\/450648"}],"wp:attachment":[{"href":"https:\/\/bogensportdiscount.ch\/it\/wp-json\/wp\/v2\/media?parent=404542"}],"wp:term":[{"taxonomy":"product_brand","embeddable":true,"href":"https:\/\/bogensportdiscount.ch\/it\/wp-json\/wp\/v2\/product_brand?post=404542"},{"taxonomy":"product_cat","embeddable":true,"href":"https:\/\/bogensportdiscount.ch\/it\/wp-json\/wp\/v2\/product_cat?post=404542"},{"taxonomy":"product_tag","embeddable":true,"href":"https:\/\/bogensportdiscount.ch\/it\/wp-json\/wp\/v2\/product_tag?post=404542"}],"curies":[{"name":"wp","href":"https:\/\/api.w.org\/{rel}","templated":true}]}}