{"id":404495,"date":"2026-04-05T14:51:07","date_gmt":"2026-04-05T12:51:07","guid":{"rendered":"https:\/\/bogensportdiscount.ch\/produkt\/shafts-instec-id5-2-300-33-with-inside-nock-and-insert-12-pk\/"},"modified":"2026-04-19T11:54:03","modified_gmt":"2026-04-19T09:54:03","slug":"skylon-carbonschaft-instec-id5-2-300-33-mit-innennock-und-insert-12er-pack","status":"publish","type":"product","link":"https:\/\/bogensportdiscount.ch\/it\/prodotto\/skylon-carbonschaft-instec-id5-2-300-33-mit-innennock-und-insert-12er-pack\/","title":{"rendered":"SKYLON SCHAEFTE INSTEC ID5.2 \/ 33&#8243; MIT INNENNOCKE UND EINSATZ 12\/PK"},"content":{"rendered":"<p>Die SKYLON Instec ID5.2 Carbonsch\u00e4fte sind aus 24-Ton Carbon gefertigt und bieten mit einem Innendurchmesser von 5.2 mm (.204&#8243;) die Voraussetzungen f\u00fcr die Verwendung von Innennocks und kompatiblen Inserts. Die Geradheitstoleranz von \u00b1.006&#8243; gew\u00e4hrleistet eine gleichm\u00e4ssige Qualit\u00e4t innerhalb des 12er-Pakets.<\/p>\n<p>Mit einer L\u00e4nge von 33&#8243; und einer Auswahl an Spine-Werten von 300 bis 700 decken die Instec ID5.2 Sch\u00e4fte ein breites Spektrum an Zuggewichten und Schussanforderungen ab. Sie eignen sich sowohl f\u00fcr die Jagd als auch f\u00fcr den 3D- und Feldbogensport.<\/p>\n<ul>\n<li>Material: 24-Ton Carbon f\u00fcr ein gutes Steifigkeits-Gewichts-Verh\u00e4ltnis<\/li>\n<li>ID5.2 mm \u2013 kompatibel mit Innennocks und passenden Inserts<\/li>\n<li>Spine-Optionen von 300 bis 700 f\u00fcr verschiedene Zuggewichte<\/li>\n<li>Lieferung als 12er-Pack inklusive Innennocks und Inserts<\/li>\n<\/ul>","protected":false},"excerpt":{"rendered":"<table>\n<tr>\n<th>Propriet\u00e0<\/th>\n<th>Valore<\/th>\n<\/tr>\n<tr>\n<td>Materiale<\/td>\n<td>Carbonio 24 tonnellate<\/td>\n<\/tr>\n<tr>\n<td>Diametro interno<\/td>\n<td>5.2 mm (.204&#8243;)<\/td>\n<\/tr>\n<tr>\n<td>Tolleranza di rettilineit\u00e0<\/td>\n<td>\u00b1.006&#8243;<\/td>\n<\/tr>\n<tr>\n<td>Lunghezza<\/td>\n<td>33&#8243; (ca. 83.8 cm)<\/td>\n<\/tr>\n<tr>\n<td>Spine \/ GPI \/ Diametro esterno<\/td>\n<td>700 Spine \u2013 5.24 GPI \u2013 \u00d8 6.21 mm<\/td>\n<\/tr>\n<tr>\n<td><\/td>\n<td>600 Spine \u2013 6.19 GPI \u2013 \u00d8 6.36 mm<\/td>\n<\/tr>\n<tr>\n<td><\/td>\n<td>500 Spine \u2013 6.80 GPI \u2013 \u00d8 6.46 mm<\/td>\n<\/tr>\n<tr>\n<td><\/td>\n<td>400 Spine \u2013 8.16 GPI \u2013 \u00d8 6.65 mm<\/td>\n<\/tr>\n<tr>\n<td><\/td>\n<td>350 Spine \u2013 8.70 GPI \u2013 \u00d8 6.73 mm<\/td>\n<\/tr>\n<tr>\n<td><\/td>\n<td>300 Spine \u2013 9.44 GPI \u2013 \u00d8 6.89 mm<\/td>\n<\/tr>\n<tr>\n<td>Contenuto della fornitura<\/td>\n<td>12 Sch\u00e4fte inkl. Innennocks und Inserts<\/td>\n<\/tr>\n<\/table>","protected":false},"featured_media":450634,"comment_status":"open","ping_status":"closed","template":"","meta":[],"product_brand":[457],"product_cat":[4503],"product_tag":[],"class_list":{"0":"post-404495","1":"product","2":"type-product","3":"status-publish","4":"has-post-thumbnail","6":"product_brand-skylon","7":"product_cat-carbon-jagd-schaefte","9":"first","10":"instock","11":"shipping-taxable","12":"purchasable","13":"product-type-variable"},"_links":{"self":[{"href":"https:\/\/bogensportdiscount.ch\/it\/wp-json\/wp\/v2\/product\/404495","targetHints":{"allow":["GET"]}}],"collection":[{"href":"https:\/\/bogensportdiscount.ch\/it\/wp-json\/wp\/v2\/product"}],"about":[{"href":"https:\/\/bogensportdiscount.ch\/it\/wp-json\/wp\/v2\/types\/product"}],"replies":[{"embeddable":true,"href":"https:\/\/bogensportdiscount.ch\/it\/wp-json\/wp\/v2\/comments?post=404495"}],"wp:featuredmedia":[{"embeddable":true,"href":"https:\/\/bogensportdiscount.ch\/it\/wp-json\/wp\/v2\/media\/450634"}],"wp:attachment":[{"href":"https:\/\/bogensportdiscount.ch\/it\/wp-json\/wp\/v2\/media?parent=404495"}],"wp:term":[{"taxonomy":"product_brand","embeddable":true,"href":"https:\/\/bogensportdiscount.ch\/it\/wp-json\/wp\/v2\/product_brand?post=404495"},{"taxonomy":"product_cat","embeddable":true,"href":"https:\/\/bogensportdiscount.ch\/it\/wp-json\/wp\/v2\/product_cat?post=404495"},{"taxonomy":"product_tag","embeddable":true,"href":"https:\/\/bogensportdiscount.ch\/it\/wp-json\/wp\/v2\/product_tag?post=404495"}],"curies":[{"name":"wp","href":"https:\/\/api.w.org\/{rel}","templated":true}]}}