{"id":404353,"date":"2026-04-05T14:50:53","date_gmt":"2026-04-05T12:50:53","guid":{"rendered":"https:\/\/bogensportdiscount.ch\/produkt\/glue-in-points-bulge-break-off-id3-2-perf-prec-paragon-size-850-1100-weight-60-70-80gr-12pk\/"},"modified":"2026-05-14T15:26:14","modified_gmt":"2026-05-14T13:26:14","slug":"skylon-einklebespitzen-bulge-break-off-id32-perf-prec-paragon","status":"publish","type":"product","link":"https:\/\/bogensportdiscount.ch\/it\/prodotto\/skylon-einklebespitzen-bulge-break-off-id32-perf-prec-paragon\/","title":{"rendered":"SKYLON GEKLEBTE SPITZEN BULGE BREAK-OFF ID3.2 PERF.\/PREC.\/PARAGON GR\u00d6SSE 12\/PK"},"content":{"rendered":"<p>Die SKYLON Bulge Break-Off Einklebespitzen im ID3.2-Format sind kompatibel mit den Skylon-Sch\u00e4ften Perfect, Precision und Paragon. Die Bulge-Form sorgt f\u00fcr eine sichere Verankerung im Schaft, w\u00e4hrend das Break-Off-Design das einfache Anpassen der Spitzenl\u00e4nge erm\u00f6glicht.<\/p>\n<p>Le punte sono disponibili nei pesi 80, 100 e 120 grain, coprendo cos\u00ec diversi ambiti di utilizzo in allenamento e competizione. La selezione della spine appropriata (da 350 a 850) consente un adattamento preciso al rispettivo libbraggio e all'allungo.<\/p>\n<ul>\n<li>Diametro interno ID3.2 mm per le aste Skylon compatibili<\/li>\n<li>Disponibile in 80, 100 e 120 grani<\/li>\n<li>Spine 350 \/ 400 \/ 500 \/ 650 \/ 850<\/li>\n<li>Design break-off per una regolazione flessibile della lunghezza<\/li>\n<\/ul>","protected":false},"excerpt":{"rendered":"<table>\n<tr>\n<th>Propriet\u00e0<\/th>\n<th>Valore<\/th>\n<\/tr>\n<tr>\n<td>Diametro interno<\/td>\n<td>3.2 mm<\/td>\n<\/tr>\n<tr>\n<td>Libbraggi: 35, 40, 45, 50 e 55 lbs<\/td>\n<td>Skylon Perfect, Precision, Paragon<\/td>\n<\/tr>\n<tr>\n<td>Peso<\/td>\n<td>80 GR \/ 100 GR \/ 120 GR<\/td>\n<\/tr>\n<tr>\n<td>Spine<\/td>\n<td>350 \/ 400 \/ 500 \/ 650 \/ 850<\/td>\n<\/tr>\n<tr>\n<td>Origine<\/td>\n<td>Cina<\/td>\n<\/tr>\n<\/table>","protected":false},"featured_media":450610,"comment_status":"open","ping_status":"closed","template":"","meta":[],"product_brand":[457],"product_cat":[4543],"product_tag":[],"class_list":{"0":"post-404353","1":"product","2":"type-product","3":"status-publish","4":"has-post-thumbnail","6":"product_brand-skylon","7":"product_cat-einklebe-spitzen","8":"product_shipping_class-bsd-standard","10":"first","11":"instock","12":"shipping-taxable","13":"purchasable","14":"product-type-variable"},"yoast_head":"<!-- This site is optimized with the Yoast SEO plugin v27.6 - https:\/\/yoast.com\/product\/yoast-seo-wordpress\/ -->\n<title>SKYLON GEKLEBTE SPITZEN BULGE BREAK-OFF ID3.2 PERF.\/PREC.\/PARAGON GR\u00d6SSE 12\/PK - Bogensportdiscount \u2013 B\u00f6gen, Pfeile, Targets &amp; Zubeh\u00f6r<\/title>\n<meta name=\"description\" content=\"SKYLON GEKLEBTE SPITZEN BULGE BREAK-OFF ID3.2 PERF.\/PREC.\/PARAGON GR\u00d6SSE 12\/PK g\u00fcnstig kaufen bei Bogensportdiscount \u2013 Top-Marken, schneller Versand aus der Schweiz.\" \/>\n<meta name=\"robots\" content=\"index, follow, max-snippet:-1, max-image-preview:large, max-video-preview:-1\" \/>\n<link rel=\"canonical\" href=\"https:\/\/bogensportdiscount.ch\/it\/prodotto\/skylon-einklebespitzen-bulge-break-off-id32-perf-prec-paragon\/\" \/>\n<meta property=\"og:locale\" content=\"it_IT\" \/>\n<meta property=\"og:type\" content=\"article\" \/>\n<meta property=\"og:title\" content=\"SKYLON GEKLEBTE SPITZEN BULGE BREAK-OFF ID3.2 PERF.\/PREC.\/PARAGON GR\u00d6SSE 12\/PK - Bogensportdiscount \u2013 B\u00f6gen, Pfeile, Targets &amp; Zubeh\u00f6r\" \/>\n<meta property=\"og:description\" content=\"SKYLON GEKLEBTE SPITZEN BULGE BREAK-OFF ID3.2 PERF.\/PREC.\/PARAGON GR\u00d6SSE 12\/PK g\u00fcnstig kaufen bei Bogensportdiscount \u2013 Top-Marken, schneller Versand aus der Schweiz.\" \/>\n<meta property=\"og:url\" content=\"https:\/\/bogensportdiscount.ch\/it\/prodotto\/skylon-einklebespitzen-bulge-break-off-id32-perf-prec-paragon\/\" \/>\n<meta property=\"og:site_name\" content=\"Bogensportdiscount \u2013 B\u00f6gen, Pfeile, Targets &amp; Zubeh\u00f6r\" \/>\n<meta property=\"article:modified_time\" content=\"2026-05-14T13:26:14+00:00\" \/>\n<meta property=\"og:image\" content=\"https:\/\/bogensportdiscount.ch\/wp-content\/uploads\/bsm-images\/A039777_1.png\" \/>\n\t<meta property=\"og:image:width\" content=\"2480\" \/>\n\t<meta property=\"og:image:height\" content=\"1264\" \/>\n\t<meta property=\"og:image:type\" content=\"image\/png\" \/>\n<meta name=\"twitter:card\" content=\"summary_large_image\" \/>\n<script type=\"application\/ld+json\" class=\"yoast-schema-graph\">{\"@context\":\"https:\\\/\\\/schema.org\",\"@graph\":[{\"@type\":\"WebPage\",\"@id\":\"https:\\\/\\\/bogensportdiscount.ch\\\/produkt\\\/skylon-einklebespitzen-bulge-break-off-id32-perf-prec-paragon\\\/\",\"url\":\"https:\\\/\\\/bogensportdiscount.ch\\\/produkt\\\/skylon-einklebespitzen-bulge-break-off-id32-perf-prec-paragon\\\/\",\"name\":\"SKYLON GEKLEBTE SPITZEN BULGE BREAK-OFF ID3.2 PERF.\\\/PREC.\\\/PARAGON GR\u00d6SSE 12\\\/PK - Bogensportdiscount \u2013 B\u00f6gen, Pfeile, Targets &amp; Zubeh\u00f6r\",\"isPartOf\":{\"@id\":\"https:\\\/\\\/bogensportdiscount.ch\\\/#website\"},\"primaryImageOfPage\":{\"@id\":\"https:\\\/\\\/bogensportdiscount.ch\\\/produkt\\\/skylon-einklebespitzen-bulge-break-off-id32-perf-prec-paragon\\\/#primaryimage\"},\"image\":{\"@id\":\"https:\\\/\\\/bogensportdiscount.ch\\\/produkt\\\/skylon-einklebespitzen-bulge-break-off-id32-perf-prec-paragon\\\/#primaryimage\"},\"thumbnailUrl\":\"https:\\\/\\\/bogensportdiscount.ch\\\/wp-content\\\/uploads\\\/bsm-images\\\/A039777_1.png\",\"datePublished\":\"2026-04-05T12:50:53+00:00\",\"dateModified\":\"2026-05-14T13:26:14+00:00\",\"description\":\"SKYLON GEKLEBTE SPITZEN BULGE BREAK-OFF ID3.2 PERF.\\\/PREC.\\\/PARAGON GR\u00d6SSE 12\\\/PK g\u00fcnstig kaufen bei Bogensportdiscount \u2013 Top-Marken, schneller Versand aus der Schweiz.\",\"breadcrumb\":{\"@id\":\"https:\\\/\\\/bogensportdiscount.ch\\\/produkt\\\/skylon-einklebespitzen-bulge-break-off-id32-perf-prec-paragon\\\/#breadcrumb\"},\"inLanguage\":\"it-IT\",\"potentialAction\":[{\"@type\":\"ReadAction\",\"target\":[\"https:\\\/\\\/bogensportdiscount.ch\\\/produkt\\\/skylon-einklebespitzen-bulge-break-off-id32-perf-prec-paragon\\\/\"]}]},{\"@type\":\"ImageObject\",\"inLanguage\":\"it-IT\",\"@id\":\"https:\\\/\\\/bogensportdiscount.ch\\\/produkt\\\/skylon-einklebespitzen-bulge-break-off-id32-perf-prec-paragon\\\/#primaryimage\",\"url\":\"https:\\\/\\\/bogensportdiscount.ch\\\/wp-content\\\/uploads\\\/bsm-images\\\/A039777_1.png\",\"contentUrl\":\"https:\\\/\\\/bogensportdiscount.ch\\\/wp-content\\\/uploads\\\/bsm-images\\\/A039777_1.png\",\"width\":2480,\"height\":1264},{\"@type\":\"BreadcrumbList\",\"@id\":\"https:\\\/\\\/bogensportdiscount.ch\\\/produkt\\\/skylon-einklebespitzen-bulge-break-off-id32-perf-prec-paragon\\\/#breadcrumb\",\"itemListElement\":[{\"@type\":\"ListItem\",\"position\":1,\"name\":\"Home\",\"item\":\"https:\\\/\\\/bogensportdiscount.ch\\\/\"},{\"@type\":\"ListItem\",\"position\":2,\"name\":\"Shop\",\"item\":\"https:\\\/\\\/bogensportdiscount.ch\\\/shop\\\/\"},{\"@type\":\"ListItem\",\"position\":3,\"name\":\"SKYLON GEKLEBTE SPITZEN BULGE BREAK-OFF ID3.2 PERF.\\\/PREC.\\\/PARAGON GR\u00d6SSE 12\\\/PK\"}]},{\"@type\":\"WebSite\",\"@id\":\"https:\\\/\\\/bogensportdiscount.ch\\\/#website\",\"url\":\"https:\\\/\\\/bogensportdiscount.ch\\\/\",\"name\":\"Bogensportdiscount\",\"description\":\"\",\"potentialAction\":[{\"@type\":\"SearchAction\",\"target\":{\"@type\":\"EntryPoint\",\"urlTemplate\":\"https:\\\/\\\/bogensportdiscount.ch\\\/?s={search_term_string}\"},\"query-input\":{\"@type\":\"PropertyValueSpecification\",\"valueRequired\":true,\"valueName\":\"search_term_string\"}}],\"inLanguage\":\"it-IT\"}]}<\/script>\n<!-- \/ Yoast SEO plugin. -->","yoast_head_json":{"title":"SKYLON GEKLEBTE SPITZEN BULGE BREAK-OFF ID3.2 PERF.\/PREC.\/PARAGON GR\u00d6SSE 12\/PK - Bogensportdiscount \u2013 B\u00f6gen, Pfeile, Targets &amp; Zubeh\u00f6r","description":"SKYLON GEKLEBTE SPITZEN BULGE BREAK-OFF ID3.2 PERF.\/PREC.\/PARAGON GR\u00d6SSE 12\/PK g\u00fcnstig kaufen bei Bogensportdiscount \u2013 Top-Marken, schneller Versand aus der Schweiz.","robots":{"index":"index","follow":"follow","max-snippet":"max-snippet:-1","max-image-preview":"max-image-preview:large","max-video-preview":"max-video-preview:-1"},"canonical":"https:\/\/bogensportdiscount.ch\/it\/prodotto\/skylon-einklebespitzen-bulge-break-off-id32-perf-prec-paragon\/","og_locale":"it_IT","og_type":"article","og_title":"SKYLON GEKLEBTE SPITZEN BULGE BREAK-OFF ID3.2 PERF.\/PREC.\/PARAGON GR\u00d6SSE 12\/PK - Bogensportdiscount \u2013 B\u00f6gen, Pfeile, Targets &amp; Zubeh\u00f6r","og_description":"SKYLON GEKLEBTE SPITZEN BULGE BREAK-OFF ID3.2 PERF.\/PREC.\/PARAGON GR\u00d6SSE 12\/PK g\u00fcnstig kaufen bei Bogensportdiscount \u2013 Top-Marken, schneller Versand aus der Schweiz.","og_url":"https:\/\/bogensportdiscount.ch\/it\/prodotto\/skylon-einklebespitzen-bulge-break-off-id32-perf-prec-paragon\/","og_site_name":"Bogensportdiscount \u2013 B\u00f6gen, Pfeile, Targets &amp; Zubeh\u00f6r","article_modified_time":"2026-05-14T13:26:14+00:00","og_image":[{"width":2480,"height":1264,"url":"https:\/\/bogensportdiscount.ch\/wp-content\/uploads\/bsm-images\/A039777_1.png","type":"image\/png"}],"twitter_card":"summary_large_image","schema":{"@context":"https:\/\/schema.org","@graph":[{"@type":"WebPage","@id":"https:\/\/bogensportdiscount.ch\/produkt\/skylon-einklebespitzen-bulge-break-off-id32-perf-prec-paragon\/","url":"https:\/\/bogensportdiscount.ch\/produkt\/skylon-einklebespitzen-bulge-break-off-id32-perf-prec-paragon\/","name":"SKYLON GEKLEBTE SPITZEN BULGE BREAK-OFF ID3.2 PERF.\/PREC.\/PARAGON GR\u00d6SSE 12\/PK - Bogensportdiscount \u2013 B\u00f6gen, Pfeile, Targets &amp; Zubeh\u00f6r","isPartOf":{"@id":"https:\/\/bogensportdiscount.ch\/#website"},"primaryImageOfPage":{"@id":"https:\/\/bogensportdiscount.ch\/produkt\/skylon-einklebespitzen-bulge-break-off-id32-perf-prec-paragon\/#primaryimage"},"image":{"@id":"https:\/\/bogensportdiscount.ch\/produkt\/skylon-einklebespitzen-bulge-break-off-id32-perf-prec-paragon\/#primaryimage"},"thumbnailUrl":"https:\/\/bogensportdiscount.ch\/wp-content\/uploads\/bsm-images\/A039777_1.png","datePublished":"2026-04-05T12:50:53+00:00","dateModified":"2026-05-14T13:26:14+00:00","description":"SKYLON GEKLEBTE SPITZEN BULGE BREAK-OFF ID3.2 PERF.\/PREC.\/PARAGON GR\u00d6SSE 12\/PK g\u00fcnstig kaufen bei Bogensportdiscount \u2013 Top-Marken, schneller Versand aus der Schweiz.","breadcrumb":{"@id":"https:\/\/bogensportdiscount.ch\/produkt\/skylon-einklebespitzen-bulge-break-off-id32-perf-prec-paragon\/#breadcrumb"},"inLanguage":"it-IT","potentialAction":[{"@type":"ReadAction","target":["https:\/\/bogensportdiscount.ch\/produkt\/skylon-einklebespitzen-bulge-break-off-id32-perf-prec-paragon\/"]}]},{"@type":"ImageObject","inLanguage":"it-IT","@id":"https:\/\/bogensportdiscount.ch\/produkt\/skylon-einklebespitzen-bulge-break-off-id32-perf-prec-paragon\/#primaryimage","url":"https:\/\/bogensportdiscount.ch\/wp-content\/uploads\/bsm-images\/A039777_1.png","contentUrl":"https:\/\/bogensportdiscount.ch\/wp-content\/uploads\/bsm-images\/A039777_1.png","width":2480,"height":1264},{"@type":"BreadcrumbList","@id":"https:\/\/bogensportdiscount.ch\/produkt\/skylon-einklebespitzen-bulge-break-off-id32-perf-prec-paragon\/#breadcrumb","itemListElement":[{"@type":"ListItem","position":1,"name":"Home","item":"https:\/\/bogensportdiscount.ch\/"},{"@type":"ListItem","position":2,"name":"Shop","item":"https:\/\/bogensportdiscount.ch\/shop\/"},{"@type":"ListItem","position":3,"name":"SKYLON GEKLEBTE SPITZEN BULGE BREAK-OFF ID3.2 PERF.\/PREC.\/PARAGON GR\u00d6SSE 12\/PK"}]},{"@type":"WebSite","@id":"https:\/\/bogensportdiscount.ch\/#website","url":"https:\/\/bogensportdiscount.ch\/","name":"Bogensportdiscount","description":"","potentialAction":[{"@type":"SearchAction","target":{"@type":"EntryPoint","urlTemplate":"https:\/\/bogensportdiscount.ch\/?s={search_term_string}"},"query-input":{"@type":"PropertyValueSpecification","valueRequired":true,"valueName":"search_term_string"}}],"inLanguage":"it-IT"}]}},"_links":{"self":[{"href":"https:\/\/bogensportdiscount.ch\/it\/wp-json\/wp\/v2\/product\/404353","targetHints":{"allow":["GET"]}}],"collection":[{"href":"https:\/\/bogensportdiscount.ch\/it\/wp-json\/wp\/v2\/product"}],"about":[{"href":"https:\/\/bogensportdiscount.ch\/it\/wp-json\/wp\/v2\/types\/product"}],"replies":[{"embeddable":true,"href":"https:\/\/bogensportdiscount.ch\/it\/wp-json\/wp\/v2\/comments?post=404353"}],"wp:featuredmedia":[{"embeddable":true,"href":"https:\/\/bogensportdiscount.ch\/it\/wp-json\/wp\/v2\/media\/450610"}],"wp:attachment":[{"href":"https:\/\/bogensportdiscount.ch\/it\/wp-json\/wp\/v2\/media?parent=404353"}],"wp:term":[{"taxonomy":"product_brand","embeddable":true,"href":"https:\/\/bogensportdiscount.ch\/it\/wp-json\/wp\/v2\/product_brand?post=404353"},{"taxonomy":"product_cat","embeddable":true,"href":"https:\/\/bogensportdiscount.ch\/it\/wp-json\/wp\/v2\/product_cat?post=404353"},{"taxonomy":"product_tag","embeddable":true,"href":"https:\/\/bogensportdiscount.ch\/it\/wp-json\/wp\/v2\/product_tag?post=404353"}],"curies":[{"name":"wp","href":"https:\/\/api.w.org\/{rel}","templated":true}]}}