{"id":404314,"date":"2026-04-05T14:50:49","date_gmt":"2026-04-05T12:50:49","guid":{"rendered":"https:\/\/bogensportdiscount.ch\/produkt\/shaft-radius-id4-2-400-pin-included-12-pk\/"},"modified":"2026-04-19T11:54:02","modified_gmt":"2026-04-19T09:54:02","slug":"skylon-carbon-zielschaft-radius-id42","status":"publish","type":"product","link":"https:\/\/bogensportdiscount.ch\/it\/prodotto\/skylon-carbon-zielschaft-radius-id42\/","title":{"rendered":"SKYLON SCHAEFTE CARBON RADIUS ID4.2 12\/PK"},"content":{"rendered":"<p>Der Skylon Radius ID4.2 ist ein Carbon-Schaft aus dem Zielschuss-Segment. Der standardisierte Innendurchmesser von 4.2 mm erm\u00f6glicht die Verwendung von kompatiblem Zubeh\u00f6r wie Eins\u00e4tzen und Nocken anderer Hersteller.<\/p>\n<p>Mit einem breiten Spine-Sortiment von 400 bis 1100 deckt der Radius eine grosse Bandbreite an Zuggewichten und Pfeill\u00e4ngen ab. Der Schaft wird als Rohling geliefert und kann auf die gew\u00fcnschte L\u00e4nge gek\u00fcrzt werden.<\/p>\n<ul>\n<li>Innendurchmesser 4.2 mm (ID4.2)<\/li>\n<li>Erh\u00e4ltlich in den Spines 400, 450, 500, 550, 600, 650, 700, 750, 800, 850, 900, 1000, 1100<\/li>\n<li>Gefertigt aus Carbon<\/li>\n<li>Geeignet f\u00fcr Zielschuss und Training<\/li>\n<\/ul>","protected":false},"excerpt":{"rendered":"<p>Der Skylon Radius ID4.2 ist ein Carbon-Zielschaft mit einem Innendurchmesser von 4.2 mm. Er ist in zahlreichen Spine-Werten erh\u00e4ltlich (400 bis 1100) und eignet sich f\u00fcr verschiedene Bogenklassen und Zuggewichte.<\/p>","protected":false},"featured_media":450601,"comment_status":"open","ping_status":"closed","template":"","meta":[],"product_brand":[457],"product_cat":[4236],"product_tag":[],"class_list":{"0":"post-404314","1":"product","2":"type-product","3":"status-publish","4":"has-post-thumbnail","6":"product_brand-skylon","7":"product_cat-carbon-schaefte","9":"first","10":"instock","11":"shipping-taxable","12":"purchasable","13":"product-type-variable"},"_links":{"self":[{"href":"https:\/\/bogensportdiscount.ch\/it\/wp-json\/wp\/v2\/product\/404314","targetHints":{"allow":["GET"]}}],"collection":[{"href":"https:\/\/bogensportdiscount.ch\/it\/wp-json\/wp\/v2\/product"}],"about":[{"href":"https:\/\/bogensportdiscount.ch\/it\/wp-json\/wp\/v2\/types\/product"}],"replies":[{"embeddable":true,"href":"https:\/\/bogensportdiscount.ch\/it\/wp-json\/wp\/v2\/comments?post=404314"}],"wp:featuredmedia":[{"embeddable":true,"href":"https:\/\/bogensportdiscount.ch\/it\/wp-json\/wp\/v2\/media\/450601"}],"wp:attachment":[{"href":"https:\/\/bogensportdiscount.ch\/it\/wp-json\/wp\/v2\/media?parent=404314"}],"wp:term":[{"taxonomy":"product_brand","embeddable":true,"href":"https:\/\/bogensportdiscount.ch\/it\/wp-json\/wp\/v2\/product_brand?post=404314"},{"taxonomy":"product_cat","embeddable":true,"href":"https:\/\/bogensportdiscount.ch\/it\/wp-json\/wp\/v2\/product_cat?post=404314"},{"taxonomy":"product_tag","embeddable":true,"href":"https:\/\/bogensportdiscount.ch\/it\/wp-json\/wp\/v2\/product_tag?post=404314"}],"curies":[{"name":"wp","href":"https:\/\/api.w.org\/{rel}","templated":true}]}}