{"id":404184,"date":"2026-04-05T14:50:37","date_gmt":"2026-04-05T12:50:37","guid":{"rendered":"https:\/\/bogensportdiscount.ch\/produkt\/limbs-wiawis-cx7-carbon-foam-25-short-66-28-lbs\/"},"modified":"2026-04-17T13:46:33","modified_gmt":"2026-04-17T11:46:33","slug":"wiawis-recurvebogen-wurfarme-cx7-carbon-foam-25","status":"publish","type":"product","link":"https:\/\/bogensportdiscount.ch\/it\/prodotto\/wiawis-recurvebogen-wurfarme-cx7-carbon-foam-25\/","title":{"rendered":"ARTI WIAWIS CX7 CARBON FOAM 25\u2033 LBS"},"content":{"rendered":"<p>Die WIAWIS CX7 Carbon Foam Wurfarme sind in der L\u00e4nge 25&#8243; erh\u00e4ltlich und richten sich an Recurvebogensch\u00fctzen, die nach stabilen und reaktionsarmen Wurfarmen aus Carbon-Foam-Verbundmaterial suchen. Die Carbon-Foam-Konstruktion bietet eine gute Balance zwischen Gewicht und Steifigkeit.<\/p>\n<p>Die Wurfarme sind in einer grossen Auswahl an Zuggewichten von 28 bis 48 lbs erh\u00e4ltlich, passend f\u00fcr B\u00f6gen der L\u00e4ngen 66&#8243;, 68&#8243; und 70&#8243;. Damit lassen sie sich an unterschiedliche K\u00f6rpermasse und Trainingsanforderungen anpassen.<\/p>\n<ul>\n<li>Material: Carbon Foam<\/li>\n<li>L\u00e4nge: 25&#8243;<\/li>\n<li>Zuggewichte: 28\u201348 lbs (je nach Bogenl\u00e4nge)<\/li>\n<li>Kompatibel mit B\u00f6gen der L\u00e4nge 66&#8243;, 68&#8243; und 70&#8243;<\/li>\n<\/ul>","protected":false},"excerpt":{"rendered":"<table>\n<tr>\n<th>Propriet\u00e0<\/th>\n<th>Valore<\/th>\n<\/tr>\n<tr>\n<td>Marchio<\/td>\n<td>WIAWIS<\/td>\n<\/tr>\n<tr>\n<td>Materiale<\/td>\n<td>Carbon Foam<\/td>\n<\/tr>\n<tr>\n<td>Lunghezza<\/td>\n<td>25&#8243;<\/td>\n<\/tr>\n<tr>\n<td>Herkunftsland<\/td>\n<td>S\u00fcdkorea<\/td>\n<\/tr>\n<\/table>","protected":false},"featured_media":450584,"comment_status":"open","ping_status":"closed","template":"","meta":[],"product_brand":[473],"product_cat":[4520],"product_tag":[],"class_list":{"0":"post-404184","1":"product","2":"type-product","3":"status-publish","4":"has-post-thumbnail","6":"product_brand-wiawis","7":"product_cat-recurve-wurfarme-recurve-boegen","9":"first","10":"instock","11":"shipping-taxable","12":"purchasable","13":"product-type-variable"},"_links":{"self":[{"href":"https:\/\/bogensportdiscount.ch\/it\/wp-json\/wp\/v2\/product\/404184","targetHints":{"allow":["GET"]}}],"collection":[{"href":"https:\/\/bogensportdiscount.ch\/it\/wp-json\/wp\/v2\/product"}],"about":[{"href":"https:\/\/bogensportdiscount.ch\/it\/wp-json\/wp\/v2\/types\/product"}],"replies":[{"embeddable":true,"href":"https:\/\/bogensportdiscount.ch\/it\/wp-json\/wp\/v2\/comments?post=404184"}],"wp:featuredmedia":[{"embeddable":true,"href":"https:\/\/bogensportdiscount.ch\/it\/wp-json\/wp\/v2\/media\/450584"}],"wp:attachment":[{"href":"https:\/\/bogensportdiscount.ch\/it\/wp-json\/wp\/v2\/media?parent=404184"}],"wp:term":[{"taxonomy":"product_brand","embeddable":true,"href":"https:\/\/bogensportdiscount.ch\/it\/wp-json\/wp\/v2\/product_brand?post=404184"},{"taxonomy":"product_cat","embeddable":true,"href":"https:\/\/bogensportdiscount.ch\/it\/wp-json\/wp\/v2\/product_cat?post=404184"},{"taxonomy":"product_tag","embeddable":true,"href":"https:\/\/bogensportdiscount.ch\/it\/wp-json\/wp\/v2\/product_tag?post=404184"}],"curies":[{"name":"wp","href":"https:\/\/api.w.org\/{rel}","templated":true}]}}