{"id":404146,"date":"2026-04-05T14:50:33","date_gmt":"2026-04-05T12:50:33","guid":{"rendered":"https:\/\/bogensportdiscount.ch\/produkt\/risers-spiga-dms-25-rh-black\/"},"modified":"2026-04-17T13:46:32","modified_gmt":"2026-04-17T11:46:32","slug":"spiga-recurvebogen-mittelstuck-dms-25","status":"publish","type":"product","link":"https:\/\/bogensportdiscount.ch\/it\/prodotto\/spiga-recurvebogen-mittelstuck-dms-25\/","title":{"rendered":"RISER SPIGA DMS 25\u2033"},"content":{"rendered":"<p>Das SPIGA DMS Mittelst\u00fcck in der L\u00e4nge 25 Zoll ist ein vollst\u00e4ndig CNC-gefr\u00e4stes Recurvebogen-Mittelst\u00fcck aus Aluminium des italienischen Herstellers Arco Sport Spigarelli. Die ILF-Pfeilauflage erm\u00f6glicht die Kombination mit einer breiten Auswahl kompatibler Wurfarme.<\/p>\n<p>Dank der CNC-Fertigung bietet das Mittelst\u00fcck eine pr\u00e4zise Passgenauigkeit und gleichbleibende Qualit\u00e4t. Es ist f\u00fcr alle Zuggewichte geeignet und richtet sich somit an Einsteiger wie auch erfahrene Sch\u00fctzen gleichermassen.<\/p>\n<ul>\n<li>Full CNC-gefr\u00e4st aus Aluminium<\/li>\n<li>ILF-Aufnahmesystem f\u00fcr breite Wurfarmenkompatibilit\u00e4t<\/li>\n<li>F\u00fcr alle Zuggewichte geeignet<\/li>\n<li>Erh\u00e4ltlich f\u00fcr Links- und Rechtshandsch\u00fctzen in den Farben Schwarz, Rot und Silber<\/li>\n<\/ul>","protected":false},"excerpt":{"rendered":"<table>\n<tr>\n<th>Propriet\u00e0<\/th>\n<th>Valore<\/th>\n<\/tr>\n<tr>\n<td>Marchio<\/td>\n<td>Arco Sport Spigarelli<\/td>\n<\/tr>\n<tr>\n<td>Tipo<\/td>\n<td>Full CNC<\/td>\n<\/tr>\n<tr>\n<td>Raccomandazione<\/td>\n<td>Alle Zuggewichte<\/td>\n<\/tr>\n<tr>\n<td>Materiale<\/td>\n<td>Aluminium<\/td>\n<\/tr>\n<tr>\n<td>Pfeilauflagensystem<\/td>\n<td>ILF<\/td>\n<\/tr>\n<tr>\n<td>Herkunftsland<\/td>\n<td>Italien<\/td>\n<\/tr>\n<\/table>","protected":false},"featured_media":450576,"comment_status":"open","ping_status":"closed","template":"","meta":[],"product_brand":[634],"product_cat":[4519],"product_tag":[],"class_list":{"0":"post-404146","1":"product","2":"type-product","3":"status-publish","4":"has-post-thumbnail","6":"product_brand-spiga","7":"product_cat-recurve-mittelteile-recurve-boegen","9":"first","10":"onbackorder","11":"shipping-taxable","12":"purchasable","13":"product-type-variable"},"_links":{"self":[{"href":"https:\/\/bogensportdiscount.ch\/it\/wp-json\/wp\/v2\/product\/404146","targetHints":{"allow":["GET"]}}],"collection":[{"href":"https:\/\/bogensportdiscount.ch\/it\/wp-json\/wp\/v2\/product"}],"about":[{"href":"https:\/\/bogensportdiscount.ch\/it\/wp-json\/wp\/v2\/types\/product"}],"replies":[{"embeddable":true,"href":"https:\/\/bogensportdiscount.ch\/it\/wp-json\/wp\/v2\/comments?post=404146"}],"wp:featuredmedia":[{"embeddable":true,"href":"https:\/\/bogensportdiscount.ch\/it\/wp-json\/wp\/v2\/media\/450576"}],"wp:attachment":[{"href":"https:\/\/bogensportdiscount.ch\/it\/wp-json\/wp\/v2\/media?parent=404146"}],"wp:term":[{"taxonomy":"product_brand","embeddable":true,"href":"https:\/\/bogensportdiscount.ch\/it\/wp-json\/wp\/v2\/product_brand?post=404146"},{"taxonomy":"product_cat","embeddable":true,"href":"https:\/\/bogensportdiscount.ch\/it\/wp-json\/wp\/v2\/product_cat?post=404146"},{"taxonomy":"product_tag","embeddable":true,"href":"https:\/\/bogensportdiscount.ch\/it\/wp-json\/wp\/v2\/product_tag?post=404146"}],"curies":[{"name":"wp","href":"https:\/\/api.w.org\/{rel}","templated":true}]}}