{"id":404124,"date":"2026-04-05T14:50:31","date_gmt":"2026-04-05T12:50:31","guid":{"rendered":"https:\/\/bogensportdiscount.ch\/produkt\/riser-beginner-silhouette-24-rh-black\/"},"modified":"2026-04-17T13:46:32","modified_gmt":"2026-04-17T11:46:32","slug":"core-recurvebogen-mittelstuck-beginner-silhouette-24-rh","status":"publish","type":"product","link":"https:\/\/bogensportdiscount.ch\/it\/prodotto\/core-recurvebogen-mittelstuck-beginner-silhouette-24-rh\/","title":{"rendered":"CORE RISER BEGINNER SILHOUETTE 24\u2033 RH"},"content":{"rendered":"<p>Das CORE Silhouette Mittelst\u00fcck ist ein 24-Zoll-Recurvebogen-Griffst\u00fcck aus Aluminium-Druckguss, das speziell f\u00fcr Einsteiger ausgelegt ist. Es ist f\u00fcr Wurfarmlimbs mit Beginner-Pfeilaufnahme (Pocket fitting) kompatibel und eignet sich f\u00fcr Zuggewichte bis maximal 36 lbs.<\/p>\n<p>Das Mittelst\u00fcck ist in mehreren Farben erh\u00e4ltlich (Schwarz, Blau, Gr\u00fcn, Rot, Weiss) und bietet damit eine einfache M\u00f6glichkeit zur individuellen Gestaltung. Die Ausf\u00fchrung ist f\u00fcr rechtsh\u00e4ndige Sch\u00fctzen (RH) konzipiert.<\/p>\n<ul>\n<li>Material: Aluminium-Druckguss<\/li>\n<li>Griffl\u00e4nge: 24 Zoll<\/li>\n<li>Empfohlenes maximales Zuggewicht: 36 lbs<\/li>\n<li>Geeignet f\u00fcr Einsteiger-Limb-Aufnahmen<\/li>\n<\/ul>","protected":false},"excerpt":{"rendered":"<table>\n<tr>\n<th>Propriet\u00e0<\/th>\n<th>Valore<\/th>\n<\/tr>\n<tr>\n<td>Tipo<\/td>\n<td>Druckguss (Die-cast)<\/td>\n<\/tr>\n<tr>\n<td>Materiale<\/td>\n<td>Aluminium<\/td>\n<\/tr>\n<tr>\n<td>Raccomandazione<\/td>\n<td>Max. 36 lbs<\/td>\n<\/tr>\n<tr>\n<td>Pfeilauflage-Aufnahme<\/td>\n<td>Einsteiger (Beginner)<\/td>\n<\/tr>\n<tr>\n<td>Griffl\u00e4nge<\/td>\n<td>24&#8243;<\/td>\n<\/tr>\n<tr>\n<td>Mano<\/td>\n<td>Destrimani (RH)<\/td>\n<\/tr>\n<\/table>","protected":false},"featured_media":450565,"comment_status":"open","ping_status":"closed","template":"","meta":[],"product_brand":[423],"product_cat":[4519],"product_tag":[],"class_list":{"0":"post-404124","1":"product","2":"type-product","3":"status-publish","4":"has-post-thumbnail","6":"product_brand-core","7":"product_cat-recurve-mittelteile-recurve-boegen","9":"first","10":"instock","11":"shipping-taxable","12":"purchasable","13":"product-type-variable"},"_links":{"self":[{"href":"https:\/\/bogensportdiscount.ch\/it\/wp-json\/wp\/v2\/product\/404124","targetHints":{"allow":["GET"]}}],"collection":[{"href":"https:\/\/bogensportdiscount.ch\/it\/wp-json\/wp\/v2\/product"}],"about":[{"href":"https:\/\/bogensportdiscount.ch\/it\/wp-json\/wp\/v2\/types\/product"}],"replies":[{"embeddable":true,"href":"https:\/\/bogensportdiscount.ch\/it\/wp-json\/wp\/v2\/comments?post=404124"}],"wp:featuredmedia":[{"embeddable":true,"href":"https:\/\/bogensportdiscount.ch\/it\/wp-json\/wp\/v2\/media\/450565"}],"wp:attachment":[{"href":"https:\/\/bogensportdiscount.ch\/it\/wp-json\/wp\/v2\/media?parent=404124"}],"wp:term":[{"taxonomy":"product_brand","embeddable":true,"href":"https:\/\/bogensportdiscount.ch\/it\/wp-json\/wp\/v2\/product_brand?post=404124"},{"taxonomy":"product_cat","embeddable":true,"href":"https:\/\/bogensportdiscount.ch\/it\/wp-json\/wp\/v2\/product_cat?post=404124"},{"taxonomy":"product_tag","embeddable":true,"href":"https:\/\/bogensportdiscount.ch\/it\/wp-json\/wp\/v2\/product_tag?post=404124"}],"curies":[{"name":"wp","href":"https:\/\/api.w.org\/{rel}","templated":true}]}}