{"id":404120,"date":"2026-04-05T14:50:30","date_gmt":"2026-04-05T12:50:30","guid":{"rendered":"https:\/\/bogensportdiscount.ch\/produkt\/beginner-jet-metal-24-rh-66-68-70-black\/"},"modified":"2026-04-20T09:06:13","modified_gmt":"2026-04-20T07:06:13","slug":"core-recurvebogen-mittelstuck-beginner-jet-metal-24-rh-66-68-70","status":"publish","type":"product","link":"https:\/\/bogensportdiscount.ch\/it\/prodotto\/core-recurvebogen-mittelstuck-beginner-jet-metal-24-rh-66-68-70\/","title":{"rendered":"CORE ANFAENGER JET METALL 24&#8243; RH 66-68-70&#8243;"},"content":{"rendered":"<p>Il CORE Beginner JET METAL \u00e8 un'impugnatura in metallo per archi ricurvi rivolta ai principianti che desiderano iniziare con un setup stabile e funzionale. La lunghezza dell'impugnatura di 24 pollici consente la combinazione con braccia standard nelle lunghezze 66, 68 e 70 pollici. La versione \u00e8 progettata per mancini destri (RH).<\/p>\n<p>L'impugnatura \u00e8 in metallo e offre una base solida per iniziare nello sport del ricurvo. \u00c8 disponibile nei colori Nero e Giallo.<\/p>\n<ul>\n<li>Impugnatura in metallo per archi ricurvi<\/li>\n<li>Lunghezza dell'impugnatura 24 pollici<\/li>\n<li>Compatibile con lunghezze arco 66&#8243;, 68&#8243; e 70&#8243;<\/li>\n<li>Per destrimani (RH)<\/li>\n<\/ul>","protected":false},"excerpt":{"rendered":"<p>Il CORE Beginner JET METAL \u00e8 un'impugnatura per arco ricurvo in metallo con una lunghezza di 24 pollici, progettata per arcieri destri. \u00c8 compatibile con lunghezze d'arco di 66, 68 e 70 pollici ed \u00e8 particolarmente adatta ai principianti nel ricurvo. Disponibile nei colori Nero e Giallo.<\/p>","protected":false},"featured_media":450562,"comment_status":"open","ping_status":"closed","template":"","meta":[],"product_brand":[423],"product_cat":[4519],"product_tag":[],"class_list":{"0":"post-404120","1":"product","2":"type-product","3":"status-publish","4":"has-post-thumbnail","6":"product_brand-core","7":"product_cat-recurve-mittelteile-recurve-boegen","9":"first","10":"instock","11":"shipping-taxable","12":"purchasable","13":"product-type-variable"},"yoast_head":"<!-- This site is optimized with the Yoast SEO plugin v27.4 - https:\/\/yoast.com\/product\/yoast-seo-wordpress\/ -->\n<title>CORE ANFAENGER JET METALL 24&quot; RH 66-68-70&quot; - Bogensportdiscount \u2013 B\u00f6gen, Pfeile, Targets &amp; Zubeh\u00f6r<\/title>\n<meta name=\"robots\" content=\"noindex, follow, max-snippet:-1, max-image-preview:large, max-video-preview:-1\" \/>\n<meta property=\"og:locale\" content=\"it_IT\" \/>\n<meta property=\"og:type\" content=\"article\" \/>\n<meta property=\"og:title\" content=\"CORE ANFAENGER JET METALL 24&quot; RH 66-68-70&quot; - Bogensportdiscount \u2013 B\u00f6gen, Pfeile, Targets &amp; Zubeh\u00f6r\" \/>\n<meta property=\"og:description\" content=\"Das CORE Beginner Jet Metal ist ein Recurvebogen-Mittelst\u00fcck aus Metall mit einer Griffl\u00e4nge von 24 Zoll, ausgelegt f\u00fcr Rechtsh\u00e4nder. Es ist kompatibel mit Bogenl\u00e4ngen von 66, 68 und 70 Zoll und eignet sich besonders f\u00fcr Einsteiger im Recurvesport. Erh\u00e4ltlich in den Farben Schwarz und Gelb.\" \/>\n<meta property=\"og:url\" content=\"https:\/\/bogensportdiscount.ch\/it\/produit\/core-recurvebogen-mittelstuck-beginner-jet-metal-24-rh-66-68-70\/\" \/>\n<meta property=\"og:site_name\" content=\"Bogensportdiscount \u2013 B\u00f6gen, Pfeile, Targets &amp; Zubeh\u00f6r\" \/>\n<meta property=\"article:modified_time\" content=\"2026-04-20T07:06:13+00:00\" \/>\n<meta property=\"og:image\" content=\"https:\/\/bogensportdiscount.ch\/wp-content\/uploads\/bsm-images\/A039433_1.png\" \/>\n\t<meta property=\"og:image:width\" content=\"438\" \/>\n\t<meta property=\"og:image:height\" content=\"1772\" \/>\n\t<meta property=\"og:image:type\" content=\"image\/png\" \/>\n<meta name=\"twitter:card\" content=\"summary_large_image\" \/>\n<meta name=\"twitter:label1\" content=\"Est. reading time\" \/>\n\t<meta name=\"twitter:data1\" content=\"1 minuto\" \/>\n<script type=\"application\/ld+json\" class=\"yoast-schema-graph\">{\"@context\":\"https:\\\/\\\/schema.org\",\"@graph\":[{\"@type\":\"WebPage\",\"@id\":\"https:\\\/\\\/bogensportdiscount.ch\\\/fr\\\/produit\\\/core-recurvebogen-mittelstuck-beginner-jet-metal-24-rh-66-68-70\\\/\",\"url\":\"https:\\\/\\\/bogensportdiscount.ch\\\/fr\\\/produit\\\/core-recurvebogen-mittelstuck-beginner-jet-metal-24-rh-66-68-70\\\/\",\"name\":\"CORE ANFAENGER JET METALL 24\\\" RH 66-68-70\\\" - Bogensportdiscount \u2013 B\u00f6gen, Pfeile, Targets &amp; Zubeh\u00f6r\",\"isPartOf\":{\"@id\":\"https:\\\/\\\/bogensportdiscount.ch\\\/#website\"},\"primaryImageOfPage\":{\"@id\":\"https:\\\/\\\/bogensportdiscount.ch\\\/fr\\\/produit\\\/core-recurvebogen-mittelstuck-beginner-jet-metal-24-rh-66-68-70\\\/#primaryimage\"},\"image\":{\"@id\":\"https:\\\/\\\/bogensportdiscount.ch\\\/fr\\\/produit\\\/core-recurvebogen-mittelstuck-beginner-jet-metal-24-rh-66-68-70\\\/#primaryimage\"},\"thumbnailUrl\":\"https:\\\/\\\/bogensportdiscount.ch\\\/wp-content\\\/uploads\\\/bsm-images\\\/A039433_1.png\",\"datePublished\":\"2026-04-05T12:50:30+00:00\",\"dateModified\":\"2026-04-20T07:06:13+00:00\",\"breadcrumb\":{\"@id\":\"https:\\\/\\\/bogensportdiscount.ch\\\/fr\\\/produit\\\/core-recurvebogen-mittelstuck-beginner-jet-metal-24-rh-66-68-70\\\/#breadcrumb\"},\"inLanguage\":\"it-IT\",\"potentialAction\":[{\"@type\":\"ReadAction\",\"target\":[\"https:\\\/\\\/bogensportdiscount.ch\\\/fr\\\/produit\\\/core-recurvebogen-mittelstuck-beginner-jet-metal-24-rh-66-68-70\\\/\"]}]},{\"@type\":\"ImageObject\",\"inLanguage\":\"it-IT\",\"@id\":\"https:\\\/\\\/bogensportdiscount.ch\\\/fr\\\/produit\\\/core-recurvebogen-mittelstuck-beginner-jet-metal-24-rh-66-68-70\\\/#primaryimage\",\"url\":\"https:\\\/\\\/bogensportdiscount.ch\\\/wp-content\\\/uploads\\\/bsm-images\\\/A039433_1.png\",\"contentUrl\":\"https:\\\/\\\/bogensportdiscount.ch\\\/wp-content\\\/uploads\\\/bsm-images\\\/A039433_1.png\",\"width\":438,\"height\":1772},{\"@type\":\"BreadcrumbList\",\"@id\":\"https:\\\/\\\/bogensportdiscount.ch\\\/fr\\\/produit\\\/core-recurvebogen-mittelstuck-beginner-jet-metal-24-rh-66-68-70\\\/#breadcrumb\",\"itemListElement\":[{\"@type\":\"ListItem\",\"position\":1,\"name\":\"Home\",\"item\":\"https:\\\/\\\/bogensportdiscount.ch\\\/\"},{\"@type\":\"ListItem\",\"position\":2,\"name\":\"Shop\",\"item\":\"https:\\\/\\\/bogensportdiscount.ch\\\/shop\\\/\"},{\"@type\":\"ListItem\",\"position\":3,\"name\":\"CORE ANFAENGER JET METALL 24&#8243; RH 66-68-70&#8243;\"}]},{\"@type\":\"WebSite\",\"@id\":\"https:\\\/\\\/bogensportdiscount.ch\\\/#website\",\"url\":\"https:\\\/\\\/bogensportdiscount.ch\\\/\",\"name\":\"Bogensportdiscount\",\"description\":\"\",\"potentialAction\":[{\"@type\":\"SearchAction\",\"target\":{\"@type\":\"EntryPoint\",\"urlTemplate\":\"https:\\\/\\\/bogensportdiscount.ch\\\/?s={search_term_string}\"},\"query-input\":{\"@type\":\"PropertyValueSpecification\",\"valueRequired\":true,\"valueName\":\"search_term_string\"}}],\"inLanguage\":\"it-IT\"}]}<\/script>\n<!-- \/ Yoast SEO plugin. -->","yoast_head_json":{"title":"CORE ANFAENGER JET METALL 24\" RH 66-68-70\" - Bogensportdiscount \u2013 B\u00f6gen, Pfeile, Targets &amp; Zubeh\u00f6r","robots":{"index":"noindex","follow":"follow","max-snippet":"max-snippet:-1","max-image-preview":"max-image-preview:large","max-video-preview":"max-video-preview:-1"},"og_locale":"it_IT","og_type":"article","og_title":"CORE ANFAENGER JET METALL 24\" RH 66-68-70\" - Bogensportdiscount \u2013 B\u00f6gen, Pfeile, Targets &amp; Zubeh\u00f6r","og_description":"Das CORE Beginner Jet Metal ist ein Recurvebogen-Mittelst\u00fcck aus Metall mit einer Griffl\u00e4nge von 24 Zoll, ausgelegt f\u00fcr Rechtsh\u00e4nder. Es ist kompatibel mit Bogenl\u00e4ngen von 66, 68 und 70 Zoll und eignet sich besonders f\u00fcr Einsteiger im Recurvesport. Erh\u00e4ltlich in den Farben Schwarz und Gelb.","og_url":"https:\/\/bogensportdiscount.ch\/it\/produit\/core-recurvebogen-mittelstuck-beginner-jet-metal-24-rh-66-68-70\/","og_site_name":"Bogensportdiscount \u2013 B\u00f6gen, Pfeile, Targets &amp; Zubeh\u00f6r","article_modified_time":"2026-04-20T07:06:13+00:00","og_image":[{"width":438,"height":1772,"url":"https:\/\/bogensportdiscount.ch\/wp-content\/uploads\/bsm-images\/A039433_1.png","type":"image\/png"}],"twitter_card":"summary_large_image","twitter_misc":{"Est. reading time":"1 minuto"},"schema":{"@context":"https:\/\/schema.org","@graph":[{"@type":"WebPage","@id":"https:\/\/bogensportdiscount.ch\/fr\/produit\/core-recurvebogen-mittelstuck-beginner-jet-metal-24-rh-66-68-70\/","url":"https:\/\/bogensportdiscount.ch\/fr\/produit\/core-recurvebogen-mittelstuck-beginner-jet-metal-24-rh-66-68-70\/","name":"CORE ANFAENGER JET METALL 24\" RH 66-68-70\" - Bogensportdiscount \u2013 B\u00f6gen, Pfeile, Targets &amp; Zubeh\u00f6r","isPartOf":{"@id":"https:\/\/bogensportdiscount.ch\/#website"},"primaryImageOfPage":{"@id":"https:\/\/bogensportdiscount.ch\/fr\/produit\/core-recurvebogen-mittelstuck-beginner-jet-metal-24-rh-66-68-70\/#primaryimage"},"image":{"@id":"https:\/\/bogensportdiscount.ch\/fr\/produit\/core-recurvebogen-mittelstuck-beginner-jet-metal-24-rh-66-68-70\/#primaryimage"},"thumbnailUrl":"https:\/\/bogensportdiscount.ch\/wp-content\/uploads\/bsm-images\/A039433_1.png","datePublished":"2026-04-05T12:50:30+00:00","dateModified":"2026-04-20T07:06:13+00:00","breadcrumb":{"@id":"https:\/\/bogensportdiscount.ch\/fr\/produit\/core-recurvebogen-mittelstuck-beginner-jet-metal-24-rh-66-68-70\/#breadcrumb"},"inLanguage":"it-IT","potentialAction":[{"@type":"ReadAction","target":["https:\/\/bogensportdiscount.ch\/fr\/produit\/core-recurvebogen-mittelstuck-beginner-jet-metal-24-rh-66-68-70\/"]}]},{"@type":"ImageObject","inLanguage":"it-IT","@id":"https:\/\/bogensportdiscount.ch\/fr\/produit\/core-recurvebogen-mittelstuck-beginner-jet-metal-24-rh-66-68-70\/#primaryimage","url":"https:\/\/bogensportdiscount.ch\/wp-content\/uploads\/bsm-images\/A039433_1.png","contentUrl":"https:\/\/bogensportdiscount.ch\/wp-content\/uploads\/bsm-images\/A039433_1.png","width":438,"height":1772},{"@type":"BreadcrumbList","@id":"https:\/\/bogensportdiscount.ch\/fr\/produit\/core-recurvebogen-mittelstuck-beginner-jet-metal-24-rh-66-68-70\/#breadcrumb","itemListElement":[{"@type":"ListItem","position":1,"name":"Home","item":"https:\/\/bogensportdiscount.ch\/"},{"@type":"ListItem","position":2,"name":"Shop","item":"https:\/\/bogensportdiscount.ch\/shop\/"},{"@type":"ListItem","position":3,"name":"CORE ANFAENGER JET METALL 24&#8243; RH 66-68-70&#8243;"}]},{"@type":"WebSite","@id":"https:\/\/bogensportdiscount.ch\/#website","url":"https:\/\/bogensportdiscount.ch\/","name":"Bogensportdiscount","description":"","potentialAction":[{"@type":"SearchAction","target":{"@type":"EntryPoint","urlTemplate":"https:\/\/bogensportdiscount.ch\/?s={search_term_string}"},"query-input":{"@type":"PropertyValueSpecification","valueRequired":true,"valueName":"search_term_string"}}],"inLanguage":"it-IT"}]}},"_links":{"self":[{"href":"https:\/\/bogensportdiscount.ch\/it\/wp-json\/wp\/v2\/product\/404120","targetHints":{"allow":["GET"]}}],"collection":[{"href":"https:\/\/bogensportdiscount.ch\/it\/wp-json\/wp\/v2\/product"}],"about":[{"href":"https:\/\/bogensportdiscount.ch\/it\/wp-json\/wp\/v2\/types\/product"}],"replies":[{"embeddable":true,"href":"https:\/\/bogensportdiscount.ch\/it\/wp-json\/wp\/v2\/comments?post=404120"}],"wp:featuredmedia":[{"embeddable":true,"href":"https:\/\/bogensportdiscount.ch\/it\/wp-json\/wp\/v2\/media\/450562"}],"wp:attachment":[{"href":"https:\/\/bogensportdiscount.ch\/it\/wp-json\/wp\/v2\/media?parent=404120"}],"wp:term":[{"taxonomy":"product_brand","embeddable":true,"href":"https:\/\/bogensportdiscount.ch\/it\/wp-json\/wp\/v2\/product_brand?post=404120"},{"taxonomy":"product_cat","embeddable":true,"href":"https:\/\/bogensportdiscount.ch\/it\/wp-json\/wp\/v2\/product_cat?post=404120"},{"taxonomy":"product_tag","embeddable":true,"href":"https:\/\/bogensportdiscount.ch\/it\/wp-json\/wp\/v2\/product_tag?post=404120"}],"curies":[{"name":"wp","href":"https:\/\/api.w.org\/{rel}","templated":true}]}}