{"id":404089,"date":"2026-04-05T14:50:28","date_gmt":"2026-04-05T12:50:28","guid":{"rendered":"https:\/\/bogensportdiscount.ch\/produkt\/limbs-ilf-miracle-cross-carbon-foam-25-66-26-lbs-23-64-28-lbs\/"},"modified":"2026-04-17T13:46:32","modified_gmt":"2026-04-17T11:46:32","slug":"sanlida-recurvebogen-wurfarme-ilf-miracle-cross-carbon-foam-25-zoll","status":"publish","type":"product","link":"https:\/\/bogensportdiscount.ch\/it\/prodotto\/sanlida-recurvebogen-wurfarme-ilf-miracle-cross-carbon-foam-25-zoll\/","title":{"rendered":"SANLIDA LIMBS ILF MIRACLE CROSS CARBON FOAM 25\u2033 LBS"},"content":{"rendered":"<p>Die SANLIDA Miracle Cross Carbon Foam Wurfarme sind ILF-kompatible Recurvebogen-Wurfarme mit einer Wurfarm-L\u00e4nge von 25&#8243;. Dank des ILF-Systems (International Limb Fitting) lassen sie sich mit jedem ILF-kompatiblen Mittelteil kombinieren, was eine grosse Flexibilit\u00e4t bei der Bogenkonfiguration erm\u00f6glicht.<\/p>\n<p>Das Carbon-Foam-Laminat bietet eine gute Balance zwischen Gewicht, Schwingungsverhalten und Haltbarkeit. Die Wurfarme sind in einer Vielzahl von Zuggewichtskombinationen f\u00fcr Gesamtbogenl\u00e4ngen von 66&#8243;, 68&#8243; und 70&#8243; erh\u00e4ltlich \u2013 von leichten Einstiegsgewichten bis hin zu st\u00e4rkeren Optionen f\u00fcr fortgeschrittene Sch\u00fctzen.<\/p>\n<ul>\n<li>ILF-kompatibel \u2013 passend zu allen g\u00e4ngigen ILF-Mittelteilen<\/li>\n<li>Carbon-Foam-Laminat-Konstruktion<\/li>\n<li>Wurfarm-L\u00e4nge: 25&#8243;<\/li>\n<li>Verf\u00fcgbar f\u00fcr Bogenl\u00e4ngen 66&#8243;, 68&#8243; und 70&#8243; in verschiedenen Zuggewichten<\/li>\n<\/ul>","protected":false},"excerpt":{"rendered":"<p><strong>Marchio:<\/strong> Sanlida<br \/><strong>Materiale:<\/strong> Carbon foam<\/p>","protected":false},"featured_media":450559,"comment_status":"open","ping_status":"closed","template":"","meta":[],"product_brand":[459],"product_cat":[4520],"product_tag":[],"class_list":{"0":"post-404089","1":"product","2":"type-product","3":"status-publish","4":"has-post-thumbnail","6":"product_brand-sanlida","7":"product_cat-recurve-wurfarme-recurve-boegen","9":"first","10":"instock","11":"shipping-taxable","12":"purchasable","13":"product-type-variable"},"_links":{"self":[{"href":"https:\/\/bogensportdiscount.ch\/it\/wp-json\/wp\/v2\/product\/404089","targetHints":{"allow":["GET"]}}],"collection":[{"href":"https:\/\/bogensportdiscount.ch\/it\/wp-json\/wp\/v2\/product"}],"about":[{"href":"https:\/\/bogensportdiscount.ch\/it\/wp-json\/wp\/v2\/types\/product"}],"replies":[{"embeddable":true,"href":"https:\/\/bogensportdiscount.ch\/it\/wp-json\/wp\/v2\/comments?post=404089"}],"wp:featuredmedia":[{"embeddable":true,"href":"https:\/\/bogensportdiscount.ch\/it\/wp-json\/wp\/v2\/media\/450559"}],"wp:attachment":[{"href":"https:\/\/bogensportdiscount.ch\/it\/wp-json\/wp\/v2\/media?parent=404089"}],"wp:term":[{"taxonomy":"product_brand","embeddable":true,"href":"https:\/\/bogensportdiscount.ch\/it\/wp-json\/wp\/v2\/product_brand?post=404089"},{"taxonomy":"product_cat","embeddable":true,"href":"https:\/\/bogensportdiscount.ch\/it\/wp-json\/wp\/v2\/product_cat?post=404089"},{"taxonomy":"product_tag","embeddable":true,"href":"https:\/\/bogensportdiscount.ch\/it\/wp-json\/wp\/v2\/product_tag?post=404089"}],"curies":[{"name":"wp","href":"https:\/\/api.w.org\/{rel}","templated":true}]}}