{"id":403983,"date":"2026-04-05T14:50:21","date_gmt":"2026-04-05T12:50:21","guid":{"rendered":"https:\/\/bogensportdiscount.ch\/produkt\/limbs-ilf-fiber-wood-black-prelude-25-66-20-lbs-23-64-22-lbs\/"},"modified":"2026-04-17T13:46:31","modified_gmt":"2026-04-17T11:46:31","slug":"core-wurfarme-ilf-fiber-wood-black-prelude-25","status":"publish","type":"product","link":"https:\/\/bogensportdiscount.ch\/it\/prodotto\/core-wurfarme-ilf-fiber-wood-black-prelude-25\/","title":{"rendered":"ARTI IN FIBRA DI LEGNO ILF PRELUDIO NERO 25\u2033."},"content":{"rendered":"<p>Die CORE Prelude Wurfarme (25&#8243;) sind f\u00fcr ILF-Recurvebogen-Mittelteile konzipiert und nutzen eine Fiber-Wood-Konstruktion, die eine solide Basis f\u00fcr Einsteiger und Fortgeschrittene bietet. Das schlichte schwarze Design f\u00fcgt sich in klassische Recurvebogen-Setups ein.<\/p>\n<p>Die ILF-Schnittstelle (International Limb Fitting) erm\u00f6glicht eine einfache Montage an kompatiblen Mittelteilen verschiedener Hersteller. Die Wurfarme sind in mehreren Kombinationen aus Bogenl\u00e4nge (66&#8243;, 68&#8243;, 70&#8243;) und Zuggewicht (20 bis 44 lbs) erh\u00e4ltlich, sodass eine passende Konfiguration f\u00fcr unterschiedliche Schiessstile und K\u00f6rpermasse gefunden werden kann.<\/p>\n<ul>\n<li>ILF-kompatibel \u2013 passt an standardisierte Mittelteile<\/li>\n<li>Fiber-Wood-Konstruktion f\u00fcr ausgewogene D\u00e4mpfung<\/li>\n<li>Erh\u00e4ltlich in verschiedenen Bogenl\u00e4ngen und Zuggewichten<\/li>\n<li>Schlichtes schwarzes Design<\/li>\n<\/ul>","protected":false},"excerpt":{"rendered":"<p><strong>Marchio:<\/strong> Core<br \/><strong>Materiale:<\/strong> Fiber wood<\/p>","protected":false},"featured_media":452685,"comment_status":"open","ping_status":"closed","template":"","meta":[],"product_brand":[423],"product_cat":[4520],"product_tag":[],"class_list":{"0":"post-403983","1":"product","2":"type-product","3":"status-publish","4":"has-post-thumbnail","6":"product_brand-core","7":"product_cat-recurve-wurfarme-recurve-boegen","9":"first","10":"instock","11":"shipping-taxable","12":"purchasable","13":"product-type-variable"},"_links":{"self":[{"href":"https:\/\/bogensportdiscount.ch\/it\/wp-json\/wp\/v2\/product\/403983","targetHints":{"allow":["GET"]}}],"collection":[{"href":"https:\/\/bogensportdiscount.ch\/it\/wp-json\/wp\/v2\/product"}],"about":[{"href":"https:\/\/bogensportdiscount.ch\/it\/wp-json\/wp\/v2\/types\/product"}],"replies":[{"embeddable":true,"href":"https:\/\/bogensportdiscount.ch\/it\/wp-json\/wp\/v2\/comments?post=403983"}],"wp:featuredmedia":[{"embeddable":true,"href":"https:\/\/bogensportdiscount.ch\/it\/wp-json\/wp\/v2\/media\/452685"}],"wp:attachment":[{"href":"https:\/\/bogensportdiscount.ch\/it\/wp-json\/wp\/v2\/media?parent=403983"}],"wp:term":[{"taxonomy":"product_brand","embeddable":true,"href":"https:\/\/bogensportdiscount.ch\/it\/wp-json\/wp\/v2\/product_brand?post=403983"},{"taxonomy":"product_cat","embeddable":true,"href":"https:\/\/bogensportdiscount.ch\/it\/wp-json\/wp\/v2\/product_cat?post=403983"},{"taxonomy":"product_tag","embeddable":true,"href":"https:\/\/bogensportdiscount.ch\/it\/wp-json\/wp\/v2\/product_tag?post=403983"}],"curies":[{"name":"wp","href":"https:\/\/api.w.org\/{rel}","templated":true}]}}