{"id":403973,"date":"2026-04-05T14:50:20","date_gmt":"2026-04-05T12:50:20","guid":{"rendered":"https:\/\/bogensportdiscount.ch\/produkt\/limbs-ilf-fiber-wood-white-prelude-25-66-18-lbs-23-64-20-lbs\/"},"modified":"2026-04-17T13:46:31","modified_gmt":"2026-04-17T11:46:31","slug":"core-wurfarme-ilf-fiber-wood-white-prelude-25","status":"publish","type":"product","link":"https:\/\/bogensportdiscount.ch\/it\/prodotto\/core-wurfarme-ilf-fiber-wood-white-prelude-25\/","title":{"rendered":"MEMBRA DI NUCLEO ILF FIBRA DI LEGNO BIANCO PRELUDIO 25\u2033 LBS"},"content":{"rendered":"<p>Die CORE Prelude Wurfarme mit 25 Zoll L\u00e4nge sind f\u00fcr den Einsatz an ILF-kompatiblen Recurvebogen-Mittelst\u00fccken konzipiert. Die Fiber-Wood-Bauweise kombiniert Holzkern und Glasfaserlagen, was eine ausgewogene Balance zwischen Gewicht, Flexibilit\u00e4t und D\u00e4mpfungsverhalten ergibt.<\/p>\n<p>Die Wurfarme sind in Weiss gehalten und in zahlreichen Kombination aus Bogenl\u00e4nge und Zuggewicht verf\u00fcgbar \u2013 von 66-18 LBS bis 70-38 LBS. Damit decken sie einen breiten Anwendungsbereich ab, vom Einsteiger bis zum fortgeschrittenen Sch\u00fctzen.<\/p>\n<ul>\n<li>ILF-System: kompatibel mit g\u00e4ngigen ILF-Mittelst\u00fccken<\/li>\n<li>Fiber-Wood-Konstruktion: Holzkern mit Glasfaserlagen<\/li>\n<li>Breite Auswahl an Bogenl\u00e4ngen und Zuggewichten<\/li>\n<li>Geeignet f\u00fcr Freizeit- und Trainingssch\u00fctzen<\/li>\n<\/ul>","protected":false},"excerpt":{"rendered":"<p><strong>Marchio:<\/strong> Core<br \/><strong>Materiale:<\/strong> Fiber wood<\/p>","protected":false},"featured_media":452630,"comment_status":"open","ping_status":"closed","template":"","meta":[],"product_brand":[423],"product_cat":[4520],"product_tag":[],"class_list":{"0":"post-403973","1":"product","2":"type-product","3":"status-publish","4":"has-post-thumbnail","6":"product_brand-core","7":"product_cat-recurve-wurfarme-recurve-boegen","9":"first","10":"instock","11":"shipping-taxable","12":"purchasable","13":"product-type-variable"},"_links":{"self":[{"href":"https:\/\/bogensportdiscount.ch\/it\/wp-json\/wp\/v2\/product\/403973","targetHints":{"allow":["GET"]}}],"collection":[{"href":"https:\/\/bogensportdiscount.ch\/it\/wp-json\/wp\/v2\/product"}],"about":[{"href":"https:\/\/bogensportdiscount.ch\/it\/wp-json\/wp\/v2\/types\/product"}],"replies":[{"embeddable":true,"href":"https:\/\/bogensportdiscount.ch\/it\/wp-json\/wp\/v2\/comments?post=403973"}],"wp:featuredmedia":[{"embeddable":true,"href":"https:\/\/bogensportdiscount.ch\/it\/wp-json\/wp\/v2\/media\/452630"}],"wp:attachment":[{"href":"https:\/\/bogensportdiscount.ch\/it\/wp-json\/wp\/v2\/media?parent=403973"}],"wp:term":[{"taxonomy":"product_brand","embeddable":true,"href":"https:\/\/bogensportdiscount.ch\/it\/wp-json\/wp\/v2\/product_brand?post=403973"},{"taxonomy":"product_cat","embeddable":true,"href":"https:\/\/bogensportdiscount.ch\/it\/wp-json\/wp\/v2\/product_cat?post=403973"},{"taxonomy":"product_tag","embeddable":true,"href":"https:\/\/bogensportdiscount.ch\/it\/wp-json\/wp\/v2\/product_tag?post=403973"}],"curies":[{"name":"wp","href":"https:\/\/api.w.org\/{rel}","templated":true}]}}