{"id":403902,"date":"2026-04-05T14:50:14","date_gmt":"2026-04-05T12:50:14","guid":{"rendered":"https:\/\/bogensportdiscount.ch\/produkt\/compound-drop-away-rests-integrate-mx-rh-black\/"},"modified":"2026-04-17T13:46:30","modified_gmt":"2026-04-17T11:46:30","slug":"mathews-compound-fallaway-auflage-integrate-mx","status":"publish","type":"product","link":"https:\/\/bogensportdiscount.ch\/it\/prodotto\/mathews-compound-fallaway-auflage-integrate-mx\/","title":{"rendered":"MATHEWS COMPOSTO DROP AWAY RESTS INTEGRARE MX"},"content":{"rendered":"<p>Die MATHEWS Integrate MX ist eine Fallaway-Pfeilauflage, die f\u00fcr den Einsatz an Compound-B\u00f6gen entwickelt wurde. Fallaway-Auflagen sorgen daf\u00fcr, dass die Auflage beim Abschuss nach unten f\u00e4llt und so minimalen Kontakt mit dem Pfeil hat \u2013 dies f\u00f6rdert eine saubere Pfeilf\u00fchrung und gleichm\u00e4ssige Sch\u00fcsse.<\/p>\n<p>Die Integrate MX ist f\u00fcr Mathews-kompatible Bogenmodelle ausgelegt und wird in einer Rechtshand- sowie einer Linkshandversion angeboten, um unterschiedlichen Bogensch\u00fctzen gerecht zu werden.<\/p>\n<ul>\n<li>Fallaway-Mechanismus f\u00fcr minimalen Pfeilkontakt beim Abschuss<\/li>\n<li>Erh\u00e4ltlich f\u00fcr Rechts- und Linkshandbogensch\u00fctzen<\/li>\n<li>Passend f\u00fcr kompatible Mathews Compound-B\u00f6gen<\/li>\n<\/ul>","protected":false},"excerpt":{"rendered":"<p><strong>Marchio:<\/strong> Mathews<\/p>","protected":false},"featured_media":450543,"comment_status":"open","ping_status":"closed","template":"","meta":[],"product_brand":[427],"product_cat":[4233],"product_tag":[],"class_list":{"0":"post-403902","1":"product","2":"type-product","3":"status-publish","4":"has-post-thumbnail","6":"product_brand-mathews","7":"product_cat-compound-drop-away-pfeilauflage","9":"first","10":"instock","11":"shipping-taxable","12":"purchasable","13":"product-type-variable"},"_links":{"self":[{"href":"https:\/\/bogensportdiscount.ch\/it\/wp-json\/wp\/v2\/product\/403902","targetHints":{"allow":["GET"]}}],"collection":[{"href":"https:\/\/bogensportdiscount.ch\/it\/wp-json\/wp\/v2\/product"}],"about":[{"href":"https:\/\/bogensportdiscount.ch\/it\/wp-json\/wp\/v2\/types\/product"}],"replies":[{"embeddable":true,"href":"https:\/\/bogensportdiscount.ch\/it\/wp-json\/wp\/v2\/comments?post=403902"}],"wp:featuredmedia":[{"embeddable":true,"href":"https:\/\/bogensportdiscount.ch\/it\/wp-json\/wp\/v2\/media\/450543"}],"wp:attachment":[{"href":"https:\/\/bogensportdiscount.ch\/it\/wp-json\/wp\/v2\/media?parent=403902"}],"wp:term":[{"taxonomy":"product_brand","embeddable":true,"href":"https:\/\/bogensportdiscount.ch\/it\/wp-json\/wp\/v2\/product_brand?post=403902"},{"taxonomy":"product_cat","embeddable":true,"href":"https:\/\/bogensportdiscount.ch\/it\/wp-json\/wp\/v2\/product_cat?post=403902"},{"taxonomy":"product_tag","embeddable":true,"href":"https:\/\/bogensportdiscount.ch\/it\/wp-json\/wp\/v2\/product_tag?post=403902"}],"curies":[{"name":"wp","href":"https:\/\/api.w.org\/{rel}","templated":true}]}}