{"id":403864,"date":"2026-04-05T14:50:09","date_gmt":"2026-04-05T12:50:09","guid":{"rendered":"https:\/\/bogensportdiscount.ch\/produkt\/compound-blade-rests-rhythm-w-ext-mount-rh-red-008-010-012-blades-incl\/"},"modified":"2026-04-19T11:54:01","modified_gmt":"2026-04-19T09:54:01","slug":"sureloc-compound-pfeilauflage-rhythm-erweiterungshalterung-rh","status":"publish","type":"product","link":"https:\/\/bogensportdiscount.ch\/it\/prodotto\/sureloc-compound-pfeilauflage-rhythm-erweiterungshalterung-rh\/","title":{"rendered":"SURELOC COMPOUND KLINGEN AUFLAGEN RHYTHM w\/ EXT. MOUNT RH"},"content":{"rendered":"<p>Die SURELOC Rhythm Blade-Pfeilauflage ist speziell f\u00fcr den Einsatz an Compoundb\u00f6gen konzipiert und richtet sich an Rechtsh\u00e4nder. Die integrierte Erweiterungshalterung (Extended Mount) erm\u00f6glicht eine flexible Montageposition am Bogenriser und erleichtert die Feinabstimmung der Pfeilauflage.<\/p>\n<p>Als Blade-Auflage h\u00e4lt die Rhythm den Pfeil pr\u00e4zise in Position und sorgt f\u00fcr eine gleichm\u00e4ssige Pfeilf\u00fchrung beim Abschuss. Die Auflage ist in vier Farben erh\u00e4ltlich: Blau, Gr\u00fcn, Orange und Rot.<\/p>\n<ul>\n<li>Blade-Pfeilauflage f\u00fcr Compoundb\u00f6gen<\/li>\n<li>Mit Erweiterungshalterung f\u00fcr flexible Montage<\/li>\n<li>Per destrimani (RH)<\/li>\n<li>Disponibile in quattro colori<\/li>\n<\/ul>","protected":false},"excerpt":{"rendered":"<p>Die SURELOC Rhythm ist eine Blade-Pfeilauflage f\u00fcr Compoundb\u00f6gen mit Erweiterungshalterung (Ext. Mount), ausgelegt f\u00fcr Rechtsh\u00e4nder (RH). Erh\u00e4ltlich in den Farben Blau, Gr\u00fcn, Orange und Rot. Hergestellt in den USA.<\/p>","protected":false},"featured_media":450531,"comment_status":"open","ping_status":"closed","template":"","meta":[],"product_brand":[830],"product_cat":[4363],"product_tag":[],"class_list":{"0":"post-403864","1":"product","2":"type-product","3":"status-publish","4":"has-post-thumbnail","6":"product_brand-sureloc","7":"product_cat-compound-blade-pfeilauflage","9":"first","10":"instock","11":"shipping-taxable","12":"purchasable","13":"product-type-variable"},"yoast_head":"<!-- This site is optimized with the Yoast SEO plugin v27.4 - https:\/\/yoast.com\/product\/yoast-seo-wordpress\/ -->\n<title>SURELOC COMPOUND KLINGEN AUFLAGEN RHYTHM w\/ EXT. MOUNT RH - Bogensportdiscount \u2013 B\u00f6gen, Pfeile, Targets &amp; Zubeh\u00f6r<\/title>\n<meta name=\"robots\" content=\"noindex, follow, max-snippet:-1, max-image-preview:large, max-video-preview:-1\" \/>\n<meta property=\"og:locale\" content=\"it_IT\" \/>\n<meta property=\"og:type\" content=\"article\" \/>\n<meta property=\"og:title\" content=\"SURELOC COMPOUND KLINGEN AUFLAGEN RHYTHM w\/ EXT. MOUNT RH - Bogensportdiscount \u2013 B\u00f6gen, Pfeile, Targets &amp; Zubeh\u00f6r\" \/>\n<meta property=\"og:description\" content=\"Die SURELOC Rhythm ist eine Blade-Pfeilauflage f\u00fcr Compoundb\u00f6gen mit Erweiterungshalterung (Ext. Mount), ausgelegt f\u00fcr Rechtsh\u00e4nder (RH). Erh\u00e4ltlich in den Farben Blau, Gr\u00fcn, Orange und Rot. Hergestellt in den USA.\" \/>\n<meta property=\"og:url\" content=\"https:\/\/bogensportdiscount.ch\/it\/prodotto\/sureloc-compound-pfeilauflage-rhythm-erweiterungshalterung-rh\/\" \/>\n<meta property=\"og:site_name\" content=\"Bogensportdiscount \u2013 B\u00f6gen, Pfeile, Targets &amp; Zubeh\u00f6r\" \/>\n<meta property=\"article:modified_time\" content=\"2026-04-19T09:54:01+00:00\" \/>\n<meta property=\"og:image\" content=\"https:\/\/bogensportdiscount.ch\/wp-content\/uploads\/bsm-images\/A038485_1.png\" \/>\n\t<meta property=\"og:image:width\" content=\"1508\" \/>\n\t<meta property=\"og:image:height\" content=\"868\" \/>\n\t<meta property=\"og:image:type\" content=\"image\/png\" \/>\n<meta name=\"twitter:card\" content=\"summary_large_image\" \/>\n<script type=\"application\/ld+json\" class=\"yoast-schema-graph\">{\"@context\":\"https:\\\/\\\/schema.org\",\"@graph\":[{\"@type\":\"WebPage\",\"@id\":\"https:\\\/\\\/bogensportdiscount.ch\\\/it\\\/prodotto\\\/sureloc-compound-pfeilauflage-rhythm-erweiterungshalterung-rh\\\/\",\"url\":\"https:\\\/\\\/bogensportdiscount.ch\\\/it\\\/prodotto\\\/sureloc-compound-pfeilauflage-rhythm-erweiterungshalterung-rh\\\/\",\"name\":\"SURELOC COMPOUND KLINGEN AUFLAGEN RHYTHM w\\\/ EXT. MOUNT RH - Bogensportdiscount \u2013 B\u00f6gen, Pfeile, Targets &amp; Zubeh\u00f6r\",\"isPartOf\":{\"@id\":\"https:\\\/\\\/bogensportdiscount.ch\\\/#website\"},\"primaryImageOfPage\":{\"@id\":\"https:\\\/\\\/bogensportdiscount.ch\\\/it\\\/prodotto\\\/sureloc-compound-pfeilauflage-rhythm-erweiterungshalterung-rh\\\/#primaryimage\"},\"image\":{\"@id\":\"https:\\\/\\\/bogensportdiscount.ch\\\/it\\\/prodotto\\\/sureloc-compound-pfeilauflage-rhythm-erweiterungshalterung-rh\\\/#primaryimage\"},\"thumbnailUrl\":\"https:\\\/\\\/bogensportdiscount.ch\\\/wp-content\\\/uploads\\\/bsm-images\\\/A038485_1.png\",\"datePublished\":\"2026-04-05T12:50:09+00:00\",\"dateModified\":\"2026-04-19T09:54:01+00:00\",\"breadcrumb\":{\"@id\":\"https:\\\/\\\/bogensportdiscount.ch\\\/it\\\/prodotto\\\/sureloc-compound-pfeilauflage-rhythm-erweiterungshalterung-rh\\\/#breadcrumb\"},\"inLanguage\":\"it-IT\",\"potentialAction\":[{\"@type\":\"ReadAction\",\"target\":[\"https:\\\/\\\/bogensportdiscount.ch\\\/it\\\/prodotto\\\/sureloc-compound-pfeilauflage-rhythm-erweiterungshalterung-rh\\\/\"]}]},{\"@type\":\"ImageObject\",\"inLanguage\":\"it-IT\",\"@id\":\"https:\\\/\\\/bogensportdiscount.ch\\\/it\\\/prodotto\\\/sureloc-compound-pfeilauflage-rhythm-erweiterungshalterung-rh\\\/#primaryimage\",\"url\":\"https:\\\/\\\/bogensportdiscount.ch\\\/wp-content\\\/uploads\\\/bsm-images\\\/A038485_1.png\",\"contentUrl\":\"https:\\\/\\\/bogensportdiscount.ch\\\/wp-content\\\/uploads\\\/bsm-images\\\/A038485_1.png\",\"width\":1508,\"height\":868},{\"@type\":\"BreadcrumbList\",\"@id\":\"https:\\\/\\\/bogensportdiscount.ch\\\/it\\\/prodotto\\\/sureloc-compound-pfeilauflage-rhythm-erweiterungshalterung-rh\\\/#breadcrumb\",\"itemListElement\":[{\"@type\":\"ListItem\",\"position\":1,\"name\":\"Home\",\"item\":\"https:\\\/\\\/bogensportdiscount.ch\\\/\"},{\"@type\":\"ListItem\",\"position\":2,\"name\":\"Shop\",\"item\":\"https:\\\/\\\/bogensportdiscount.ch\\\/shop\\\/\"},{\"@type\":\"ListItem\",\"position\":3,\"name\":\"SURELOC COMPOUND KLINGEN AUFLAGEN RHYTHM w\\\/ EXT. MOUNT RH\"}]},{\"@type\":\"WebSite\",\"@id\":\"https:\\\/\\\/bogensportdiscount.ch\\\/#website\",\"url\":\"https:\\\/\\\/bogensportdiscount.ch\\\/\",\"name\":\"Bogensportdiscount\",\"description\":\"\",\"potentialAction\":[{\"@type\":\"SearchAction\",\"target\":{\"@type\":\"EntryPoint\",\"urlTemplate\":\"https:\\\/\\\/bogensportdiscount.ch\\\/?s={search_term_string}\"},\"query-input\":{\"@type\":\"PropertyValueSpecification\",\"valueRequired\":true,\"valueName\":\"search_term_string\"}}],\"inLanguage\":\"it-IT\"}]}<\/script>\n<!-- \/ Yoast SEO plugin. -->","yoast_head_json":{"title":"SURELOC COMPOUND KLINGEN AUFLAGEN RHYTHM w\/ EXT. MOUNT RH - Bogensportdiscount \u2013 B\u00f6gen, Pfeile, Targets &amp; Zubeh\u00f6r","robots":{"index":"noindex","follow":"follow","max-snippet":"max-snippet:-1","max-image-preview":"max-image-preview:large","max-video-preview":"max-video-preview:-1"},"og_locale":"it_IT","og_type":"article","og_title":"SURELOC COMPOUND KLINGEN AUFLAGEN RHYTHM w\/ EXT. MOUNT RH - Bogensportdiscount \u2013 B\u00f6gen, Pfeile, Targets &amp; Zubeh\u00f6r","og_description":"Die SURELOC Rhythm ist eine Blade-Pfeilauflage f\u00fcr Compoundb\u00f6gen mit Erweiterungshalterung (Ext. Mount), ausgelegt f\u00fcr Rechtsh\u00e4nder (RH). Erh\u00e4ltlich in den Farben Blau, Gr\u00fcn, Orange und Rot. Hergestellt in den USA.","og_url":"https:\/\/bogensportdiscount.ch\/it\/prodotto\/sureloc-compound-pfeilauflage-rhythm-erweiterungshalterung-rh\/","og_site_name":"Bogensportdiscount \u2013 B\u00f6gen, Pfeile, Targets &amp; Zubeh\u00f6r","article_modified_time":"2026-04-19T09:54:01+00:00","og_image":[{"width":1508,"height":868,"url":"https:\/\/bogensportdiscount.ch\/wp-content\/uploads\/bsm-images\/A038485_1.png","type":"image\/png"}],"twitter_card":"summary_large_image","schema":{"@context":"https:\/\/schema.org","@graph":[{"@type":"WebPage","@id":"https:\/\/bogensportdiscount.ch\/it\/prodotto\/sureloc-compound-pfeilauflage-rhythm-erweiterungshalterung-rh\/","url":"https:\/\/bogensportdiscount.ch\/it\/prodotto\/sureloc-compound-pfeilauflage-rhythm-erweiterungshalterung-rh\/","name":"SURELOC COMPOUND KLINGEN AUFLAGEN RHYTHM w\/ EXT. MOUNT RH - Bogensportdiscount \u2013 B\u00f6gen, Pfeile, Targets &amp; Zubeh\u00f6r","isPartOf":{"@id":"https:\/\/bogensportdiscount.ch\/#website"},"primaryImageOfPage":{"@id":"https:\/\/bogensportdiscount.ch\/it\/prodotto\/sureloc-compound-pfeilauflage-rhythm-erweiterungshalterung-rh\/#primaryimage"},"image":{"@id":"https:\/\/bogensportdiscount.ch\/it\/prodotto\/sureloc-compound-pfeilauflage-rhythm-erweiterungshalterung-rh\/#primaryimage"},"thumbnailUrl":"https:\/\/bogensportdiscount.ch\/wp-content\/uploads\/bsm-images\/A038485_1.png","datePublished":"2026-04-05T12:50:09+00:00","dateModified":"2026-04-19T09:54:01+00:00","breadcrumb":{"@id":"https:\/\/bogensportdiscount.ch\/it\/prodotto\/sureloc-compound-pfeilauflage-rhythm-erweiterungshalterung-rh\/#breadcrumb"},"inLanguage":"it-IT","potentialAction":[{"@type":"ReadAction","target":["https:\/\/bogensportdiscount.ch\/it\/prodotto\/sureloc-compound-pfeilauflage-rhythm-erweiterungshalterung-rh\/"]}]},{"@type":"ImageObject","inLanguage":"it-IT","@id":"https:\/\/bogensportdiscount.ch\/it\/prodotto\/sureloc-compound-pfeilauflage-rhythm-erweiterungshalterung-rh\/#primaryimage","url":"https:\/\/bogensportdiscount.ch\/wp-content\/uploads\/bsm-images\/A038485_1.png","contentUrl":"https:\/\/bogensportdiscount.ch\/wp-content\/uploads\/bsm-images\/A038485_1.png","width":1508,"height":868},{"@type":"BreadcrumbList","@id":"https:\/\/bogensportdiscount.ch\/it\/prodotto\/sureloc-compound-pfeilauflage-rhythm-erweiterungshalterung-rh\/#breadcrumb","itemListElement":[{"@type":"ListItem","position":1,"name":"Home","item":"https:\/\/bogensportdiscount.ch\/"},{"@type":"ListItem","position":2,"name":"Shop","item":"https:\/\/bogensportdiscount.ch\/shop\/"},{"@type":"ListItem","position":3,"name":"SURELOC COMPOUND KLINGEN AUFLAGEN RHYTHM w\/ EXT. MOUNT RH"}]},{"@type":"WebSite","@id":"https:\/\/bogensportdiscount.ch\/#website","url":"https:\/\/bogensportdiscount.ch\/","name":"Bogensportdiscount","description":"","potentialAction":[{"@type":"SearchAction","target":{"@type":"EntryPoint","urlTemplate":"https:\/\/bogensportdiscount.ch\/?s={search_term_string}"},"query-input":{"@type":"PropertyValueSpecification","valueRequired":true,"valueName":"search_term_string"}}],"inLanguage":"it-IT"}]}},"_links":{"self":[{"href":"https:\/\/bogensportdiscount.ch\/it\/wp-json\/wp\/v2\/product\/403864","targetHints":{"allow":["GET"]}}],"collection":[{"href":"https:\/\/bogensportdiscount.ch\/it\/wp-json\/wp\/v2\/product"}],"about":[{"href":"https:\/\/bogensportdiscount.ch\/it\/wp-json\/wp\/v2\/types\/product"}],"replies":[{"embeddable":true,"href":"https:\/\/bogensportdiscount.ch\/it\/wp-json\/wp\/v2\/comments?post=403864"}],"wp:featuredmedia":[{"embeddable":true,"href":"https:\/\/bogensportdiscount.ch\/it\/wp-json\/wp\/v2\/media\/450531"}],"wp:attachment":[{"href":"https:\/\/bogensportdiscount.ch\/it\/wp-json\/wp\/v2\/media?parent=403864"}],"wp:term":[{"taxonomy":"product_brand","embeddable":true,"href":"https:\/\/bogensportdiscount.ch\/it\/wp-json\/wp\/v2\/product_brand?post=403864"},{"taxonomy":"product_cat","embeddable":true,"href":"https:\/\/bogensportdiscount.ch\/it\/wp-json\/wp\/v2\/product_cat?post=403864"},{"taxonomy":"product_tag","embeddable":true,"href":"https:\/\/bogensportdiscount.ch\/it\/wp-json\/wp\/v2\/product_tag?post=403864"}],"curies":[{"name":"wp","href":"https:\/\/api.w.org\/{rel}","templated":true}]}}