{"id":403712,"date":"2026-04-05T14:49:59","date_gmt":"2026-04-05T12:49:59","guid":{"rendered":"https:\/\/bogensportdiscount.ch\/produkt\/limbs-fiber-foam-motive-f5-25-66-16-lbs-23-64-18-lbs\/"},"modified":"2026-04-17T13:46:28","modified_gmt":"2026-04-17T11:46:28","slug":"wns-recurve-wurfarme-fiber-foam-motive-f5-25","status":"publish","type":"product","link":"https:\/\/bogensportdiscount.ch\/it\/prodotto\/wns-recurve-wurfarme-fiber-foam-motive-f5-25\/","title":{"rendered":"WNS ARTI IN FIBRA DI SCHIUMA MOTIVE F5 25\u2033 LBS"},"content":{"rendered":"<p>Die WNS Motive F5 Wurfarme mit 25&#8243; L\u00e4nge sind f\u00fcr den Einsatz an ILF-kompatiblen Recurve-Mittelteilen ausgelegt. Das Fiber-Foam-Material (Glasfaser-Schaum-Verbund) sorgt f\u00fcr ein ausgewogenes Verh\u00e4ltnis aus D\u00e4mpfung und Schussenergie.<\/p>\n<p>Die Wurfarme sind in den Bogenl\u00e4ngen 66, 68 und 70 Zoll sowie in einem breiten Zuggewichtsbereich von 16 bis 46 lbs erh\u00e4ltlich, wodurch sie sowohl f\u00fcr Einsteiger als auch f\u00fcr fortgeschrittene Sch\u00fctzinnen und Sch\u00fctzen geeignet sind.<\/p>\n<ul>\n<li>Fiber-Foam-Konstruktion f\u00fcr gute D\u00e4mpfungseigenschaften<\/li>\n<li>Breite Zuggewichtsauswahl (16\u201346 lbs)<\/li>\n<li>Verf\u00fcgbar in 66&#8243;, 68&#8243; und 70&#8243; Bogenl\u00e4nge<\/li>\n<li>ILF-kompatibler Anschluss (25&#8243; Wurfarm)<\/li>\n<\/ul>","protected":false},"excerpt":{"rendered":"<p><strong>Marchio:<\/strong> WNS<br \/><strong>Materiale:<\/strong> Fiber foam<\/p>","protected":false},"featured_media":450515,"comment_status":"open","ping_status":"closed","template":"","meta":[],"product_brand":[461],"product_cat":[4520],"product_tag":[],"class_list":{"0":"post-403712","1":"product","2":"type-product","3":"status-publish","4":"has-post-thumbnail","6":"product_brand-wns","7":"product_cat-recurve-wurfarme-recurve-boegen","9":"first","10":"instock","11":"shipping-taxable","12":"purchasable","13":"product-type-variable"},"_links":{"self":[{"href":"https:\/\/bogensportdiscount.ch\/it\/wp-json\/wp\/v2\/product\/403712","targetHints":{"allow":["GET"]}}],"collection":[{"href":"https:\/\/bogensportdiscount.ch\/it\/wp-json\/wp\/v2\/product"}],"about":[{"href":"https:\/\/bogensportdiscount.ch\/it\/wp-json\/wp\/v2\/types\/product"}],"replies":[{"embeddable":true,"href":"https:\/\/bogensportdiscount.ch\/it\/wp-json\/wp\/v2\/comments?post=403712"}],"wp:featuredmedia":[{"embeddable":true,"href":"https:\/\/bogensportdiscount.ch\/it\/wp-json\/wp\/v2\/media\/450515"}],"wp:attachment":[{"href":"https:\/\/bogensportdiscount.ch\/it\/wp-json\/wp\/v2\/media?parent=403712"}],"wp:term":[{"taxonomy":"product_brand","embeddable":true,"href":"https:\/\/bogensportdiscount.ch\/it\/wp-json\/wp\/v2\/product_brand?post=403712"},{"taxonomy":"product_cat","embeddable":true,"href":"https:\/\/bogensportdiscount.ch\/it\/wp-json\/wp\/v2\/product_cat?post=403712"},{"taxonomy":"product_tag","embeddable":true,"href":"https:\/\/bogensportdiscount.ch\/it\/wp-json\/wp\/v2\/product_tag?post=403712"}],"curies":[{"name":"wp","href":"https:\/\/api.w.org\/{rel}","templated":true}]}}