{"id":403706,"date":"2026-04-05T14:49:58","date_gmt":"2026-04-05T12:49:58","guid":{"rendered":"https:\/\/bogensportdiscount.ch\/produkt\/limbs-carbon-foam-motive-c5-25-66-40-lbs-23-64-42-lbs\/"},"modified":"2026-04-17T13:46:28","modified_gmt":"2026-04-17T11:46:28","slug":"wns-wurfarme-carbon-foam-motive-c5-25-zoll","status":"publish","type":"product","link":"https:\/\/bogensportdiscount.ch\/it\/prodotto\/wns-wurfarme-carbon-foam-motive-c5-25-zoll\/","title":{"rendered":"WNS LIMBS CARBON FOAM MOTIVE C5 25\u2033 LBS"},"content":{"rendered":"<p>Die WNS Motive C5 Wurfarme mit einer L\u00e4nge von 25&#8243; sind f\u00fcr den Einsatz an Recurveb\u00f6gen konzipiert. Die Carbon-Foam-Konstruktion kombiniert die Stabilit\u00e4t von Carbon mit den d\u00e4mpfenden Eigenschaften eines Schaumkerns, was zu einem ruhigen Abschuss beitragen kann.<\/p>\n<p>Die Wurfarme sind in mehreren Zuggewichts- und Zugl\u00e4ngenkombinationen erh\u00e4ltlich (66\u201340 lbs, 66\u201342 lbs, 68\u201342 lbs, 68\u201344 lbs, 70\u201322 lbs), sodass sie sowohl f\u00fcr Einsteiger als auch f\u00fcr fortgeschrittene Sch\u00fctzen geeignet sind.<\/p>\n<ul>\n<li>Carbon-Foam-Aufbau f\u00fcr Stabilit\u00e4t und D\u00e4mpfung<\/li>\n<li>L\u00e4nge: 25&#8243;<\/li>\n<li>Mehrere Zuggewichtsvarianten verf\u00fcgbar<\/li>\n<li>Geeignet f\u00fcr Standard-Recurvebogen-Mittelteile<\/li>\n<\/ul>","protected":false},"excerpt":{"rendered":"<p><strong>Marchio:<\/strong> WNS<br \/><strong>Materiale:<\/strong> Carbon foam<\/p>","protected":false},"featured_media":452627,"comment_status":"open","ping_status":"closed","template":"","meta":[],"product_brand":[461],"product_cat":[4520],"product_tag":[],"class_list":{"0":"post-403706","1":"product","2":"type-product","3":"status-publish","4":"has-post-thumbnail","6":"product_brand-wns","7":"product_cat-recurve-wurfarme-recurve-boegen","9":"first","10":"instock","11":"shipping-taxable","12":"purchasable","13":"product-type-variable"},"_links":{"self":[{"href":"https:\/\/bogensportdiscount.ch\/it\/wp-json\/wp\/v2\/product\/403706","targetHints":{"allow":["GET"]}}],"collection":[{"href":"https:\/\/bogensportdiscount.ch\/it\/wp-json\/wp\/v2\/product"}],"about":[{"href":"https:\/\/bogensportdiscount.ch\/it\/wp-json\/wp\/v2\/types\/product"}],"replies":[{"embeddable":true,"href":"https:\/\/bogensportdiscount.ch\/it\/wp-json\/wp\/v2\/comments?post=403706"}],"wp:featuredmedia":[{"embeddable":true,"href":"https:\/\/bogensportdiscount.ch\/it\/wp-json\/wp\/v2\/media\/452627"}],"wp:attachment":[{"href":"https:\/\/bogensportdiscount.ch\/it\/wp-json\/wp\/v2\/media?parent=403706"}],"wp:term":[{"taxonomy":"product_brand","embeddable":true,"href":"https:\/\/bogensportdiscount.ch\/it\/wp-json\/wp\/v2\/product_brand?post=403706"},{"taxonomy":"product_cat","embeddable":true,"href":"https:\/\/bogensportdiscount.ch\/it\/wp-json\/wp\/v2\/product_cat?post=403706"},{"taxonomy":"product_tag","embeddable":true,"href":"https:\/\/bogensportdiscount.ch\/it\/wp-json\/wp\/v2\/product_tag?post=403706"}],"curies":[{"name":"wp","href":"https:\/\/api.w.org\/{rel}","templated":true}]}}