{"id":403678,"date":"2026-04-05T14:49:56","date_gmt":"2026-04-05T12:49:56","guid":{"rendered":"https:\/\/bogensportdiscount.ch\/produkt\/cnc-forged-miracle-with-wooden-grip-25-rh-grooved-anodized-black\/"},"modified":"2026-04-17T13:46:27","modified_gmt":"2026-04-17T11:46:27","slug":"sanlida-cnc-gefraestes-recurvebogen-mittelstueck-miracle-holzgriff-25","status":"publish","type":"product","link":"https:\/\/bogensportdiscount.ch\/it\/prodotto\/sanlida-cnc-gefraestes-recurvebogen-mittelstueck-miracle-holzgriff-25\/","title":{"rendered":"MIRACOLO FORGIATO AL CNC CON IMPUGNATURA IN LEGNO \/ 25\u2033"},"content":{"rendered":"<p>Das SANLIDA Miracle Mittelst\u00fcck ist aus CNC-gefr\u00e4stem Material gefertigt und bietet eine hohe Massgenauigkeit sowie eine stabile Grundlage f\u00fcr den Aufbau eines Recurvebogens. Der integrierte Holzgriff sorgt f\u00fcr eine angenehme Haptik in der Hand.<\/p>\n<p>Mit einer L\u00e4nge von 25 Zoll eignet sich das Miracle f\u00fcr den Einsatz mit Standard-Recurvebogen-Wurfarmen. Das Mittelst\u00fcck ist sowohl f\u00fcr Rechts- als auch f\u00fcr Linkshandsch\u00fctzen erh\u00e4ltlich und kann in zahlreichen eloxierten Farben sowie in Gold, Pink, Lila und Tan bestellt werden.<\/p>\n<ul>\n<li>CNC-gefr\u00e4stes Mittelst\u00fcck f\u00fcr hohe Massgenauigkeit<\/li>\n<li>Holzgriff f\u00fcr angenehme Haptik<\/li>\n<li>F\u00fcr Links- und Rechtshandsch\u00fctzen geeignet<\/li>\n<li>Erh\u00e4ltlich in neun verschiedenen Farben<\/li>\n<\/ul>","protected":false},"excerpt":{"rendered":"<p><strong>Marchio:<\/strong> Sanlida<br \/><strong>Type:<\/strong> Forged CNC<br \/><strong>Recommendation:<\/strong> All poundages<br \/><strong>Materiale:<\/strong> Aluminum<br \/><strong>Pocket fitting:<\/strong> ILF<\/p>","protected":false},"featured_media":450510,"comment_status":"open","ping_status":"closed","template":"","meta":[],"product_brand":[459],"product_cat":[4519],"product_tag":[],"class_list":{"0":"post-403678","1":"product","2":"type-product","3":"status-publish","4":"has-post-thumbnail","6":"product_brand-sanlida","7":"product_cat-recurve-mittelteile-recurve-boegen","9":"first","10":"instock","11":"shipping-taxable","12":"purchasable","13":"product-type-variable"},"_links":{"self":[{"href":"https:\/\/bogensportdiscount.ch\/it\/wp-json\/wp\/v2\/product\/403678","targetHints":{"allow":["GET"]}}],"collection":[{"href":"https:\/\/bogensportdiscount.ch\/it\/wp-json\/wp\/v2\/product"}],"about":[{"href":"https:\/\/bogensportdiscount.ch\/it\/wp-json\/wp\/v2\/types\/product"}],"replies":[{"embeddable":true,"href":"https:\/\/bogensportdiscount.ch\/it\/wp-json\/wp\/v2\/comments?post=403678"}],"wp:featuredmedia":[{"embeddable":true,"href":"https:\/\/bogensportdiscount.ch\/it\/wp-json\/wp\/v2\/media\/450510"}],"wp:attachment":[{"href":"https:\/\/bogensportdiscount.ch\/it\/wp-json\/wp\/v2\/media?parent=403678"}],"wp:term":[{"taxonomy":"product_brand","embeddable":true,"href":"https:\/\/bogensportdiscount.ch\/it\/wp-json\/wp\/v2\/product_brand?post=403678"},{"taxonomy":"product_cat","embeddable":true,"href":"https:\/\/bogensportdiscount.ch\/it\/wp-json\/wp\/v2\/product_cat?post=403678"},{"taxonomy":"product_tag","embeddable":true,"href":"https:\/\/bogensportdiscount.ch\/it\/wp-json\/wp\/v2\/product_tag?post=403678"}],"curies":[{"name":"wp","href":"https:\/\/api.w.org\/{rel}","templated":true}]}}