{"id":403667,"date":"2026-04-05T14:49:55","date_gmt":"2026-04-05T12:49:55","guid":{"rendered":"https:\/\/bogensportdiscount.ch\/produkt\/riser-alu-explore-dx-25-lh-blue\/"},"modified":"2026-04-17T13:46:27","modified_gmt":"2026-04-17T11:46:27","slug":"wns-recurvebogen-mittelstuck-alu-explore-dx-25","status":"publish","type":"product","link":"https:\/\/bogensportdiscount.ch\/it\/prodotto\/wns-recurvebogen-mittelstuck-alu-explore-dx-25\/","title":{"rendered":"RISER WNS ALU EXPLORE DX 25\u2033"},"content":{"rendered":"<p>Das WNS Explore DX 25&#8243; ist ein Recurvebogen-Mittelst\u00fcck aus Aluminium. Mit einer L\u00e4nge von 25 Zoll eignet es sich f\u00fcr den Aufbau klassischer Recurveb\u00f6gen in verschiedenen Endl\u00e4ngen und l\u00e4sst sich mit kompatiblen Wurfarmen kombinieren.<\/p>\n<p>Das Mittelst\u00fcck ist sowohl f\u00fcr Rechtshand- als auch f\u00fcr Linkshandsch\u00fctzen erh\u00e4ltlich und kann in den Farben Black, Blue, Red, Silver und White bestellt werden.<\/p>\n<ul>\n<li>Material: Aluminium<\/li>\n<li>L\u00e4nge: 25 Zoll<\/li>\n<li>Erh\u00e4ltlich f\u00fcr Rechts- und Linkshandsch\u00fctzen<\/li>\n<li>F\u00fcnf Farbvarianten<\/li>\n<\/ul>","protected":false},"excerpt":{"rendered":"<p><strong>Marchio:<\/strong> WNS<br \/><strong>Type:<\/strong> Die-cast<br \/><strong>Recommendation:<\/strong> Max, 36lbs<br \/><strong>Materiale:<\/strong> Aluminum<br \/><strong>Pocket fitting:<\/strong> ILF<\/p>","protected":false},"featured_media":450509,"comment_status":"open","ping_status":"closed","template":"","meta":[],"product_brand":[461],"product_cat":[4519],"product_tag":[],"class_list":{"0":"post-403667","1":"product","2":"type-product","3":"status-publish","4":"has-post-thumbnail","6":"product_brand-wns","7":"product_cat-recurve-mittelteile-recurve-boegen","9":"first","10":"instock","11":"shipping-taxable","12":"purchasable","13":"product-type-variable"},"_links":{"self":[{"href":"https:\/\/bogensportdiscount.ch\/it\/wp-json\/wp\/v2\/product\/403667","targetHints":{"allow":["GET"]}}],"collection":[{"href":"https:\/\/bogensportdiscount.ch\/it\/wp-json\/wp\/v2\/product"}],"about":[{"href":"https:\/\/bogensportdiscount.ch\/it\/wp-json\/wp\/v2\/types\/product"}],"replies":[{"embeddable":true,"href":"https:\/\/bogensportdiscount.ch\/it\/wp-json\/wp\/v2\/comments?post=403667"}],"wp:featuredmedia":[{"embeddable":true,"href":"https:\/\/bogensportdiscount.ch\/it\/wp-json\/wp\/v2\/media\/450509"}],"wp:attachment":[{"href":"https:\/\/bogensportdiscount.ch\/it\/wp-json\/wp\/v2\/media?parent=403667"}],"wp:term":[{"taxonomy":"product_brand","embeddable":true,"href":"https:\/\/bogensportdiscount.ch\/it\/wp-json\/wp\/v2\/product_brand?post=403667"},{"taxonomy":"product_cat","embeddable":true,"href":"https:\/\/bogensportdiscount.ch\/it\/wp-json\/wp\/v2\/product_cat?post=403667"},{"taxonomy":"product_tag","embeddable":true,"href":"https:\/\/bogensportdiscount.ch\/it\/wp-json\/wp\/v2\/product_tag?post=403667"}],"curies":[{"name":"wp","href":"https:\/\/api.w.org\/{rel}","templated":true}]}}