{"id":403656,"date":"2026-04-05T14:49:54","date_gmt":"2026-04-05T12:49:54","guid":{"rendered":"https:\/\/bogensportdiscount.ch\/produkt\/riser-alu-explore-dx-21-lh-blue\/"},"modified":"2026-04-17T13:46:27","modified_gmt":"2026-04-17T11:46:27","slug":"wns-recurvebogen-mittelstuck-alu-explore-dx-21","status":"publish","type":"product","link":"https:\/\/bogensportdiscount.ch\/it\/prodotto\/wns-recurvebogen-mittelstuck-alu-explore-dx-21\/","title":{"rendered":"RISER WNS ALU EXPLORE DX 21\u2033"},"content":{"rendered":"<p>Das WNS Explore DX Aluminium-Mittelst\u00fcck ist in der L\u00e4nge 21 Zoll gefertigt und richtet sich an Recurvebogensch\u00fctzen, die ein solides und vielseitiges Riser-Modell suchen. Die Ausf\u00fchrung in Aluminium bietet eine gute Balance zwischen Gewicht und Stabilit\u00e4t.<\/p>\n<p>Das Mittelst\u00fcck ist in beiden Handausf\u00fchrungen erh\u00e4ltlich \u2013 sowohl f\u00fcr Rechts- als auch f\u00fcr Linkshandbogensch\u00fctzen \u2013 und erm\u00f6glicht damit eine breite Einsatzm\u00f6glichkeit. Mit der Wahl aus f\u00fcnf Farben (Black, Blue, Red, Silver, White) l\u00e4sst sich das Setup individuell gestalten.<\/p>\n<ul>\n<li>Material: Aluminium<\/li>\n<li>L\u00e4nge: 21 Zoll<\/li>\n<li>Erh\u00e4ltlich f\u00fcr Rechts- und Linkshandbogensch\u00fctzen<\/li>\n<li>F\u00fcnf Farbvarianten zur Auswahl<\/li>\n<\/ul>","protected":false},"excerpt":{"rendered":"<p><strong>Marchio:<\/strong> WNS<br \/><strong>Type:<\/strong> Die-cast<br \/><strong>Recommendation:<\/strong> Max, 36lbs<br \/><strong>Materiale:<\/strong> Aluminum<br \/><strong>Pocket fitting:<\/strong> ILF<\/p>","protected":false},"featured_media":450508,"comment_status":"open","ping_status":"closed","template":"","meta":[],"product_brand":[461],"product_cat":[4519],"product_tag":[],"class_list":{"0":"post-403656","1":"product","2":"type-product","3":"status-publish","4":"has-post-thumbnail","6":"product_brand-wns","7":"product_cat-recurve-mittelteile-recurve-boegen","9":"first","10":"instock","11":"shipping-taxable","12":"purchasable","13":"product-type-variable"},"_links":{"self":[{"href":"https:\/\/bogensportdiscount.ch\/it\/wp-json\/wp\/v2\/product\/403656","targetHints":{"allow":["GET"]}}],"collection":[{"href":"https:\/\/bogensportdiscount.ch\/it\/wp-json\/wp\/v2\/product"}],"about":[{"href":"https:\/\/bogensportdiscount.ch\/it\/wp-json\/wp\/v2\/types\/product"}],"replies":[{"embeddable":true,"href":"https:\/\/bogensportdiscount.ch\/it\/wp-json\/wp\/v2\/comments?post=403656"}],"wp:featuredmedia":[{"embeddable":true,"href":"https:\/\/bogensportdiscount.ch\/it\/wp-json\/wp\/v2\/media\/450508"}],"wp:attachment":[{"href":"https:\/\/bogensportdiscount.ch\/it\/wp-json\/wp\/v2\/media?parent=403656"}],"wp:term":[{"taxonomy":"product_brand","embeddable":true,"href":"https:\/\/bogensportdiscount.ch\/it\/wp-json\/wp\/v2\/product_brand?post=403656"},{"taxonomy":"product_cat","embeddable":true,"href":"https:\/\/bogensportdiscount.ch\/it\/wp-json\/wp\/v2\/product_cat?post=403656"},{"taxonomy":"product_tag","embeddable":true,"href":"https:\/\/bogensportdiscount.ch\/it\/wp-json\/wp\/v2\/product_tag?post=403656"}],"curies":[{"name":"wp","href":"https:\/\/api.w.org\/{rel}","templated":true}]}}