{"id":403643,"date":"2026-04-05T14:49:53","date_gmt":"2026-04-05T12:49:53","guid":{"rendered":"https:\/\/bogensportdiscount.ch\/produkt\/1-32-podium-peep-aperture\/"},"modified":"2026-04-17T13:46:27","modified_gmt":"2026-04-17T11:46:27","slug":"specialtyarcheryprod-peep-sight-apertur-podium-1-8","status":"publish","type":"product","link":"https:\/\/bogensportdiscount.ch\/it\/prodotto\/specialtyarcheryprod-peep-sight-apertur-podium-1-8\/","title":{"rendered":"SPECIALIT\u00c0ARCHERYPROD PODIO APERTURA PEEP"},"content":{"rendered":"<p>Die Specialtyarcheryprod Podium Peep-Sight Apertur ist ein Wechseleinsatz f\u00fcr Peep-Sights im Compound-Bogensport. Die Apertur mit einer \u00d6ffnungsgr\u00f6sse von 1\/8&#8243; l\u00e4sst sich je nach Lichtverh\u00e4ltnissen und pers\u00f6nlicher Pr\u00e4ferenz gegen andere Durchmesser austauschen.<\/p>\n<p>Das Podium-System ist in mehreren Durchmessern erh\u00e4ltlich \u2014 von 3\/64&#8243; bis 5\/32&#8243; \u2014 und erm\u00f6glicht so eine individuelle Anpassung an unterschiedliche Zielanforderungen und Schussentfernungen. Die verschiedenen L\u00e4ngenoptionen (8&#8243; bis 64&#8243;) erlauben eine pr\u00e4zise Abstimmung auf die Zugzugsl\u00e4nge und den Kabelwinkel.<\/p>\n<ul>\n<li>\u00d6ffnungsgr\u00f6sse 1\/8&#8243; f\u00fcr klares Zielbild<\/li>\n<li>Kompatibel mit dem Podium Peep-Sight-System<\/li>\n<li>Mehrere Durchmesser und L\u00e4ngen verf\u00fcgbar<\/li>\n<li>Geeignet f\u00fcr den Compound-Bogensport<\/li>\n<\/ul>","protected":false},"excerpt":{"rendered":"<p><strong>Marchio:<\/strong> Specialty Archery Products<\/p>","protected":false},"featured_media":450505,"comment_status":"open","ping_status":"closed","template":"","meta":[],"product_brand":[815],"product_cat":[4224],"product_tag":[],"class_list":{"0":"post-403643","1":"product","2":"type-product","3":"status-publish","4":"has-post-thumbnail","6":"product_brand-specialtyarcheryprod","7":"product_cat-peep-einsaetze","9":"first","10":"instock","11":"shipping-taxable","12":"purchasable","13":"product-type-variable"},"_links":{"self":[{"href":"https:\/\/bogensportdiscount.ch\/it\/wp-json\/wp\/v2\/product\/403643","targetHints":{"allow":["GET"]}}],"collection":[{"href":"https:\/\/bogensportdiscount.ch\/it\/wp-json\/wp\/v2\/product"}],"about":[{"href":"https:\/\/bogensportdiscount.ch\/it\/wp-json\/wp\/v2\/types\/product"}],"replies":[{"embeddable":true,"href":"https:\/\/bogensportdiscount.ch\/it\/wp-json\/wp\/v2\/comments?post=403643"}],"wp:featuredmedia":[{"embeddable":true,"href":"https:\/\/bogensportdiscount.ch\/it\/wp-json\/wp\/v2\/media\/450505"}],"wp:attachment":[{"href":"https:\/\/bogensportdiscount.ch\/it\/wp-json\/wp\/v2\/media?parent=403643"}],"wp:term":[{"taxonomy":"product_brand","embeddable":true,"href":"https:\/\/bogensportdiscount.ch\/it\/wp-json\/wp\/v2\/product_brand?post=403643"},{"taxonomy":"product_cat","embeddable":true,"href":"https:\/\/bogensportdiscount.ch\/it\/wp-json\/wp\/v2\/product_cat?post=403643"},{"taxonomy":"product_tag","embeddable":true,"href":"https:\/\/bogensportdiscount.ch\/it\/wp-json\/wp\/v2\/product_tag?post=403643"}],"curies":[{"name":"wp","href":"https:\/\/api.w.org\/{rel}","templated":true}]}}