{"id":403602,"date":"2026-04-05T14:49:49","date_gmt":"2026-04-05T12:49:49","guid":{"rendered":"https:\/\/bogensportdiscount.ch\/produkt\/longbows-boga-68-rh-25-lbs-flemish-dyneema-string-incl\/"},"modified":"2026-04-20T13:33:41","modified_gmt":"2026-04-20T11:33:41","slug":"oakridge-langbogen-boga-68-rh-25-lbs-flemish-dyneema-sehne","status":"publish","type":"product","link":"https:\/\/bogensportdiscount.ch\/it\/prodotto\/oakridge-langbogen-boga-68-rh-25-lbs-flemish-dyneema-sehne\/","title":{"rendered":"OAKRIDGE LONGBOWS BOGA 68&#8243; LBS FLEMISH DYNEEMA SEHNE INKL."},"content":{"rendered":"<p>Der OAKRIDGE Boga ist ein Langbogen mit einer L\u00e4nge von 68 Zoll und einem Zuggewicht von 25 lbs. Er ist f\u00fcr Rechtsh\u00e4nder ausgelegt und wird inklusive einer Flemish Dyneema Sehne geliefert.<\/p>\n<p>Das Modell ist in verschiedenen Zuggewichten von 25 bis 55 lbs erh\u00e4ltlich und eignet sich damit f\u00fcr Einsteiger und fortgeschrittene Bogensch\u00fctzen im traditionellen Bogensport. Die Flemish Dyneema Sehne zeichnet sich durch gute Haltbarkeit und geringe Dehnung aus.<\/p>\n<ul>\n<li>Lunghezza: 68 pollici<\/li>\n<li>Zuggewicht: 25 lbs (weitere St\u00e4rken verf\u00fcgbar)<\/li>\n<li>Flemish Dyneema Sehne im Lieferumfang enthalten<\/li>\n<li>Disponibile per destrorsi e mancini<\/li>\n<\/ul>","protected":false},"excerpt":{"rendered":"<table>\n<tr>\n<th>Propriet\u00e0<\/th>\n<th>Valore<\/th>\n<\/tr>\n<tr>\n<td>Marca<\/td>\n<td>OAKRIDGE<\/td>\n<\/tr>\n<tr>\n<td>Modello<\/td>\n<td>Boga<\/td>\n<\/tr>\n<tr>\n<td>Lunghezza<\/td>\n<td>68&#8243;<\/td>\n<\/tr>\n<tr>\n<td>Peso del treno<\/td>\n<td>25 lbs<\/td>\n<\/tr>\n<tr>\n<td>Mano<\/td>\n<td>Destrimani (RH)<\/td>\n<\/tr>\n<tr>\n<td>Corda<\/td>\n<td>Flemish Dyneema (inklusive)<\/td>\n<\/tr>\n<tr>\n<td>Origine<\/td>\n<td>Cina<\/td>\n<\/tr>\n<\/table>","protected":false},"featured_media":453631,"comment_status":"open","ping_status":"closed","template":"","meta":[],"product_brand":[569],"product_cat":[3467],"product_tag":[],"class_list":{"0":"post-403602","1":"product","2":"type-product","3":"status-publish","4":"has-post-thumbnail","6":"product_brand-oakridge","7":"product_cat-langboegen","9":"first","10":"instock","11":"shipping-taxable","12":"purchasable","13":"product-type-variable"},"yoast_head":"<!-- This site is optimized with the Yoast SEO plugin v27.4 - https:\/\/yoast.com\/product\/yoast-seo-wordpress\/ -->\n<title>OAKRIDGE LONGBOWS BOGA 68&quot; LBS CON CORDA IN DYNEEMA FLAMMANDE INCLUSA - Bogensportdiscount \u2013 Archi, frecce, bersagli e accessori<\/title>\n<meta name=\"description\" content=\"Acquista a un prezzo conveniente l&#x27;arco lungo OAKRIDGE BOGA 68&quot; LBS con corda in Dyneema fiamminga inclusa su Bogensportdiscount \u2013 Marchi di punta, spedizione veloce dalla Svizzera.\" \/>\n<meta name=\"robots\" content=\"noindex, follow, max-snippet:-1, max-image-preview:large, max-video-preview:-1\" \/>\n<meta property=\"og:locale\" content=\"it_IT\" \/>\n<meta property=\"og:type\" content=\"article\" \/>\n<meta property=\"og:title\" content=\"OAKRIDGE LONGBOWS BOGA 68&quot; LBS CON CORDA IN DYNEEMA FLAMMANDE INCLUSA - Bogensportdiscount \u2013 Archi, frecce, bersagli e accessori\" \/>\n<meta property=\"og:description\" content=\"Acquista a un prezzo conveniente l&#x27;arco lungo OAKRIDGE BOGA 68&quot; LBS con corda in Dyneema fiamminga inclusa su Bogensportdiscount \u2013 Marchi di punta, spedizione veloce dalla Svizzera.\" \/>\n<meta property=\"og:url\" content=\"https:\/\/bogensportdiscount.ch\/it\/produit\/oakridge-langbogen-boga-68-rh-25-lbs-flemish-dyneema-sehne\/\" \/>\n<meta property=\"og:site_name\" content=\"Bogensportdiscount \u2013 B\u00f6gen, Pfeile, Targets &amp; Zubeh\u00f6r\" \/>\n<meta property=\"article:modified_time\" content=\"2026-04-20T11:33:41+00:00\" \/>\n<meta property=\"og:image\" content=\"https:\/\/bogensportdiscount.ch\/wp-content\/uploads\/bsm-images\/A037869_1.png\" \/>\n\t<meta property=\"og:image:width\" content=\"316\" \/>\n\t<meta property=\"og:image:height\" content=\"1181\" \/>\n\t<meta property=\"og:image:type\" content=\"image\/png\" \/>\n<meta name=\"twitter:card\" content=\"summary_large_image\" \/>\n<script type=\"application\/ld+json\" class=\"yoast-schema-graph\">{\"@context\":\"https:\\\/\\\/schema.org\",\"@graph\":[{\"@type\":\"WebPage\",\"@id\":\"https:\\\/\\\/bogensportdiscount.ch\\\/fr\\\/produit\\\/oakridge-langbogen-boga-68-rh-25-lbs-flemish-dyneema-sehne\\\/\",\"url\":\"https:\\\/\\\/bogensportdiscount.ch\\\/fr\\\/produit\\\/oakridge-langbogen-boga-68-rh-25-lbs-flemish-dyneema-sehne\\\/\",\"name\":\"OAKRIDGE LONGBOWS BOGA 68\\\" LBS FLEMISH DYNEEMA SEHNE INKL. - Bogensportdiscount \u2013 B\u00f6gen, Pfeile, Targets &amp; Zubeh\u00f6r\",\"isPartOf\":{\"@id\":\"https:\\\/\\\/bogensportdiscount.ch\\\/#website\"},\"primaryImageOfPage\":{\"@id\":\"https:\\\/\\\/bogensportdiscount.ch\\\/fr\\\/produit\\\/oakridge-langbogen-boga-68-rh-25-lbs-flemish-dyneema-sehne\\\/#primaryimage\"},\"image\":{\"@id\":\"https:\\\/\\\/bogensportdiscount.ch\\\/fr\\\/produit\\\/oakridge-langbogen-boga-68-rh-25-lbs-flemish-dyneema-sehne\\\/#primaryimage\"},\"thumbnailUrl\":\"https:\\\/\\\/bogensportdiscount.ch\\\/wp-content\\\/uploads\\\/2026\\\/04\\\/bogensportdiscount.ch-pfeile-boegen-zubehoer-fuer-anfaenger-und-profis-zum-besten-preis-Symbolbild-kein-foto-zu-diesem-artikel_01.jpg\",\"datePublished\":\"2026-04-05T12:49:49+00:00\",\"dateModified\":\"2026-04-20T11:33:41+00:00\",\"description\":\"OAKRIDGE LONGBOWS BOGA 68\\\" LBS FLEMISH DYNEEMA SEHNE INKL. g\u00fcnstig kaufen bei Bogensportdiscount \u2013 Top-Marken, schneller Versand aus der Schweiz.\",\"breadcrumb\":{\"@id\":\"https:\\\/\\\/bogensportdiscount.ch\\\/fr\\\/produit\\\/oakridge-langbogen-boga-68-rh-25-lbs-flemish-dyneema-sehne\\\/#breadcrumb\"},\"inLanguage\":\"it-IT\",\"potentialAction\":[{\"@type\":\"ReadAction\",\"target\":[\"https:\\\/\\\/bogensportdiscount.ch\\\/fr\\\/produit\\\/oakridge-langbogen-boga-68-rh-25-lbs-flemish-dyneema-sehne\\\/\"]}]},{\"@type\":\"ImageObject\",\"inLanguage\":\"it-IT\",\"@id\":\"https:\\\/\\\/bogensportdiscount.ch\\\/fr\\\/produit\\\/oakridge-langbogen-boga-68-rh-25-lbs-flemish-dyneema-sehne\\\/#primaryimage\",\"url\":\"https:\\\/\\\/bogensportdiscount.ch\\\/wp-content\\\/uploads\\\/2026\\\/04\\\/bogensportdiscount.ch-pfeile-boegen-zubehoer-fuer-anfaenger-und-profis-zum-besten-preis-Symbolbild-kein-foto-zu-diesem-artikel_01.jpg\",\"contentUrl\":\"https:\\\/\\\/bogensportdiscount.ch\\\/wp-content\\\/uploads\\\/2026\\\/04\\\/bogensportdiscount.ch-pfeile-boegen-zubehoer-fuer-anfaenger-und-profis-zum-besten-preis-Symbolbild-kein-foto-zu-diesem-artikel_01.jpg\",\"width\":1080,\"height\":1080},{\"@type\":\"BreadcrumbList\",\"@id\":\"https:\\\/\\\/bogensportdiscount.ch\\\/fr\\\/produit\\\/oakridge-langbogen-boga-68-rh-25-lbs-flemish-dyneema-sehne\\\/#breadcrumb\",\"itemListElement\":[{\"@type\":\"ListItem\",\"position\":1,\"name\":\"Home\",\"item\":\"https:\\\/\\\/bogensportdiscount.ch\\\/\"},{\"@type\":\"ListItem\",\"position\":2,\"name\":\"Shop\",\"item\":\"https:\\\/\\\/bogensportdiscount.ch\\\/shop\\\/\"},{\"@type\":\"ListItem\",\"position\":3,\"name\":\"OAKRIDGE LONGBOWS BOGA 68&#8243; LBS FLEMISH DYNEEMA SEHNE INKL.\"}]},{\"@type\":\"WebSite\",\"@id\":\"https:\\\/\\\/bogensportdiscount.ch\\\/#website\",\"url\":\"https:\\\/\\\/bogensportdiscount.ch\\\/\",\"name\":\"Bogensportdiscount\",\"description\":\"\",\"potentialAction\":[{\"@type\":\"SearchAction\",\"target\":{\"@type\":\"EntryPoint\",\"urlTemplate\":\"https:\\\/\\\/bogensportdiscount.ch\\\/?s={search_term_string}\"},\"query-input\":{\"@type\":\"PropertyValueSpecification\",\"valueRequired\":true,\"valueName\":\"search_term_string\"}}],\"inLanguage\":\"it-IT\"}]}<\/script>\n<!-- \/ Yoast SEO plugin. -->","yoast_head_json":{"title":"OAKRIDGE LONGBOWS BOGA 68&quot; LBS CON CORDA IN DYNEEMA FLAMMANDE INCLUSA - Bogensportdiscount \u2013 Archi, frecce, bersagli e accessori","description":"Acquista a un prezzo conveniente l&#x27;arco lungo OAKRIDGE BOGA 68&quot; LBS con corda in Dyneema fiamminga inclusa su Bogensportdiscount \u2013 Marchi di punta, spedizione veloce dalla Svizzera.","robots":{"index":"noindex","follow":"follow","max-snippet":"max-snippet:-1","max-image-preview":"max-image-preview:large","max-video-preview":"max-video-preview:-1"},"og_locale":"it_IT","og_type":"article","og_title":"OAKRIDGE LONGBOWS BOGA 68&quot; LBS CON CORDA IN DYNEEMA FLAMMANDE INCLUSA - Bogensportdiscount \u2013 Archi, frecce, bersagli e accessori","og_description":"Acquista a un prezzo conveniente l&#x27;arco lungo OAKRIDGE BOGA 68&quot; LBS con corda in Dyneema fiamminga inclusa su Bogensportdiscount \u2013 Marchi di punta, spedizione veloce dalla Svizzera.","og_url":"https:\/\/bogensportdiscount.ch\/it\/produit\/oakridge-langbogen-boga-68-rh-25-lbs-flemish-dyneema-sehne\/","og_site_name":"Bogensportdiscount \u2013 B\u00f6gen, Pfeile, Targets &amp; Zubeh\u00f6r","article_modified_time":"2026-04-20T11:33:41+00:00","og_image":[{"width":316,"height":1181,"url":"https:\/\/bogensportdiscount.ch\/wp-content\/uploads\/bsm-images\/A037869_1.png","type":"image\/png"}],"twitter_card":"summary_large_image","schema":{"@context":"https:\/\/schema.org","@graph":[{"@type":"WebPage","@id":"https:\/\/bogensportdiscount.ch\/fr\/produit\/oakridge-langbogen-boga-68-rh-25-lbs-flemish-dyneema-sehne\/","url":"https:\/\/bogensportdiscount.ch\/fr\/produit\/oakridge-langbogen-boga-68-rh-25-lbs-flemish-dyneema-sehne\/","name":"OAKRIDGE LONGBOWS BOGA 68&quot; LBS CON CORDA IN DYNEEMA FLAMMANDE INCLUSA - Bogensportdiscount \u2013 Archi, frecce, bersagli e accessori","isPartOf":{"@id":"https:\/\/bogensportdiscount.ch\/#website"},"primaryImageOfPage":{"@id":"https:\/\/bogensportdiscount.ch\/fr\/produit\/oakridge-langbogen-boga-68-rh-25-lbs-flemish-dyneema-sehne\/#primaryimage"},"image":{"@id":"https:\/\/bogensportdiscount.ch\/fr\/produit\/oakridge-langbogen-boga-68-rh-25-lbs-flemish-dyneema-sehne\/#primaryimage"},"thumbnailUrl":"https:\/\/bogensportdiscount.ch\/wp-content\/uploads\/2026\/04\/bogensportdiscount.ch-pfeile-boegen-zubehoer-fuer-anfaenger-und-profis-zum-besten-preis-Symbolbild-kein-foto-zu-diesem-artikel_01.jpg","datePublished":"2026-04-05T12:49:49+00:00","dateModified":"2026-04-20T11:33:41+00:00","description":"Acquista a un prezzo conveniente l&#x27;arco lungo OAKRIDGE BOGA 68&quot; LBS con corda in Dyneema fiamminga inclusa su Bogensportdiscount \u2013 Marchi di punta, spedizione veloce dalla Svizzera.","breadcrumb":{"@id":"https:\/\/bogensportdiscount.ch\/fr\/produit\/oakridge-langbogen-boga-68-rh-25-lbs-flemish-dyneema-sehne\/#breadcrumb"},"inLanguage":"it-IT","potentialAction":[{"@type":"ReadAction","target":["https:\/\/bogensportdiscount.ch\/fr\/produit\/oakridge-langbogen-boga-68-rh-25-lbs-flemish-dyneema-sehne\/"]}]},{"@type":"ImageObject","inLanguage":"it-IT","@id":"https:\/\/bogensportdiscount.ch\/fr\/produit\/oakridge-langbogen-boga-68-rh-25-lbs-flemish-dyneema-sehne\/#primaryimage","url":"https:\/\/bogensportdiscount.ch\/wp-content\/uploads\/2026\/04\/bogensportdiscount.ch-pfeile-boegen-zubehoer-fuer-anfaenger-und-profis-zum-besten-preis-Symbolbild-kein-foto-zu-diesem-artikel_01.jpg","contentUrl":"https:\/\/bogensportdiscount.ch\/wp-content\/uploads\/2026\/04\/bogensportdiscount.ch-pfeile-boegen-zubehoer-fuer-anfaenger-und-profis-zum-besten-preis-Symbolbild-kein-foto-zu-diesem-artikel_01.jpg","width":1080,"height":1080},{"@type":"BreadcrumbList","@id":"https:\/\/bogensportdiscount.ch\/fr\/produit\/oakridge-langbogen-boga-68-rh-25-lbs-flemish-dyneema-sehne\/#breadcrumb","itemListElement":[{"@type":"ListItem","position":1,"name":"Home","item":"https:\/\/bogensportdiscount.ch\/"},{"@type":"ListItem","position":2,"name":"Shop","item":"https:\/\/bogensportdiscount.ch\/shop\/"},{"@type":"ListItem","position":3,"name":"OAKRIDGE LONGBOWS BOGA 68&#8243; LBS FLEMISH DYNEEMA SEHNE INKL."}]},{"@type":"WebSite","@id":"https:\/\/bogensportdiscount.ch\/#website","url":"https:\/\/bogensportdiscount.ch\/","name":"Bogensportdiscount","description":"","potentialAction":[{"@type":"SearchAction","target":{"@type":"EntryPoint","urlTemplate":"https:\/\/bogensportdiscount.ch\/?s={search_term_string}"},"query-input":{"@type":"PropertyValueSpecification","valueRequired":true,"valueName":"search_term_string"}}],"inLanguage":"it-IT"}]}},"_links":{"self":[{"href":"https:\/\/bogensportdiscount.ch\/it\/wp-json\/wp\/v2\/product\/403602","targetHints":{"allow":["GET"]}}],"collection":[{"href":"https:\/\/bogensportdiscount.ch\/it\/wp-json\/wp\/v2\/product"}],"about":[{"href":"https:\/\/bogensportdiscount.ch\/it\/wp-json\/wp\/v2\/types\/product"}],"replies":[{"embeddable":true,"href":"https:\/\/bogensportdiscount.ch\/it\/wp-json\/wp\/v2\/comments?post=403602"}],"wp:featuredmedia":[{"embeddable":true,"href":"https:\/\/bogensportdiscount.ch\/it\/wp-json\/wp\/v2\/media\/453631"}],"wp:attachment":[{"href":"https:\/\/bogensportdiscount.ch\/it\/wp-json\/wp\/v2\/media?parent=403602"}],"wp:term":[{"taxonomy":"product_brand","embeddable":true,"href":"https:\/\/bogensportdiscount.ch\/it\/wp-json\/wp\/v2\/product_brand?post=403602"},{"taxonomy":"product_cat","embeddable":true,"href":"https:\/\/bogensportdiscount.ch\/it\/wp-json\/wp\/v2\/product_cat?post=403602"},{"taxonomy":"product_tag","embeddable":true,"href":"https:\/\/bogensportdiscount.ch\/it\/wp-json\/wp\/v2\/product_tag?post=403602"}],"curies":[{"name":"wp","href":"https:\/\/api.w.org\/{rel}","templated":true}]}}