{"id":403588,"date":"2026-04-05T14:49:47","date_gmt":"2026-04-05T12:49:47","guid":{"rendered":"https:\/\/bogensportdiscount.ch\/produkt\/cnc-new-vellator-v2-25-rh-anodized-black\/"},"modified":"2026-04-17T19:13:07","modified_gmt":"2026-04-17T17:13:07","slug":"fivics-recurve-mittelstuck-new-vellator-v2-25-lh-anodized","status":"publish","type":"product","link":"https:\/\/bogensportdiscount.ch\/it\/prodotto\/fivics-recurve-mittelstuck-new-vellator-v2-25-lh-anodized\/","title":{"rendered":"FIVICS CNC NEW VELLATOR V2 25\u2033"},"content":{"rendered":"<p>Das FIVICS New Vellator V2 ist ein Recurve-Mittelst\u00fcck in 25 Zoll L\u00e4nge f\u00fcr Linksschiessen. Es wird aus Aluminium im CNC-Extrusionsverfahren gefertigt und ist f\u00fcr alle Zuggewichte geeignet.<\/p>\n<p>Die ILF-Pfeilaufnahme erm\u00f6glicht die Kombination mit einer Vielzahl kompatibler ILF-Wurfarme. Die eloxierte Oberfl\u00e4che ist in den Farben Anodized Green und Anodized Orange erh\u00e4ltlich und bietet zus\u00e4tzlichen Schutz gegen Abrieb und Korrosion.<\/p>\n<ul>\n<li>CNC-Extrusion aus Aluminium<\/li>\n<li>ILF-Pfeilaufnahme f\u00fcr breite Kompatibilit\u00e4t<\/li>\n<li>Geeignet f\u00fcr alle Zuggewichte<\/li>\n<li>Erh\u00e4ltlich in Anodized Green und Anodized Orange<\/li>\n<\/ul>","protected":false},"excerpt":{"rendered":"<table>\n<tr>\n<th>Propriet\u00e0<\/th>\n<th>Valore<\/th>\n<\/tr>\n<tr>\n<td>Tipo<\/td>\n<td>Extrusion CNC<\/td>\n<\/tr>\n<tr>\n<td>Raccomandazione<\/td>\n<td>Alle Zuggewichte<\/td>\n<\/tr>\n<tr>\n<td>Materiale<\/td>\n<td>Aluminium<\/td>\n<\/tr>\n<tr>\n<td>Pfeilauflage-Passung<\/td>\n<td>ILF<\/td>\n<\/tr>\n<tr>\n<td>Abzugl\u00e4nge<\/td>\n<td>25&#8243;<\/td>\n<\/tr>\n<tr>\n<td>Mano<\/td>\n<td>Links (LH)<\/td>\n<\/tr>\n<tr>\n<td>Oberfl\u00e4che<\/td>\n<td>Eloxiert<\/td>\n<\/tr>\n<\/table>","protected":false},"featured_media":450493,"comment_status":"open","ping_status":"closed","template":"","meta":[],"product_brand":[429],"product_cat":[4519],"product_tag":[],"class_list":{"0":"post-403588","1":"product","2":"type-product","3":"status-publish","4":"has-post-thumbnail","6":"product_brand-fivics","7":"product_cat-recurve-mittelteile-recurve-boegen","9":"first","10":"instock","11":"shipping-taxable","12":"purchasable","13":"product-type-variable"},"_links":{"self":[{"href":"https:\/\/bogensportdiscount.ch\/it\/wp-json\/wp\/v2\/product\/403588","targetHints":{"allow":["GET"]}}],"collection":[{"href":"https:\/\/bogensportdiscount.ch\/it\/wp-json\/wp\/v2\/product"}],"about":[{"href":"https:\/\/bogensportdiscount.ch\/it\/wp-json\/wp\/v2\/types\/product"}],"replies":[{"embeddable":true,"href":"https:\/\/bogensportdiscount.ch\/it\/wp-json\/wp\/v2\/comments?post=403588"}],"wp:featuredmedia":[{"embeddable":true,"href":"https:\/\/bogensportdiscount.ch\/it\/wp-json\/wp\/v2\/media\/450493"}],"wp:attachment":[{"href":"https:\/\/bogensportdiscount.ch\/it\/wp-json\/wp\/v2\/media?parent=403588"}],"wp:term":[{"taxonomy":"product_brand","embeddable":true,"href":"https:\/\/bogensportdiscount.ch\/it\/wp-json\/wp\/v2\/product_brand?post=403588"},{"taxonomy":"product_cat","embeddable":true,"href":"https:\/\/bogensportdiscount.ch\/it\/wp-json\/wp\/v2\/product_cat?post=403588"},{"taxonomy":"product_tag","embeddable":true,"href":"https:\/\/bogensportdiscount.ch\/it\/wp-json\/wp\/v2\/product_tag?post=403588"}],"curies":[{"name":"wp","href":"https:\/\/api.w.org\/{rel}","templated":true}]}}