{"id":403547,"date":"2026-04-05T14:49:42","date_gmt":"2026-04-05T12:49:42","guid":{"rendered":"https:\/\/bogensportdiscount.ch\/produkt\/shaft-five-x-id3-2-350-32-12-pk\/"},"modified":"2026-04-19T11:54:01","modified_gmt":"2026-04-19T09:54:01","slug":"fivics-carbon-zielschaft-five-x-id3-2","status":"publish","type":"product","link":"https:\/\/bogensportdiscount.ch\/it\/prodotto\/fivics-carbon-zielschaft-five-x-id3-2\/","title":{"rendered":"FIVICS SCHAFT FIVE-X ID3.2 12\/PK"},"content":{"rendered":"<p>Der FIVICS Five-X ID3.2 ist ein Carbon-Zielschaft, der f\u00fcr den Einsatz im Zielschiesssport entwickelt wurde. Der standardisierte Innendurchmesser von 3.2 mm erm\u00f6glicht die Verwendung von kompatiblen Eins\u00e4tzen und Komponenten g\u00e4ngiger Hersteller.<\/p>\n<p>Der Schaft ist in f\u00fcnf L\u00e4ngen von 28&#8243; bis 32&#8243; erh\u00e4ltlich und deckt mit Spine-Werten von 350 bis 1000 ein breites Spektrum an Zuggewichten ab. Damit eignet sich der Five-X ID3.2 sowohl f\u00fcr Recurve- als auch f\u00fcr schw\u00e4chere Compound-Setups.<\/p>\n<ul>\n<li>Innendurchmesser 3.2 mm (ID3.2-Standard)<\/li>\n<li>Verf\u00fcgbar in L\u00e4ngen von 28&#8243; bis 32&#8243;<\/li>\n<li>Spine-Auswahl: 350 bis 1000<\/li>\n<li>Carbon-Konstruktion f\u00fcr gleichm\u00e4ssige Flugeigenschaften<\/li>\n<\/ul>","protected":false},"excerpt":{"rendered":"<p><strong>Marchio:<\/strong> Fivics<\/p>","protected":false},"featured_media":450480,"comment_status":"open","ping_status":"closed","template":"","meta":[],"product_brand":[429],"product_cat":[4236],"product_tag":[],"class_list":{"0":"post-403547","1":"product","2":"type-product","3":"status-publish","4":"has-post-thumbnail","6":"product_brand-fivics","7":"product_cat-carbon-schaefte","9":"first","10":"outofstock","11":"shipping-taxable","12":"purchasable","13":"product-type-variable"},"_links":{"self":[{"href":"https:\/\/bogensportdiscount.ch\/it\/wp-json\/wp\/v2\/product\/403547","targetHints":{"allow":["GET"]}}],"collection":[{"href":"https:\/\/bogensportdiscount.ch\/it\/wp-json\/wp\/v2\/product"}],"about":[{"href":"https:\/\/bogensportdiscount.ch\/it\/wp-json\/wp\/v2\/types\/product"}],"replies":[{"embeddable":true,"href":"https:\/\/bogensportdiscount.ch\/it\/wp-json\/wp\/v2\/comments?post=403547"}],"wp:featuredmedia":[{"embeddable":true,"href":"https:\/\/bogensportdiscount.ch\/it\/wp-json\/wp\/v2\/media\/450480"}],"wp:attachment":[{"href":"https:\/\/bogensportdiscount.ch\/it\/wp-json\/wp\/v2\/media?parent=403547"}],"wp:term":[{"taxonomy":"product_brand","embeddable":true,"href":"https:\/\/bogensportdiscount.ch\/it\/wp-json\/wp\/v2\/product_brand?post=403547"},{"taxonomy":"product_cat","embeddable":true,"href":"https:\/\/bogensportdiscount.ch\/it\/wp-json\/wp\/v2\/product_cat?post=403547"},{"taxonomy":"product_tag","embeddable":true,"href":"https:\/\/bogensportdiscount.ch\/it\/wp-json\/wp\/v2\/product_tag?post=403547"}],"curies":[{"name":"wp","href":"https:\/\/api.w.org\/{rel}","templated":true}]}}