{"id":403492,"date":"2026-04-05T14:49:36","date_gmt":"2026-04-05T12:49:36","guid":{"rendered":"https:\/\/bogensportdiscount.ch\/produkt\/hunting-bows-dymond-62-rh-25-lbs-flemish-dyneema-string-incl\/"},"modified":"2026-04-17T15:42:16","modified_gmt":"2026-04-17T13:42:16","slug":"oakridge-jagdbogen-dymond-62","status":"publish","type":"product","link":"https:\/\/bogensportdiscount.ch\/it\/prodotto\/oakridge-jagdbogen-dymond-62\/","title":{"rendered":"ARCO RICURVO MONOPEZZO OAKRIDGE DYMOND"},"content":{"rendered":"<p>Der OAKRIDGE Dymond ist ein traditioneller Jagdbogen mit einer Gesamtl\u00e4nge von 62 Zoll, der sich f\u00fcr J\u00e4ger und Bogensch\u00fctzen mit verschiedenen Anforderungen eignet. Mit einer breiten Palette an Zuggewichten von 25 bis 55 LBS bietet der Bogen flexible Konfigurationsm\u00f6glichkeiten f\u00fcr unterschiedliche Sch\u00fctzen und Jagdsituationen.<\/p>\n<p>Der Bogen ist sowohl in Linkshand (LH) als auch in Rechtshand (RH) erh\u00e4ltlich, sodass jeder Sch\u00fctze die f\u00fcr ihn passende Ausf\u00fchrung w\u00e4hlen kann. Die robuste Konstruktion macht ihn zu einem zuverl\u00e4ssigen Begleiter f\u00fcr die Jagd.<\/p>","protected":false},"excerpt":{"rendered":"<table>\n<tr>\n<th>Propriet\u00e0<\/th>\n<th>Valore<\/th>\n<\/tr>\n<tr>\n<td>Marchio<\/td>\n<td>Oak Ridge<\/td>\n<\/tr>\n<tr>\n<td>Modell<\/td>\n<td>Dymond<\/td>\n<\/tr>\n<tr>\n<td>Lunghezza<\/td>\n<td>62&#8243;<\/td>\n<\/tr>\n<tr>\n<td>Verf\u00fcgbare Zuggewichte<\/td>\n<td>25\u201355 LBS<\/td>\n<\/tr>\n<tr>\n<td>Handorientierung<\/td>\n<td>Linkshand (LH) \/ Rechtshand (RH)<\/td>\n<\/tr>\n<\/table>","protected":false},"featured_media":450472,"comment_status":"open","ping_status":"closed","template":"","meta":[],"product_brand":[569],"product_cat":[4274],"product_tag":[],"class_list":{"0":"post-403492","1":"product","2":"type-product","3":"status-publish","4":"has-post-thumbnail","6":"product_brand-oakridge","7":"product_cat-jagdboegen","9":"first","10":"instock","11":"shipping-taxable","12":"purchasable","13":"product-type-variable"},"_links":{"self":[{"href":"https:\/\/bogensportdiscount.ch\/it\/wp-json\/wp\/v2\/product\/403492","targetHints":{"allow":["GET"]}}],"collection":[{"href":"https:\/\/bogensportdiscount.ch\/it\/wp-json\/wp\/v2\/product"}],"about":[{"href":"https:\/\/bogensportdiscount.ch\/it\/wp-json\/wp\/v2\/types\/product"}],"replies":[{"embeddable":true,"href":"https:\/\/bogensportdiscount.ch\/it\/wp-json\/wp\/v2\/comments?post=403492"}],"wp:featuredmedia":[{"embeddable":true,"href":"https:\/\/bogensportdiscount.ch\/it\/wp-json\/wp\/v2\/media\/450472"}],"wp:attachment":[{"href":"https:\/\/bogensportdiscount.ch\/it\/wp-json\/wp\/v2\/media?parent=403492"}],"wp:term":[{"taxonomy":"product_brand","embeddable":true,"href":"https:\/\/bogensportdiscount.ch\/it\/wp-json\/wp\/v2\/product_brand?post=403492"},{"taxonomy":"product_cat","embeddable":true,"href":"https:\/\/bogensportdiscount.ch\/it\/wp-json\/wp\/v2\/product_cat?post=403492"},{"taxonomy":"product_tag","embeddable":true,"href":"https:\/\/bogensportdiscount.ch\/it\/wp-json\/wp\/v2\/product_tag?post=403492"}],"curies":[{"name":"wp","href":"https:\/\/api.w.org\/{rel}","templated":true}]}}