{"id":403479,"date":"2026-04-05T14:49:35","date_gmt":"2026-04-05T12:49:35","guid":{"rendered":"https:\/\/bogensportdiscount.ch\/produkt\/string-material-rampage-1-4-lbs-black\/"},"modified":"2026-04-17T13:46:24","modified_gmt":"2026-04-17T11:46:24","slug":"brownell-sehnenmaterial-rampage-1-4-lbs","status":"publish","type":"product","link":"https:\/\/bogensportdiscount.ch\/it\/prodotto\/brownell-sehnenmaterial-rampage-1-4-lbs\/","title":{"rendered":"MATERIALE PER CORDE BROWNELL RAMPAGE 1\/4 LBS"},"content":{"rendered":"<p>Das BROWNELL Rampage Sehnenmaterial ist f\u00fcr Bogensportler und Sehnenbauer konzipiert, die ihre Sehnen selbst herstellen m\u00f6chten. Die 1\/4-Pfund-Spule (ca. 113 g) bietet ausreichend Material f\u00fcr mehrere Sehnen und erlaubt eine flexible Planung beim Sehnenbau.<\/p>\n<p>Das Material ist in einer grossen Farbauswahl erh\u00e4ltlich, sodass individuelle Farbkombinationen realisiert werden k\u00f6nnen. BROWNELL geh\u00f6rt zu den etablierten Herstellern von Sehnenmaterialien im Bogensport und steht f\u00fcr gleichbleibende Faserqualit\u00e4t.<\/p>\n<ul>\n<li>Sehnenmaterial von BROWNELL in der Spulgr\u00f6sse 1\/4 lbs<\/li>\n<li>Erh\u00e4ltlich in 11 Farben: Schwarz, Blau, Bronze, Braun, Gr\u00fcn, Grau, Orange, Lila, Rot, Weiss, Gelb<\/li>\n<li>Geeignet f\u00fcr den Eigenbau von Bogensehnen<\/li>\n<li>F\u00fcr verschiedene Bogentypen verwendbar<\/li>\n<\/ul>","protected":false},"excerpt":{"rendered":"<p><strong>Marchio:<\/strong> Brownell<\/p>","protected":false},"featured_media":450471,"comment_status":"open","ping_status":"closed","template":"","meta":[],"product_brand":[592],"product_cat":[4565],"product_tag":[],"class_list":{"0":"post-403479","1":"product","2":"type-product","3":"status-publish","4":"has-post-thumbnail","6":"product_brand-brownell","7":"product_cat-string-material","9":"first","10":"instock","11":"shipping-taxable","12":"purchasable","13":"product-type-variable"},"_links":{"self":[{"href":"https:\/\/bogensportdiscount.ch\/it\/wp-json\/wp\/v2\/product\/403479","targetHints":{"allow":["GET"]}}],"collection":[{"href":"https:\/\/bogensportdiscount.ch\/it\/wp-json\/wp\/v2\/product"}],"about":[{"href":"https:\/\/bogensportdiscount.ch\/it\/wp-json\/wp\/v2\/types\/product"}],"replies":[{"embeddable":true,"href":"https:\/\/bogensportdiscount.ch\/it\/wp-json\/wp\/v2\/comments?post=403479"}],"wp:featuredmedia":[{"embeddable":true,"href":"https:\/\/bogensportdiscount.ch\/it\/wp-json\/wp\/v2\/media\/450471"}],"wp:attachment":[{"href":"https:\/\/bogensportdiscount.ch\/it\/wp-json\/wp\/v2\/media?parent=403479"}],"wp:term":[{"taxonomy":"product_brand","embeddable":true,"href":"https:\/\/bogensportdiscount.ch\/it\/wp-json\/wp\/v2\/product_brand?post=403479"},{"taxonomy":"product_cat","embeddable":true,"href":"https:\/\/bogensportdiscount.ch\/it\/wp-json\/wp\/v2\/product_cat?post=403479"},{"taxonomy":"product_tag","embeddable":true,"href":"https:\/\/bogensportdiscount.ch\/it\/wp-json\/wp\/v2\/product_tag?post=403479"}],"curies":[{"name":"wp","href":"https:\/\/api.w.org\/{rel}","templated":true}]}}