{"id":403466,"date":"2026-04-05T14:49:33","date_gmt":"2026-04-05T12:49:33","guid":{"rendered":"https:\/\/bogensportdiscount.ch\/produkt\/stabilizer-dampers-deresonator-standard-blue\/"},"modified":"2026-05-14T15:26:10","modified_gmt":"2026-05-14T13:26:10","slug":"limbsaver-stabilisatordaempfer-deresonator-standard","status":"publish","type":"product","link":"https:\/\/bogensportdiscount.ch\/it\/prodotto\/limbsaver-stabilisatordaempfer-deresonator-standard\/","title":{"rendered":"LIMBSAVER SMORZATORE STABILIZZATORE DERESONATOR STANDARD"},"content":{"rendered":"<p>Il LIMBSAVER Deresonator Standard \u00e8 un ammortizzatore per stabilizzatore che si monta sullo stabilizzatore dell'arco per attenuare le vibrazioni di risonanza indesiderate. Grazie all'utilizzo del collaudato materiale NAVCOM di LIMBSAVER, le vibrazioni vengono assorbite efficacemente, garantendo un tiro pi\u00f9 silenzioso e un maggiore comfort.<\/p>\n<p>Il Deresonator Standard \u00e8 adatto all'uso con i comuni stabilizzatori per arco e, grazie alla sua struttura compatta, \u00e8 facile da montare. \u00c8 disponibile in diversi colori e pu\u00f2 quindi essere personalizzato individualmente.<\/p>\n<ul>\n<li>Attenua le vibrazioni e le oscillazioni di risonanza sullo stabilizzatore<\/li>\n<li>Montaggio semplice senza attrezzi<\/li>\n<li>Disponibile in blu, verde, arancione, rosso e giallo<\/li>\n<li>Prodotto negli Stati Uniti<\/li>\n<\/ul>","protected":false},"excerpt":{"rendered":"<table>\n<tr>\n<th>Propriet\u00e0<\/th>\n<th>Valore<\/th>\n<\/tr>\n<tr>\n<td>Marca<\/td>\n<td>Limbsaver<\/td>\n<\/tr>\n<tr>\n<td>Paese di origine<\/td>\n<td>USA<\/td>\n<\/tr>\n<\/table>","protected":false},"featured_media":450467,"comment_status":"open","ping_status":"closed","template":"","meta":[],"product_brand":[801],"product_cat":[4197],"product_tag":[],"class_list":{"0":"post-403466","1":"product","2":"type-product","3":"status-publish","4":"has-post-thumbnail","6":"product_brand-limbsaver","7":"product_cat-stabilisations-daempfer","8":"product_shipping_class-bsd-standard","10":"first","11":"instock","12":"shipping-taxable","13":"purchasable","14":"product-type-variable"},"yoast_head":"<!-- This site is optimized with the Yoast SEO plugin v27.6 - https:\/\/yoast.com\/product\/yoast-seo-wordpress\/ -->\n<title>LIMBSAVER STABILISATOR DAMPER DERESONATOR STANDARD - Bogensportdiscount \u2013 B\u00f6gen, Pfeile, Targets &amp; Zubeh\u00f6r<\/title>\n<meta name=\"description\" content=\"LIMBSAVER STABILISATOR DAMPER DERESONATOR STANDARD g\u00fcnstig kaufen bei Bogensportdiscount \u2013 Top-Marken, schneller Versand aus der Schweiz.\" \/>\n<meta name=\"robots\" content=\"index, follow, max-snippet:-1, max-image-preview:large, max-video-preview:-1\" \/>\n<link rel=\"canonical\" href=\"https:\/\/bogensportdiscount.ch\/it\/prodotto\/limbsaver-stabilisatordaempfer-deresonator-standard\/\" \/>\n<meta property=\"og:locale\" content=\"it_IT\" \/>\n<meta property=\"og:type\" content=\"article\" \/>\n<meta property=\"og:title\" content=\"LIMBSAVER STABILISATOR DAMPER DERESONATOR STANDARD - Bogensportdiscount \u2013 B\u00f6gen, Pfeile, Targets &amp; Zubeh\u00f6r\" \/>\n<meta property=\"og:description\" content=\"LIMBSAVER STABILISATOR DAMPER DERESONATOR STANDARD g\u00fcnstig kaufen bei Bogensportdiscount \u2013 Top-Marken, schneller Versand aus der Schweiz.\" \/>\n<meta property=\"og:url\" content=\"https:\/\/bogensportdiscount.ch\/it\/prodotto\/limbsaver-stabilisatordaempfer-deresonator-standard\/\" \/>\n<meta property=\"og:site_name\" content=\"Bogensportdiscount \u2013 B\u00f6gen, Pfeile, Targets &amp; Zubeh\u00f6r\" \/>\n<meta property=\"article:modified_time\" content=\"2026-05-14T13:26:10+00:00\" \/>\n<meta property=\"og:image\" content=\"https:\/\/bogensportdiscount.ch\/wp-content\/uploads\/bsm-images\/A037572_1.png\" \/>\n\t<meta property=\"og:image:width\" content=\"1167\" \/>\n\t<meta property=\"og:image:height\" content=\"1492\" \/>\n\t<meta property=\"og:image:type\" content=\"image\/png\" \/>\n<meta name=\"twitter:card\" content=\"summary_large_image\" \/>\n<meta name=\"twitter:label1\" content=\"Tempo di lettura stimato\" \/>\n\t<meta name=\"twitter:data1\" content=\"1 minuto\" \/>\n<script type=\"application\/ld+json\" class=\"yoast-schema-graph\">{\"@context\":\"https:\\\/\\\/schema.org\",\"@graph\":[{\"@type\":\"WebPage\",\"@id\":\"https:\\\/\\\/bogensportdiscount.ch\\\/produkt\\\/limbsaver-stabilisatordaempfer-deresonator-standard\\\/\",\"url\":\"https:\\\/\\\/bogensportdiscount.ch\\\/produkt\\\/limbsaver-stabilisatordaempfer-deresonator-standard\\\/\",\"name\":\"LIMBSAVER STABILISATOR DAMPER DERESONATOR STANDARD - Bogensportdiscount \u2013 B\u00f6gen, Pfeile, Targets &amp; Zubeh\u00f6r\",\"isPartOf\":{\"@id\":\"https:\\\/\\\/bogensportdiscount.ch\\\/#website\"},\"primaryImageOfPage\":{\"@id\":\"https:\\\/\\\/bogensportdiscount.ch\\\/produkt\\\/limbsaver-stabilisatordaempfer-deresonator-standard\\\/#primaryimage\"},\"image\":{\"@id\":\"https:\\\/\\\/bogensportdiscount.ch\\\/produkt\\\/limbsaver-stabilisatordaempfer-deresonator-standard\\\/#primaryimage\"},\"thumbnailUrl\":\"https:\\\/\\\/bogensportdiscount.ch\\\/wp-content\\\/uploads\\\/bsm-images\\\/A037572_1.png\",\"datePublished\":\"2026-04-05T12:49:33+00:00\",\"dateModified\":\"2026-05-14T13:26:10+00:00\",\"description\":\"LIMBSAVER STABILISATOR DAMPER DERESONATOR STANDARD g\u00fcnstig kaufen bei Bogensportdiscount \u2013 Top-Marken, schneller Versand aus der Schweiz.\",\"breadcrumb\":{\"@id\":\"https:\\\/\\\/bogensportdiscount.ch\\\/produkt\\\/limbsaver-stabilisatordaempfer-deresonator-standard\\\/#breadcrumb\"},\"inLanguage\":\"it-IT\",\"potentialAction\":[{\"@type\":\"ReadAction\",\"target\":[\"https:\\\/\\\/bogensportdiscount.ch\\\/produkt\\\/limbsaver-stabilisatordaempfer-deresonator-standard\\\/\"]}]},{\"@type\":\"ImageObject\",\"inLanguage\":\"it-IT\",\"@id\":\"https:\\\/\\\/bogensportdiscount.ch\\\/produkt\\\/limbsaver-stabilisatordaempfer-deresonator-standard\\\/#primaryimage\",\"url\":\"https:\\\/\\\/bogensportdiscount.ch\\\/wp-content\\\/uploads\\\/bsm-images\\\/A037572_1.png\",\"contentUrl\":\"https:\\\/\\\/bogensportdiscount.ch\\\/wp-content\\\/uploads\\\/bsm-images\\\/A037572_1.png\",\"width\":1167,\"height\":1492},{\"@type\":\"BreadcrumbList\",\"@id\":\"https:\\\/\\\/bogensportdiscount.ch\\\/produkt\\\/limbsaver-stabilisatordaempfer-deresonator-standard\\\/#breadcrumb\",\"itemListElement\":[{\"@type\":\"ListItem\",\"position\":1,\"name\":\"Home\",\"item\":\"https:\\\/\\\/bogensportdiscount.ch\\\/\"},{\"@type\":\"ListItem\",\"position\":2,\"name\":\"Shop\",\"item\":\"https:\\\/\\\/bogensportdiscount.ch\\\/shop\\\/\"},{\"@type\":\"ListItem\",\"position\":3,\"name\":\"LIMBSAVER STABILIZER DAMPERS DERESONATOR STANDARD\"}]},{\"@type\":\"WebSite\",\"@id\":\"https:\\\/\\\/bogensportdiscount.ch\\\/#website\",\"url\":\"https:\\\/\\\/bogensportdiscount.ch\\\/\",\"name\":\"Bogensportdiscount\",\"description\":\"\",\"potentialAction\":[{\"@type\":\"SearchAction\",\"target\":{\"@type\":\"EntryPoint\",\"urlTemplate\":\"https:\\\/\\\/bogensportdiscount.ch\\\/?s={search_term_string}\"},\"query-input\":{\"@type\":\"PropertyValueSpecification\",\"valueRequired\":true,\"valueName\":\"search_term_string\"}}],\"inLanguage\":\"it-IT\"}]}<\/script>\n<!-- \/ Yoast SEO plugin. -->","yoast_head_json":{"title":"LIMBSAVER STABILISATOR DAMPER DERESONATOR STANDARD - Bogensportdiscount \u2013 B\u00f6gen, Pfeile, Targets &amp; Zubeh\u00f6r","description":"LIMBSAVER STABILISATOR DAMPER DERESONATOR STANDARD g\u00fcnstig kaufen bei Bogensportdiscount \u2013 Top-Marken, schneller Versand aus der Schweiz.","robots":{"index":"index","follow":"follow","max-snippet":"max-snippet:-1","max-image-preview":"max-image-preview:large","max-video-preview":"max-video-preview:-1"},"canonical":"https:\/\/bogensportdiscount.ch\/it\/prodotto\/limbsaver-stabilisatordaempfer-deresonator-standard\/","og_locale":"it_IT","og_type":"article","og_title":"LIMBSAVER STABILISATOR DAMPER DERESONATOR STANDARD - Bogensportdiscount \u2013 B\u00f6gen, Pfeile, Targets &amp; Zubeh\u00f6r","og_description":"LIMBSAVER STABILISATOR DAMPER DERESONATOR STANDARD g\u00fcnstig kaufen bei Bogensportdiscount \u2013 Top-Marken, schneller Versand aus der Schweiz.","og_url":"https:\/\/bogensportdiscount.ch\/it\/prodotto\/limbsaver-stabilisatordaempfer-deresonator-standard\/","og_site_name":"Bogensportdiscount \u2013 B\u00f6gen, Pfeile, Targets &amp; Zubeh\u00f6r","article_modified_time":"2026-05-14T13:26:10+00:00","og_image":[{"width":1167,"height":1492,"url":"https:\/\/bogensportdiscount.ch\/wp-content\/uploads\/bsm-images\/A037572_1.png","type":"image\/png"}],"twitter_card":"summary_large_image","twitter_misc":{"Tempo di lettura stimato":"1 minuto"},"schema":{"@context":"https:\/\/schema.org","@graph":[{"@type":"WebPage","@id":"https:\/\/bogensportdiscount.ch\/produkt\/limbsaver-stabilisatordaempfer-deresonator-standard\/","url":"https:\/\/bogensportdiscount.ch\/produkt\/limbsaver-stabilisatordaempfer-deresonator-standard\/","name":"LIMBSAVER STABILISATOR DAMPER DERESONATOR STANDARD - Bogensportdiscount \u2013 B\u00f6gen, Pfeile, Targets &amp; Zubeh\u00f6r","isPartOf":{"@id":"https:\/\/bogensportdiscount.ch\/#website"},"primaryImageOfPage":{"@id":"https:\/\/bogensportdiscount.ch\/produkt\/limbsaver-stabilisatordaempfer-deresonator-standard\/#primaryimage"},"image":{"@id":"https:\/\/bogensportdiscount.ch\/produkt\/limbsaver-stabilisatordaempfer-deresonator-standard\/#primaryimage"},"thumbnailUrl":"https:\/\/bogensportdiscount.ch\/wp-content\/uploads\/bsm-images\/A037572_1.png","datePublished":"2026-04-05T12:49:33+00:00","dateModified":"2026-05-14T13:26:10+00:00","description":"LIMBSAVER STABILISATOR DAMPER DERESONATOR STANDARD g\u00fcnstig kaufen bei Bogensportdiscount \u2013 Top-Marken, schneller Versand aus der Schweiz.","breadcrumb":{"@id":"https:\/\/bogensportdiscount.ch\/produkt\/limbsaver-stabilisatordaempfer-deresonator-standard\/#breadcrumb"},"inLanguage":"it-IT","potentialAction":[{"@type":"ReadAction","target":["https:\/\/bogensportdiscount.ch\/produkt\/limbsaver-stabilisatordaempfer-deresonator-standard\/"]}]},{"@type":"ImageObject","inLanguage":"it-IT","@id":"https:\/\/bogensportdiscount.ch\/produkt\/limbsaver-stabilisatordaempfer-deresonator-standard\/#primaryimage","url":"https:\/\/bogensportdiscount.ch\/wp-content\/uploads\/bsm-images\/A037572_1.png","contentUrl":"https:\/\/bogensportdiscount.ch\/wp-content\/uploads\/bsm-images\/A037572_1.png","width":1167,"height":1492},{"@type":"BreadcrumbList","@id":"https:\/\/bogensportdiscount.ch\/produkt\/limbsaver-stabilisatordaempfer-deresonator-standard\/#breadcrumb","itemListElement":[{"@type":"ListItem","position":1,"name":"Home","item":"https:\/\/bogensportdiscount.ch\/"},{"@type":"ListItem","position":2,"name":"Shop","item":"https:\/\/bogensportdiscount.ch\/shop\/"},{"@type":"ListItem","position":3,"name":"LIMBSAVER STABILIZER DAMPERS DERESONATOR STANDARD"}]},{"@type":"WebSite","@id":"https:\/\/bogensportdiscount.ch\/#website","url":"https:\/\/bogensportdiscount.ch\/","name":"Bogensportdiscount","description":"","potentialAction":[{"@type":"SearchAction","target":{"@type":"EntryPoint","urlTemplate":"https:\/\/bogensportdiscount.ch\/?s={search_term_string}"},"query-input":{"@type":"PropertyValueSpecification","valueRequired":true,"valueName":"search_term_string"}}],"inLanguage":"it-IT"}]}},"_links":{"self":[{"href":"https:\/\/bogensportdiscount.ch\/it\/wp-json\/wp\/v2\/product\/403466","targetHints":{"allow":["GET"]}}],"collection":[{"href":"https:\/\/bogensportdiscount.ch\/it\/wp-json\/wp\/v2\/product"}],"about":[{"href":"https:\/\/bogensportdiscount.ch\/it\/wp-json\/wp\/v2\/types\/product"}],"replies":[{"embeddable":true,"href":"https:\/\/bogensportdiscount.ch\/it\/wp-json\/wp\/v2\/comments?post=403466"}],"wp:featuredmedia":[{"embeddable":true,"href":"https:\/\/bogensportdiscount.ch\/it\/wp-json\/wp\/v2\/media\/450467"}],"wp:attachment":[{"href":"https:\/\/bogensportdiscount.ch\/it\/wp-json\/wp\/v2\/media?parent=403466"}],"wp:term":[{"taxonomy":"product_brand","embeddable":true,"href":"https:\/\/bogensportdiscount.ch\/it\/wp-json\/wp\/v2\/product_brand?post=403466"},{"taxonomy":"product_cat","embeddable":true,"href":"https:\/\/bogensportdiscount.ch\/it\/wp-json\/wp\/v2\/product_cat?post=403466"},{"taxonomy":"product_tag","embeddable":true,"href":"https:\/\/bogensportdiscount.ch\/it\/wp-json\/wp\/v2\/product_tag?post=403466"}],"curies":[{"name":"wp","href":"https:\/\/api.w.org\/{rel}","templated":true}]}}