{"id":403433,"date":"2026-04-05T14:49:28","date_gmt":"2026-04-05T12:49:28","guid":{"rendered":"https:\/\/bogensportdiscount.ch\/produkt\/recurve-strings-carrera-99r-70-14-strands-white\/"},"modified":"2026-04-17T13:46:23","modified_gmt":"2026-04-17T11:46:23","slug":"avalon-recurve-sehne-carrera-99r-70-14-strands","status":"publish","type":"product","link":"https:\/\/bogensportdiscount.ch\/it\/prodotto\/avalon-recurve-sehne-carrera-99r-70-14-strands\/","title":{"rendered":"CORDE AVALON RECURVE CARRERA 99R 70\u2033 14 FILI"},"content":{"rendered":"<p>Die AVALON Recurve-Sehne Carrera 99R ist eine hochwertige Bogensehne speziell f\u00fcr Recurve-Bogen entwickelt. Mit einer L\u00e4nge von 70 Zoll und 14 Strands bietet sie optimale Leistung und Zuverl\u00e4ssigkeit f\u00fcr Hobby- und Wettkampfsch\u00fctzen.<\/p>\n<p>Die Sehne ist in verschiedenen Farbvarianten erh\u00e4ltlich (Schwarz, Schwarz\/Blau, Schwarz\/Orange, Schwarz\/Rot, Weiss) und erm\u00f6glicht damit eine individuelle Gestaltung des Bogens. Das robuste Design sorgt f\u00fcr Langlebigkeit und konstante Schussleistung.<\/p>","protected":false},"excerpt":{"rendered":"<table>\n<tr>\n<th>Propriet\u00e0<\/th>\n<th>Valore<\/th>\n<\/tr>\n<tr>\n<td>Marchio<\/td>\n<td>Avalon<\/td>\n<\/tr>\n<tr>\n<td>Modell<\/td>\n<td>Carrera 99R<\/td>\n<\/tr>\n<tr>\n<td>Lunghezza<\/td>\n<td>70&#8243;<\/td>\n<\/tr>\n<tr>\n<td>Strands<\/td>\n<td>14<\/td>\n<\/tr>\n<tr>\n<td>Herkunftsland<\/td>\n<td>Spanien<\/td>\n<\/tr>\n<\/table>","protected":false},"featured_media":450450,"comment_status":"open","ping_status":"closed","template":"","meta":[],"product_brand":[449],"product_cat":[4638],"product_tag":[],"class_list":{"0":"post-403433","1":"product","2":"type-product","3":"status-publish","4":"has-post-thumbnail","6":"product_brand-avalon","7":"product_cat-recurve-strings-sehnen-kabel-bogen-zubehoer","9":"first","10":"instock","11":"shipping-taxable","12":"purchasable","13":"product-type-variable"},"_links":{"self":[{"href":"https:\/\/bogensportdiscount.ch\/it\/wp-json\/wp\/v2\/product\/403433","targetHints":{"allow":["GET"]}}],"collection":[{"href":"https:\/\/bogensportdiscount.ch\/it\/wp-json\/wp\/v2\/product"}],"about":[{"href":"https:\/\/bogensportdiscount.ch\/it\/wp-json\/wp\/v2\/types\/product"}],"replies":[{"embeddable":true,"href":"https:\/\/bogensportdiscount.ch\/it\/wp-json\/wp\/v2\/comments?post=403433"}],"wp:featuredmedia":[{"embeddable":true,"href":"https:\/\/bogensportdiscount.ch\/it\/wp-json\/wp\/v2\/media\/450450"}],"wp:attachment":[{"href":"https:\/\/bogensportdiscount.ch\/it\/wp-json\/wp\/v2\/media?parent=403433"}],"wp:term":[{"taxonomy":"product_brand","embeddable":true,"href":"https:\/\/bogensportdiscount.ch\/it\/wp-json\/wp\/v2\/product_brand?post=403433"},{"taxonomy":"product_cat","embeddable":true,"href":"https:\/\/bogensportdiscount.ch\/it\/wp-json\/wp\/v2\/product_cat?post=403433"},{"taxonomy":"product_tag","embeddable":true,"href":"https:\/\/bogensportdiscount.ch\/it\/wp-json\/wp\/v2\/product_tag?post=403433"}],"curies":[{"name":"wp","href":"https:\/\/api.w.org\/{rel}","templated":true}]}}