{"id":403426,"date":"2026-04-05T14:49:27","date_gmt":"2026-04-05T12:49:27","guid":{"rendered":"https:\/\/bogensportdiscount.ch\/produkt\/recurve-strings-carrera-99r-68-14-strands-white\/"},"modified":"2026-04-17T13:46:23","modified_gmt":"2026-04-17T11:46:23","slug":"avalon-recurve-sehne-carrera-99r-68-14-strands","status":"publish","type":"product","link":"https:\/\/bogensportdiscount.ch\/it\/prodotto\/avalon-recurve-sehne-carrera-99r-68-14-strands\/","title":{"rendered":"CORDE AVALON RECURVE CARRERA 99R 68\u2033 14 FILI"},"content":{"rendered":"<p>Die AVALON Carrera 99R ist eine Recurve-Sehne mit einer L\u00e4nge von 68 Zoll und einem Aufbau aus 14 Str\u00e4ngen. Sie ist in den Farben Schwarz, Schwarz\/Blau, Schwarz\/Orange, Schwarz\/Rot und Weiss erh\u00e4ltlich.<\/p>\n<p>Die Sehne wurde in Spanien gefertigt und ist f\u00fcr den Einsatz an Standard-Recurve-B\u00f6gen konzipiert. Der 14-Strang-Aufbau bietet eine solide Grundlage f\u00fcr ein stabiles Schussbild.<\/p>\n<ul>\n<li>L\u00e4nge: 68 Zoll<\/li>\n<li>Aufbau: 14 Str\u00e4nge<\/li>\n<li>Mehrere Farbvarianten verf\u00fcgbar<\/li>\n<li>Hergestellt in Spanien<\/li>\n<\/ul>","protected":false},"excerpt":{"rendered":"<p>Die AVALON Carrera 99R ist eine Recurve-Bogensehne mit 68 Zoll L\u00e4nge und 14 Str\u00e4ngen. Sie ist in mehreren Farbvarianten erh\u00e4ltlich und eignet sich f\u00fcr den Einsatz an Recurve-B\u00f6gen. Hergestellt in Spanien.<\/p>","protected":false},"featured_media":450445,"comment_status":"open","ping_status":"closed","template":"","meta":[],"product_brand":[449],"product_cat":[4638],"product_tag":[],"class_list":{"0":"post-403426","1":"product","2":"type-product","3":"status-publish","4":"has-post-thumbnail","6":"product_brand-avalon","7":"product_cat-recurve-strings-sehnen-kabel-bogen-zubehoer","9":"first","10":"instock","11":"shipping-taxable","12":"purchasable","13":"product-type-variable"},"_links":{"self":[{"href":"https:\/\/bogensportdiscount.ch\/it\/wp-json\/wp\/v2\/product\/403426","targetHints":{"allow":["GET"]}}],"collection":[{"href":"https:\/\/bogensportdiscount.ch\/it\/wp-json\/wp\/v2\/product"}],"about":[{"href":"https:\/\/bogensportdiscount.ch\/it\/wp-json\/wp\/v2\/types\/product"}],"replies":[{"embeddable":true,"href":"https:\/\/bogensportdiscount.ch\/it\/wp-json\/wp\/v2\/comments?post=403426"}],"wp:featuredmedia":[{"embeddable":true,"href":"https:\/\/bogensportdiscount.ch\/it\/wp-json\/wp\/v2\/media\/450445"}],"wp:attachment":[{"href":"https:\/\/bogensportdiscount.ch\/it\/wp-json\/wp\/v2\/media?parent=403426"}],"wp:term":[{"taxonomy":"product_brand","embeddable":true,"href":"https:\/\/bogensportdiscount.ch\/it\/wp-json\/wp\/v2\/product_brand?post=403426"},{"taxonomy":"product_cat","embeddable":true,"href":"https:\/\/bogensportdiscount.ch\/it\/wp-json\/wp\/v2\/product_cat?post=403426"},{"taxonomy":"product_tag","embeddable":true,"href":"https:\/\/bogensportdiscount.ch\/it\/wp-json\/wp\/v2\/product_tag?post=403426"}],"curies":[{"name":"wp","href":"https:\/\/api.w.org\/{rel}","templated":true}]}}