{"id":403406,"date":"2026-04-05T14:49:25","date_gmt":"2026-04-05T12:49:25","guid":{"rendered":"https:\/\/bogensportdiscount.ch\/produkt\/recurve-strings-carrera-99r-64-14-strands-white\/"},"modified":"2026-04-17T13:46:23","modified_gmt":"2026-04-17T11:46:23","slug":"avalon-recurve-sehne-carrera-99r-64-14-strands","status":"publish","type":"product","link":"https:\/\/bogensportdiscount.ch\/it\/prodotto\/avalon-recurve-sehne-carrera-99r-64-14-strands\/","title":{"rendered":"CORDE AVALON RECURVE CARRERA 99R 64\u2033 14 FILI"},"content":{"rendered":"<p>Die AVALON Carrera 99R ist eine Recurve-Bogensehne f\u00fcr den Einsatz an Recurve-B\u00f6gen. Mit einer L\u00e4nge von 64&#8243; und 14 Str\u00e4ngen eignet sie sich f\u00fcr B\u00f6gen in der entsprechenden Gewichts- und L\u00e4ngenklasse.<\/p>\n<p>Die Sehne ist in verschiedenen Farbkombinationen erh\u00e4ltlich, sodass eine individuelle Anpassung an das Bogensystem m\u00f6glich ist.<\/p>\n<ul>\n<li>L\u00e4nge: 64&#8243;<\/li>\n<li>Str\u00e4nge: 14<\/li>\n<li>Typ: Recurve-Sehne<\/li>\n<li>Erh\u00e4ltlich in 5 Farbvarianten<\/li>\n<\/ul>","protected":false},"excerpt":{"rendered":"<p><strong>Marchio:<\/strong> Avalon<\/p>","protected":false},"featured_media":450435,"comment_status":"open","ping_status":"closed","template":"","meta":[],"product_brand":[449],"product_cat":[4638],"product_tag":[],"class_list":{"0":"post-403406","1":"product","2":"type-product","3":"status-publish","4":"has-post-thumbnail","6":"product_brand-avalon","7":"product_cat-recurve-strings-sehnen-kabel-bogen-zubehoer","9":"first","10":"instock","11":"shipping-taxable","12":"purchasable","13":"product-type-variable"},"_links":{"self":[{"href":"https:\/\/bogensportdiscount.ch\/it\/wp-json\/wp\/v2\/product\/403406","targetHints":{"allow":["GET"]}}],"collection":[{"href":"https:\/\/bogensportdiscount.ch\/it\/wp-json\/wp\/v2\/product"}],"about":[{"href":"https:\/\/bogensportdiscount.ch\/it\/wp-json\/wp\/v2\/types\/product"}],"replies":[{"embeddable":true,"href":"https:\/\/bogensportdiscount.ch\/it\/wp-json\/wp\/v2\/comments?post=403406"}],"wp:featuredmedia":[{"embeddable":true,"href":"https:\/\/bogensportdiscount.ch\/it\/wp-json\/wp\/v2\/media\/450435"}],"wp:attachment":[{"href":"https:\/\/bogensportdiscount.ch\/it\/wp-json\/wp\/v2\/media?parent=403406"}],"wp:term":[{"taxonomy":"product_brand","embeddable":true,"href":"https:\/\/bogensportdiscount.ch\/it\/wp-json\/wp\/v2\/product_brand?post=403406"},{"taxonomy":"product_cat","embeddable":true,"href":"https:\/\/bogensportdiscount.ch\/it\/wp-json\/wp\/v2\/product_cat?post=403406"},{"taxonomy":"product_tag","embeddable":true,"href":"https:\/\/bogensportdiscount.ch\/it\/wp-json\/wp\/v2\/product_tag?post=403406"}],"curies":[{"name":"wp","href":"https:\/\/api.w.org\/{rel}","templated":true}]}}