{"id":403373,"date":"2026-04-05T14:49:22","date_gmt":"2026-04-05T12:49:22","guid":{"rendered":"https:\/\/bogensportdiscount.ch\/produkt\/hunting-bows-new-antelope-60-rh-25-lbs-flemish-dyneema-string-incl\/"},"modified":"2026-04-17T15:42:16","modified_gmt":"2026-04-17T13:42:16","slug":"bucktrail-einteiliger-jagdbogen-new-antelope-60","status":"publish","type":"product","link":"https:\/\/bogensportdiscount.ch\/it\/prodotto\/bucktrail-einteiliger-jagdbogen-new-antelope-60\/","title":{"rendered":"BUCKTRAIL NUOVO ARCO RICURVO MONOPEZZO ANTELOPE"},"content":{"rendered":"<p>Der Bucktrail New Antelope ist ein einteiliger Jagdbogen mit einer Bogenl\u00e4nge von 60 Zoll. Als traditioneller Recurvebogen richtet er sich an Bogenj\u00e4ger und Sch\u00fctzen, die auf ein einteiliges, robustes Design setzen. Die breite Auswahl an Zuggewichten von 25 bis 55 LBS macht ihn f\u00fcr verschiedene Anwendungen und Sch\u00fctzenniveaus geeignet.<\/p>\n<p>Der Bogen ist sowohl f\u00fcr Rechts- als auch f\u00fcr Linkshandsch\u00fctzen erh\u00e4ltlich, was ihn flexibel einsetzbar macht. Als Jagdbogen aus dem Hause Bucktrail kombiniert der New Antelope klassisches Design mit der f\u00fcr die Jagd wichtigen Praxistauglichkeit.<\/p>\n<ul>\n<li>Bogenl\u00e4nge: 60 Zoll<\/li>\n<li>Einteiliges Design \u2014 kein Abbau notwendig<\/li>\n<li>Zuggewichte von 25 bis 55 LBS w\u00e4hlbar<\/li>\n<li>Erh\u00e4ltlich f\u00fcr Rechts- und Linkshandsch\u00fctzen<\/li>\n<\/ul>","protected":false},"excerpt":{"rendered":"<p><strong>Marchio:<\/strong> Buck Trail<\/p>","protected":false},"featured_media":450428,"comment_status":"open","ping_status":"closed","template":"","meta":[],"product_brand":[432],"product_cat":[4274],"product_tag":[],"class_list":{"0":"post-403373","1":"product","2":"type-product","3":"status-publish","4":"has-post-thumbnail","6":"product_brand-bucktrail","7":"product_cat-jagdboegen","9":"first","10":"instock","11":"shipping-taxable","12":"purchasable","13":"product-type-variable"},"_links":{"self":[{"href":"https:\/\/bogensportdiscount.ch\/it\/wp-json\/wp\/v2\/product\/403373","targetHints":{"allow":["GET"]}}],"collection":[{"href":"https:\/\/bogensportdiscount.ch\/it\/wp-json\/wp\/v2\/product"}],"about":[{"href":"https:\/\/bogensportdiscount.ch\/it\/wp-json\/wp\/v2\/types\/product"}],"replies":[{"embeddable":true,"href":"https:\/\/bogensportdiscount.ch\/it\/wp-json\/wp\/v2\/comments?post=403373"}],"wp:featuredmedia":[{"embeddable":true,"href":"https:\/\/bogensportdiscount.ch\/it\/wp-json\/wp\/v2\/media\/450428"}],"wp:attachment":[{"href":"https:\/\/bogensportdiscount.ch\/it\/wp-json\/wp\/v2\/media?parent=403373"}],"wp:term":[{"taxonomy":"product_brand","embeddable":true,"href":"https:\/\/bogensportdiscount.ch\/it\/wp-json\/wp\/v2\/product_brand?post=403373"},{"taxonomy":"product_cat","embeddable":true,"href":"https:\/\/bogensportdiscount.ch\/it\/wp-json\/wp\/v2\/product_cat?post=403373"},{"taxonomy":"product_tag","embeddable":true,"href":"https:\/\/bogensportdiscount.ch\/it\/wp-json\/wp\/v2\/product_tag?post=403373"}],"curies":[{"name":"wp","href":"https:\/\/api.w.org\/{rel}","templated":true}]}}