{"id":403369,"date":"2026-04-05T14:49:21","date_gmt":"2026-04-05T12:49:21","guid":{"rendered":"https:\/\/bogensportdiscount.ch\/produkt\/releases-hand-style-omega-brass-thumb-3-finger\/"},"modified":"2026-05-15T06:33:28","modified_gmt":"2026-05-15T04:33:28","slug":"b3archery-release-hand-style-omega","status":"publish","type":"product","link":"https:\/\/bogensportdiscount.ch\/it\/prodotto\/b3archery-release-hand-style-omega\/","title":{"rendered":"B3ARCHERY SGANCIO HAND STYLE OMEGA &#8211; POLLICE 3-DITA"},"content":{"rendered":"<p>Der B3ARCHERY Omega ist ein Release im Hand-Stil, der speziell f\u00fcr Compound-Bogensch\u00fctzen entwickelt wurde. Als Trigger-Release wird er direkt in der Hand gehalten und erm\u00f6glicht eine pr\u00e4zise Ausl\u00f6sung des Bogens.<\/p>\n<p>Hand-Releases dieser Art sind bei Bogensch\u00fctzen beliebt, die eine direkte Kontrolle \u00fcber den Ausl\u00f6sevorgang bevorzugen. Der Omega ist f\u00fcr den regul\u00e4ren Trainings- und Wettkampfeinsatz geeignet.<\/p>\n<ul>\n<li>Handgef\u00fchrter Release im Hand-Stil<\/li>\n<li>Trigger-Ausl\u00f6sung f\u00fcr pr\u00e4zisen Abschuss<\/li>\n<li>Struttura compatta e maneggevole<\/li>\n<li>Adatto per allenamento e competizione<\/li>\n<\/ul>","protected":false},"excerpt":{"rendered":"<table>\n<tr>\n<th>Propriet\u00e0<\/th>\n<th>Valore<\/th>\n<\/tr>\n<tr>\n<td>Regolabilit\u00e0<\/td>\n<td>Independent travel and tension screws<\/td>\n<\/tr>\n<tr>\n<td>Handle Material<\/td>\n<td>Aluminum wide-track, fully radiused<\/td>\n<\/tr>\n<tr>\n<td>Sear System<\/td>\n<td>Proprietary base system with hardened 440C stainless steel<\/td>\n<\/tr>\n<tr>\n<td>Hook<\/td>\n<td>Hand-polished stainless steel<\/td>\n<\/tr>\n<tr>\n<td>Finish Options<\/td>\n<td>Brass or anodized blood orange cerakote<\/td>\n<\/tr>\n<\/table>","protected":false},"featured_media":523708,"comment_status":"open","ping_status":"closed","template":"","meta":[],"product_brand":[629],"product_cat":[4209],"product_tag":[],"class_list":{"0":"post-403369","1":"product","2":"type-product","3":"status-publish","4":"has-post-thumbnail","6":"product_brand-b3archery","7":"product_cat-thumb-releases","8":"product_shipping_class-bsd-standard","10":"first","11":"onbackorder","12":"shipping-taxable","13":"purchasable","14":"product-type-variable"},"yoast_head":"<!-- This site is optimized with the Yoast SEO plugin v27.6 - https:\/\/yoast.com\/product\/yoast-seo-wordpress\/ -->\n<title>B3ARCHERY RELEASES HAND STYLE OMEGA - DAUMEN 3-FINGER - Bogensportdiscount \u2013 B\u00f6gen, Pfeile, Targets &amp; Zubeh\u00f6r<\/title>\n<meta name=\"description\" content=\"B3ARCHERY RELEASES HAND STYLE OMEGA - DAUMEN 3-FINGER g\u00fcnstig kaufen bei Bogensportdiscount \u2013 Top-Marken, schneller Versand aus der Schweiz.\" \/>\n<meta name=\"robots\" content=\"index, follow, max-snippet:-1, max-image-preview:large, max-video-preview:-1\" \/>\n<link rel=\"canonical\" href=\"https:\/\/bogensportdiscount.ch\/it\/prodotto\/b3archery-release-hand-style-omega\/\" \/>\n<meta property=\"og:locale\" content=\"it_IT\" \/>\n<meta property=\"og:type\" content=\"article\" \/>\n<meta property=\"og:title\" content=\"B3ARCHERY RELEASES HAND STYLE OMEGA - DAUMEN 3-FINGER - Bogensportdiscount \u2013 B\u00f6gen, Pfeile, Targets &amp; Zubeh\u00f6r\" \/>\n<meta property=\"og:description\" content=\"B3ARCHERY RELEASES HAND STYLE OMEGA - DAUMEN 3-FINGER g\u00fcnstig kaufen bei Bogensportdiscount \u2013 Top-Marken, schneller Versand aus der Schweiz.\" \/>\n<meta property=\"og:url\" content=\"https:\/\/bogensportdiscount.ch\/it\/prodotto\/b3archery-release-hand-style-omega\/\" \/>\n<meta property=\"og:site_name\" content=\"Bogensportdiscount \u2013 B\u00f6gen, Pfeile, Targets &amp; Zubeh\u00f6r\" \/>\n<meta property=\"article:modified_time\" content=\"2026-05-15T04:33:28+00:00\" \/>\n<meta property=\"og:image\" content=\"https:\/\/bogensportdiscount.ch\/wp-content\/uploads\/bsm-images\/A034841_1.jpg\" \/>\n\t<meta property=\"og:image:width\" content=\"1772\" \/>\n\t<meta property=\"og:image:height\" content=\"1181\" \/>\n\t<meta property=\"og:image:type\" content=\"image\/jpeg\" \/>\n<meta name=\"twitter:card\" content=\"summary_large_image\" \/>\n<script type=\"application\/ld+json\" class=\"yoast-schema-graph\">{\"@context\":\"https:\\\/\\\/schema.org\",\"@graph\":[{\"@type\":\"WebPage\",\"@id\":\"https:\\\/\\\/bogensportdiscount.ch\\\/produkt\\\/b3archery-release-hand-style-omega\\\/\",\"url\":\"https:\\\/\\\/bogensportdiscount.ch\\\/produkt\\\/b3archery-release-hand-style-omega\\\/\",\"name\":\"B3ARCHERY RELEASES HAND STYLE OMEGA - DAUMEN 3-FINGER - Bogensportdiscount \u2013 B\u00f6gen, Pfeile, Targets &amp; Zubeh\u00f6r\",\"isPartOf\":{\"@id\":\"https:\\\/\\\/bogensportdiscount.ch\\\/#website\"},\"primaryImageOfPage\":{\"@id\":\"https:\\\/\\\/bogensportdiscount.ch\\\/produkt\\\/b3archery-release-hand-style-omega\\\/#primaryimage\"},\"image\":{\"@id\":\"https:\\\/\\\/bogensportdiscount.ch\\\/produkt\\\/b3archery-release-hand-style-omega\\\/#primaryimage\"},\"thumbnailUrl\":\"https:\\\/\\\/bogensportdiscount.ch\\\/wp-content\\\/uploads\\\/bsm-images\\\/A034841_1.jpg\",\"datePublished\":\"2026-04-05T12:49:21+00:00\",\"dateModified\":\"2026-05-15T04:33:28+00:00\",\"description\":\"B3ARCHERY RELEASES HAND STYLE OMEGA - DAUMEN 3-FINGER g\u00fcnstig kaufen bei Bogensportdiscount \u2013 Top-Marken, schneller Versand aus der Schweiz.\",\"breadcrumb\":{\"@id\":\"https:\\\/\\\/bogensportdiscount.ch\\\/produkt\\\/b3archery-release-hand-style-omega\\\/#breadcrumb\"},\"inLanguage\":\"it-IT\",\"potentialAction\":[{\"@type\":\"ReadAction\",\"target\":[\"https:\\\/\\\/bogensportdiscount.ch\\\/produkt\\\/b3archery-release-hand-style-omega\\\/\"]}]},{\"@type\":\"ImageObject\",\"inLanguage\":\"it-IT\",\"@id\":\"https:\\\/\\\/bogensportdiscount.ch\\\/produkt\\\/b3archery-release-hand-style-omega\\\/#primaryimage\",\"url\":\"https:\\\/\\\/bogensportdiscount.ch\\\/wp-content\\\/uploads\\\/bsm-images\\\/A034841_1.jpg\",\"contentUrl\":\"https:\\\/\\\/bogensportdiscount.ch\\\/wp-content\\\/uploads\\\/bsm-images\\\/A034841_1.jpg\",\"width\":1772,\"height\":1181},{\"@type\":\"BreadcrumbList\",\"@id\":\"https:\\\/\\\/bogensportdiscount.ch\\\/produkt\\\/b3archery-release-hand-style-omega\\\/#breadcrumb\",\"itemListElement\":[{\"@type\":\"ListItem\",\"position\":1,\"name\":\"Home\",\"item\":\"https:\\\/\\\/bogensportdiscount.ch\\\/\"},{\"@type\":\"ListItem\",\"position\":2,\"name\":\"Shop\",\"item\":\"https:\\\/\\\/bogensportdiscount.ch\\\/shop\\\/\"},{\"@type\":\"ListItem\",\"position\":3,\"name\":\"B3ARCHERY RELEASES HAND STYLE OMEGA &#8211; THUMB 3-FINGER\"}]},{\"@type\":\"WebSite\",\"@id\":\"https:\\\/\\\/bogensportdiscount.ch\\\/#website\",\"url\":\"https:\\\/\\\/bogensportdiscount.ch\\\/\",\"name\":\"Bogensportdiscount\",\"description\":\"\",\"potentialAction\":[{\"@type\":\"SearchAction\",\"target\":{\"@type\":\"EntryPoint\",\"urlTemplate\":\"https:\\\/\\\/bogensportdiscount.ch\\\/?s={search_term_string}\"},\"query-input\":{\"@type\":\"PropertyValueSpecification\",\"valueRequired\":true,\"valueName\":\"search_term_string\"}}],\"inLanguage\":\"it-IT\"}]}<\/script>\n<!-- \/ Yoast SEO plugin. -->","yoast_head_json":{"title":"B3ARCHERY RELEASES HAND STYLE OMEGA - DAUMEN 3-FINGER - Bogensportdiscount \u2013 B\u00f6gen, Pfeile, Targets &amp; Zubeh\u00f6r","description":"B3ARCHERY RELEASES HAND STYLE OMEGA - DAUMEN 3-FINGER g\u00fcnstig kaufen bei Bogensportdiscount \u2013 Top-Marken, schneller Versand aus der Schweiz.","robots":{"index":"index","follow":"follow","max-snippet":"max-snippet:-1","max-image-preview":"max-image-preview:large","max-video-preview":"max-video-preview:-1"},"canonical":"https:\/\/bogensportdiscount.ch\/it\/prodotto\/b3archery-release-hand-style-omega\/","og_locale":"it_IT","og_type":"article","og_title":"B3ARCHERY RELEASES HAND STYLE OMEGA - DAUMEN 3-FINGER - Bogensportdiscount \u2013 B\u00f6gen, Pfeile, Targets &amp; Zubeh\u00f6r","og_description":"B3ARCHERY RELEASES HAND STYLE OMEGA - DAUMEN 3-FINGER g\u00fcnstig kaufen bei Bogensportdiscount \u2013 Top-Marken, schneller Versand aus der Schweiz.","og_url":"https:\/\/bogensportdiscount.ch\/it\/prodotto\/b3archery-release-hand-style-omega\/","og_site_name":"Bogensportdiscount \u2013 B\u00f6gen, Pfeile, Targets &amp; Zubeh\u00f6r","article_modified_time":"2026-05-15T04:33:28+00:00","og_image":[{"width":1772,"height":1181,"url":"https:\/\/bogensportdiscount.ch\/wp-content\/uploads\/bsm-images\/A034841_1.jpg","type":"image\/jpeg"}],"twitter_card":"summary_large_image","schema":{"@context":"https:\/\/schema.org","@graph":[{"@type":"WebPage","@id":"https:\/\/bogensportdiscount.ch\/produkt\/b3archery-release-hand-style-omega\/","url":"https:\/\/bogensportdiscount.ch\/produkt\/b3archery-release-hand-style-omega\/","name":"B3ARCHERY RELEASES HAND STYLE OMEGA - DAUMEN 3-FINGER - Bogensportdiscount \u2013 B\u00f6gen, Pfeile, Targets &amp; Zubeh\u00f6r","isPartOf":{"@id":"https:\/\/bogensportdiscount.ch\/#website"},"primaryImageOfPage":{"@id":"https:\/\/bogensportdiscount.ch\/produkt\/b3archery-release-hand-style-omega\/#primaryimage"},"image":{"@id":"https:\/\/bogensportdiscount.ch\/produkt\/b3archery-release-hand-style-omega\/#primaryimage"},"thumbnailUrl":"https:\/\/bogensportdiscount.ch\/wp-content\/uploads\/bsm-images\/A034841_1.jpg","datePublished":"2026-04-05T12:49:21+00:00","dateModified":"2026-05-15T04:33:28+00:00","description":"B3ARCHERY RELEASES HAND STYLE OMEGA - DAUMEN 3-FINGER g\u00fcnstig kaufen bei Bogensportdiscount \u2013 Top-Marken, schneller Versand aus der Schweiz.","breadcrumb":{"@id":"https:\/\/bogensportdiscount.ch\/produkt\/b3archery-release-hand-style-omega\/#breadcrumb"},"inLanguage":"it-IT","potentialAction":[{"@type":"ReadAction","target":["https:\/\/bogensportdiscount.ch\/produkt\/b3archery-release-hand-style-omega\/"]}]},{"@type":"ImageObject","inLanguage":"it-IT","@id":"https:\/\/bogensportdiscount.ch\/produkt\/b3archery-release-hand-style-omega\/#primaryimage","url":"https:\/\/bogensportdiscount.ch\/wp-content\/uploads\/bsm-images\/A034841_1.jpg","contentUrl":"https:\/\/bogensportdiscount.ch\/wp-content\/uploads\/bsm-images\/A034841_1.jpg","width":1772,"height":1181},{"@type":"BreadcrumbList","@id":"https:\/\/bogensportdiscount.ch\/produkt\/b3archery-release-hand-style-omega\/#breadcrumb","itemListElement":[{"@type":"ListItem","position":1,"name":"Home","item":"https:\/\/bogensportdiscount.ch\/"},{"@type":"ListItem","position":2,"name":"Shop","item":"https:\/\/bogensportdiscount.ch\/shop\/"},{"@type":"ListItem","position":3,"name":"B3ARCHERY RELEASES HAND STYLE OMEGA &#8211; THUMB 3-FINGER"}]},{"@type":"WebSite","@id":"https:\/\/bogensportdiscount.ch\/#website","url":"https:\/\/bogensportdiscount.ch\/","name":"Bogensportdiscount","description":"","potentialAction":[{"@type":"SearchAction","target":{"@type":"EntryPoint","urlTemplate":"https:\/\/bogensportdiscount.ch\/?s={search_term_string}"},"query-input":{"@type":"PropertyValueSpecification","valueRequired":true,"valueName":"search_term_string"}}],"inLanguage":"it-IT"}]}},"_links":{"self":[{"href":"https:\/\/bogensportdiscount.ch\/it\/wp-json\/wp\/v2\/product\/403369","targetHints":{"allow":["GET"]}}],"collection":[{"href":"https:\/\/bogensportdiscount.ch\/it\/wp-json\/wp\/v2\/product"}],"about":[{"href":"https:\/\/bogensportdiscount.ch\/it\/wp-json\/wp\/v2\/types\/product"}],"replies":[{"embeddable":true,"href":"https:\/\/bogensportdiscount.ch\/it\/wp-json\/wp\/v2\/comments?post=403369"}],"wp:featuredmedia":[{"embeddable":true,"href":"https:\/\/bogensportdiscount.ch\/it\/wp-json\/wp\/v2\/media\/523708"}],"wp:attachment":[{"href":"https:\/\/bogensportdiscount.ch\/it\/wp-json\/wp\/v2\/media?parent=403369"}],"wp:term":[{"taxonomy":"product_brand","embeddable":true,"href":"https:\/\/bogensportdiscount.ch\/it\/wp-json\/wp\/v2\/product_brand?post=403369"},{"taxonomy":"product_cat","embeddable":true,"href":"https:\/\/bogensportdiscount.ch\/it\/wp-json\/wp\/v2\/product_cat?post=403369"},{"taxonomy":"product_tag","embeddable":true,"href":"https:\/\/bogensportdiscount.ch\/it\/wp-json\/wp\/v2\/product_tag?post=403369"}],"curies":[{"name":"wp","href":"https:\/\/api.w.org\/{rel}","templated":true}]}}