{"id":403365,"date":"2026-04-05T14:49:21","date_gmt":"2026-04-05T12:49:21","guid":{"rendered":"https:\/\/bogensportdiscount.ch\/produkt\/switch-rotating-mod-11-70lbs-18-30-lh-black\/"},"modified":"2026-04-17T13:46:22","modified_gmt":"2026-04-17T11:46:22","slug":"mission-compoundbogen-switch-rotating-mod-11-70lbs-18-30","status":"publish","type":"product","link":"https:\/\/bogensportdiscount.ch\/it\/prodotto\/mission-compoundbogen-switch-rotating-mod-11-70lbs-18-30\/","title":{"rendered":"INTERRUTTORE DI MISSIONE ROTANTE MOD 11-70LBS 18\u2033-30\u2033"},"content":{"rendered":"<p>Der MISSION Switch ist ein Compoundbogen mit einem innovativen rotierenden Modul-System (Rotating Mod), das aussergew\u00f6hnlich grosse Einstellbereiche ohne Werkzeugwechsel der Nocken erm\u00f6glicht. Das Zuggewicht l\u00e4sst sich stufenlos von 11 bis 70 lbs anpassen, w\u00e4hrend die Zugl\u00e4nge einen Bereich von 18&#8243; bis 30&#8243; abdeckt.<\/p>\n<p>Dank dieser breiten Einstellm\u00f6glichkeiten eignet sich der Switch besonders f\u00fcr Einsteiger, Jugendliche sowie aufwachsende Sch\u00fctzinnen und Sch\u00fctzen, die ihren Bogen \u00fcber viele Jahre nutzen m\u00f6chten, ohne ihn ersetzen zu m\u00fcssen. Der Bogen ist sowohl in einer Links- als auch in einer Rechtshandversion erh\u00e4ltlich.<\/p>\n<ul>\n<li>Rotierendes Modul-System f\u00fcr grossen Einstell\u00adbereich<\/li>\n<li>Zuggewicht 11\u201370 lbs, stufenlos einstellbar<\/li>\n<li>Zugl\u00e4nge 18&#8243;\u201330&#8243; ohne Nockenwechsel<\/li>\n<li>Verf\u00fcgbar f\u00fcr Links- und Rechtshand<\/li>\n<\/ul>","protected":false},"excerpt":{"rendered":"<p><strong>Marchio:<\/strong> Mission<br \/><strong>Axle-to-axle (inch):<\/strong> 31<br \/><strong>Brace height (inch):<\/strong> 6,875<br \/><strong>Module:<\/strong> Rotating mod<br \/><strong>Materiale:<\/strong> Aluminum<\/p>","protected":false},"featured_media":450424,"comment_status":"open","ping_status":"closed","template":"","meta":[],"product_brand":[610],"product_cat":[4524],"product_tag":[],"class_list":{"0":"post-403365","1":"product","2":"type-product","3":"status-publish","4":"has-post-thumbnail","6":"product_brand-mission","7":"product_cat-jagdboegen-compound-boegen-boegen","9":"first","10":"instock","11":"shipping-taxable","12":"purchasable","13":"product-type-variable"},"_links":{"self":[{"href":"https:\/\/bogensportdiscount.ch\/it\/wp-json\/wp\/v2\/product\/403365","targetHints":{"allow":["GET"]}}],"collection":[{"href":"https:\/\/bogensportdiscount.ch\/it\/wp-json\/wp\/v2\/product"}],"about":[{"href":"https:\/\/bogensportdiscount.ch\/it\/wp-json\/wp\/v2\/types\/product"}],"replies":[{"embeddable":true,"href":"https:\/\/bogensportdiscount.ch\/it\/wp-json\/wp\/v2\/comments?post=403365"}],"wp:featuredmedia":[{"embeddable":true,"href":"https:\/\/bogensportdiscount.ch\/it\/wp-json\/wp\/v2\/media\/450424"}],"wp:attachment":[{"href":"https:\/\/bogensportdiscount.ch\/it\/wp-json\/wp\/v2\/media?parent=403365"}],"wp:term":[{"taxonomy":"product_brand","embeddable":true,"href":"https:\/\/bogensportdiscount.ch\/it\/wp-json\/wp\/v2\/product_brand?post=403365"},{"taxonomy":"product_cat","embeddable":true,"href":"https:\/\/bogensportdiscount.ch\/it\/wp-json\/wp\/v2\/product_cat?post=403365"},{"taxonomy":"product_tag","embeddable":true,"href":"https:\/\/bogensportdiscount.ch\/it\/wp-json\/wp\/v2\/product_tag?post=403365"}],"curies":[{"name":"wp","href":"https:\/\/api.w.org\/{rel}","templated":true}]}}