{"id":403362,"date":"2026-04-05T14:49:20","date_gmt":"2026-04-05T12:49:20","guid":{"rendered":"https:\/\/bogensportdiscount.ch\/produkt\/hammr-rotating-mod-16-70lbs-17-29-lh-black\/"},"modified":"2026-04-17T13:46:22","modified_gmt":"2026-04-17T11:46:22","slug":"mission-compoundbogen-hammr-rotating-mod-16-70-lbs-17-29","status":"publish","type":"product","link":"https:\/\/bogensportdiscount.ch\/it\/produkt\/mission-compoundbogen-hammr-rotating-mod-16-70-lbs-17-29\/","title":{"rendered":"MISSION HAMMR ROTATING MOD 16-70LBS 17&#8243;-29&#8243;"},"content":{"rendered":"<p>Der MISSION Hammr ist ein Compoundbogen mit drehbarem Mod-System (Rotating Mod), das eine aussergew\u00f6hnlich grosse Anpassungsbreite bietet: Das Zuggewicht l\u00e4sst sich stufenlos von 16 bis 70 lbs einstellen, die Zugl\u00e4nge von 17&#8243; bis 29&#8243;. Damit deckt ein einziger Bogen eine breite Spanne an Sch\u00fctzenprofilen ab, ohne dass ein Bogenbauer zwingend eingreifen muss.<\/p>\n<p>Mit einer Achsmass unter 35&#8243; f\u00e4llt der Hammr in die Kategorie der kompakten Compoundb\u00f6gen und ist sowohl f\u00fcr den Einstieg in den Bogensport als auch als Jugendbogen geeignet. Er ist f\u00fcr Rechts- und Linkshandsch\u00fctzen erh\u00e4ltlich.<\/p>\n<ul>\n<li>Rotating Mod-System f\u00fcr grossen Zuggewichts- und Zugl\u00e4ngenbereich<\/li>\n<li>Zuggewicht: 16\u201370 lbs \/ Zugl\u00e4nge: 17&#8243;\u201329&#8243;<\/li>\n<li>Kompakte Bauform unter 35&#8243; Achsmass<\/li>\n<li>Disponibile per l'uso con la mano destra o sinistra<\/li>\n<\/ul>","protected":false},"excerpt":{"rendered":"<p><strong>Marchio:<\/strong> Mission<br \/><strong>Axle-to-axle (inch):<\/strong> 28<br \/><strong>Brace height (inch):<\/strong> 6,25<br \/><strong>Module:<\/strong> Rotating mod<br \/><strong>Materiale:<\/strong> Aluminum<\/p>","protected":false},"featured_media":450423,"comment_status":"open","ping_status":"closed","template":"","meta":[],"product_brand":[610],"product_cat":[4524],"product_tag":[],"class_list":{"0":"post-403362","1":"product","2":"type-product","3":"status-publish","4":"has-post-thumbnail","6":"product_brand-mission","7":"product_cat-jagdboegen-compound-boegen-boegen","9":"first","10":"outofstock","11":"shipping-taxable","12":"purchasable","13":"product-type-variable"},"_links":{"self":[{"href":"https:\/\/bogensportdiscount.ch\/it\/wp-json\/wp\/v2\/product\/403362","targetHints":{"allow":["GET"]}}],"collection":[{"href":"https:\/\/bogensportdiscount.ch\/it\/wp-json\/wp\/v2\/product"}],"about":[{"href":"https:\/\/bogensportdiscount.ch\/it\/wp-json\/wp\/v2\/types\/product"}],"replies":[{"embeddable":true,"href":"https:\/\/bogensportdiscount.ch\/it\/wp-json\/wp\/v2\/comments?post=403362"}],"wp:featuredmedia":[{"embeddable":true,"href":"https:\/\/bogensportdiscount.ch\/it\/wp-json\/wp\/v2\/media\/450423"}],"wp:attachment":[{"href":"https:\/\/bogensportdiscount.ch\/it\/wp-json\/wp\/v2\/media?parent=403362"}],"wp:term":[{"taxonomy":"product_brand","embeddable":true,"href":"https:\/\/bogensportdiscount.ch\/it\/wp-json\/wp\/v2\/product_brand?post=403362"},{"taxonomy":"product_cat","embeddable":true,"href":"https:\/\/bogensportdiscount.ch\/it\/wp-json\/wp\/v2\/product_cat?post=403362"},{"taxonomy":"product_tag","embeddable":true,"href":"https:\/\/bogensportdiscount.ch\/it\/wp-json\/wp\/v2\/product_tag?post=403362"}],"curies":[{"name":"wp","href":"https:\/\/api.w.org\/{rel}","templated":true}]}}