{"id":403290,"date":"2026-04-05T14:49:14","date_gmt":"2026-04-05T12:49:14","guid":{"rendered":"https:\/\/bogensportdiscount.ch\/produkt\/feathers-shield-4-lw-white-100-pk-2\/"},"modified":"2026-05-14T15:26:09","modified_gmt":"2026-05-14T13:26:09","slug":"bucktrail-federn-shield-4-lw","status":"publish","type":"product","link":"https:\/\/bogensportdiscount.ch\/it\/prodotto\/bucktrail-federn-shield-4-lw\/","title":{"rendered":"BUCKTRAIL FEDERN SHIELD 4&#8243; LW 100\/PK"},"content":{"rendered":"<p>Die Bucktrail Federn Shield 4&#8243; LW sind Naturfedern im klassischen Shield-Schnitt mit einer L\u00e4nge von 4 Zoll. Die Lightweight-Ausf\u00fchrung eignet sich besonders f\u00fcr traditionelle Bogensportler, die Wert auf nat\u00fcrliche Befiederung und eine bew\u00e4hrte Pfeilstabilisierung legen.<\/p>\n<p>Shield-Federn zeichnen sich durch ihre charakteristische Form aus, die eine zuverl\u00e4ssige Pfeilf\u00fchrung und gute Stabilisierung im Flug gew\u00e4hrleistet. Die Federn sind in einer grossen Farbauswahl erh\u00e4ltlich, sodass eine individuelle Gestaltung der Pfeile m\u00f6glich ist.<\/p>\n<ul>\n<li>Shield-Schnitt, 4 Zoll L\u00e4nge<\/li>\n<li>Lightweight-Ausf\u00fchrung<\/li>\n<li>Erh\u00e4ltlich in 11 Farben (Schwarz, Blau, Braun, Gr\u00fcn, Orange, Pink, Lila, Rot, Silber, Weiss, Gelb)<\/li>\n<li>Prodotto a Taiwan<\/li>\n<\/ul>","protected":false},"excerpt":{"rendered":"<table>\n<tr>\n<th>Propriet\u00e0<\/th>\n<th>Valore<\/th>\n<\/tr>\n<tr>\n<td>Marca<\/td>\n<td>Buck Trail<\/td>\n<\/tr>\n<tr>\n<td>Paese di origine<\/td>\n<td>Taiwan<\/td>\n<\/tr>\n<\/table>","protected":false},"featured_media":526954,"comment_status":"open","ping_status":"closed","template":"","meta":[],"product_brand":[432],"product_cat":[4307],"product_tag":[],"class_list":{"0":"post-403290","1":"product","2":"type-product","3":"status-publish","4":"has-post-thumbnail","6":"product_brand-bucktrail","7":"product_cat-federn-vanes-nocks-wraps","8":"product_shipping_class-bsd-standard","10":"first","11":"instock","12":"shipping-taxable","13":"purchasable","14":"product-type-variable"},"yoast_head":"<!-- This site is optimized with the Yoast SEO plugin v27.6 - https:\/\/yoast.com\/product\/yoast-seo-wordpress\/ -->\n<title>BUCKTRAIL FEDERN SHIELD 4&quot; LW 100\/PK - Bogensportdiscount \u2013 B\u00f6gen, Pfeile, Targets &amp; Zubeh\u00f6r<\/title>\n<meta name=\"description\" content=\"BUCKTRAIL FEDERN SHIELD 4&quot; LW 100\/PK g\u00fcnstig kaufen bei Bogensportdiscount \u2013 Top-Marken, schneller Versand aus der Schweiz.\" \/>\n<meta name=\"robots\" content=\"index, follow, max-snippet:-1, max-image-preview:large, max-video-preview:-1\" \/>\n<link rel=\"canonical\" href=\"https:\/\/bogensportdiscount.ch\/it\/prodotto\/bucktrail-federn-shield-4-lw\/\" \/>\n<meta property=\"og:locale\" content=\"it_IT\" \/>\n<meta property=\"og:type\" content=\"article\" \/>\n<meta property=\"og:title\" content=\"BUCKTRAIL FEDERN SHIELD 4&quot; LW 100\/PK - Bogensportdiscount \u2013 B\u00f6gen, Pfeile, Targets &amp; Zubeh\u00f6r\" \/>\n<meta property=\"og:description\" content=\"BUCKTRAIL FEDERN SHIELD 4&quot; LW 100\/PK g\u00fcnstig kaufen bei Bogensportdiscount \u2013 Top-Marken, schneller Versand aus der Schweiz.\" \/>\n<meta property=\"og:url\" content=\"https:\/\/bogensportdiscount.ch\/it\/prodotto\/bucktrail-federn-shield-4-lw\/\" \/>\n<meta property=\"og:site_name\" content=\"Bogensportdiscount \u2013 B\u00f6gen, Pfeile, Targets &amp; Zubeh\u00f6r\" \/>\n<meta property=\"article:modified_time\" content=\"2026-05-14T13:26:09+00:00\" \/>\n<meta property=\"og:image\" content=\"https:\/\/bogensportdiscount.ch\/wp-content\/uploads\/bsm-images\/a034670_ssa.jpg\" \/>\n\t<meta property=\"og:image:width\" content=\"400\" \/>\n\t<meta property=\"og:image:height\" content=\"266\" \/>\n\t<meta property=\"og:image:type\" content=\"image\/jpeg\" \/>\n<meta name=\"twitter:card\" content=\"summary_large_image\" \/>\n<meta name=\"twitter:label1\" content=\"Tempo di lettura stimato\" \/>\n\t<meta name=\"twitter:data1\" content=\"1 minuto\" \/>\n<script type=\"application\/ld+json\" class=\"yoast-schema-graph\">{\"@context\":\"https:\\\/\\\/schema.org\",\"@graph\":[{\"@type\":\"WebPage\",\"@id\":\"https:\\\/\\\/bogensportdiscount.ch\\\/produkt\\\/bucktrail-federn-shield-4-lw\\\/\",\"url\":\"https:\\\/\\\/bogensportdiscount.ch\\\/produkt\\\/bucktrail-federn-shield-4-lw\\\/\",\"name\":\"BUCKTRAIL FEDERN SHIELD 4\\\" LW 100\\\/PK - Bogensportdiscount \u2013 B\u00f6gen, Pfeile, Targets &amp; Zubeh\u00f6r\",\"isPartOf\":{\"@id\":\"https:\\\/\\\/bogensportdiscount.ch\\\/#website\"},\"primaryImageOfPage\":{\"@id\":\"https:\\\/\\\/bogensportdiscount.ch\\\/produkt\\\/bucktrail-federn-shield-4-lw\\\/#primaryimage\"},\"image\":{\"@id\":\"https:\\\/\\\/bogensportdiscount.ch\\\/produkt\\\/bucktrail-federn-shield-4-lw\\\/#primaryimage\"},\"thumbnailUrl\":\"https:\\\/\\\/bogensportdiscount.ch\\\/wp-content\\\/uploads\\\/bsm-images\\\/a034670_ssa.jpg\",\"datePublished\":\"2026-04-05T12:49:14+00:00\",\"dateModified\":\"2026-05-14T13:26:09+00:00\",\"description\":\"BUCKTRAIL FEDERN SHIELD 4\\\" LW 100\\\/PK g\u00fcnstig kaufen bei Bogensportdiscount \u2013 Top-Marken, schneller Versand aus der Schweiz.\",\"breadcrumb\":{\"@id\":\"https:\\\/\\\/bogensportdiscount.ch\\\/produkt\\\/bucktrail-federn-shield-4-lw\\\/#breadcrumb\"},\"inLanguage\":\"it-IT\",\"potentialAction\":[{\"@type\":\"ReadAction\",\"target\":[\"https:\\\/\\\/bogensportdiscount.ch\\\/produkt\\\/bucktrail-federn-shield-4-lw\\\/\"]}]},{\"@type\":\"ImageObject\",\"inLanguage\":\"it-IT\",\"@id\":\"https:\\\/\\\/bogensportdiscount.ch\\\/produkt\\\/bucktrail-federn-shield-4-lw\\\/#primaryimage\",\"url\":\"https:\\\/\\\/bogensportdiscount.ch\\\/wp-content\\\/uploads\\\/bsm-images\\\/a034670_ssa.jpg\",\"contentUrl\":\"https:\\\/\\\/bogensportdiscount.ch\\\/wp-content\\\/uploads\\\/bsm-images\\\/a034670_ssa.jpg\",\"width\":400,\"height\":266},{\"@type\":\"BreadcrumbList\",\"@id\":\"https:\\\/\\\/bogensportdiscount.ch\\\/produkt\\\/bucktrail-federn-shield-4-lw\\\/#breadcrumb\",\"itemListElement\":[{\"@type\":\"ListItem\",\"position\":1,\"name\":\"Home\",\"item\":\"https:\\\/\\\/bogensportdiscount.ch\\\/\"},{\"@type\":\"ListItem\",\"position\":2,\"name\":\"Shop\",\"item\":\"https:\\\/\\\/bogensportdiscount.ch\\\/shop\\\/\"},{\"@type\":\"ListItem\",\"position\":3,\"name\":\"BUCKTRAIL FEDERN SHIELD 4&#8243; LW 100\\\/PK\"}]},{\"@type\":\"WebSite\",\"@id\":\"https:\\\/\\\/bogensportdiscount.ch\\\/#website\",\"url\":\"https:\\\/\\\/bogensportdiscount.ch\\\/\",\"name\":\"Bogensportdiscount\",\"description\":\"\",\"potentialAction\":[{\"@type\":\"SearchAction\",\"target\":{\"@type\":\"EntryPoint\",\"urlTemplate\":\"https:\\\/\\\/bogensportdiscount.ch\\\/?s={search_term_string}\"},\"query-input\":{\"@type\":\"PropertyValueSpecification\",\"valueRequired\":true,\"valueName\":\"search_term_string\"}}],\"inLanguage\":\"it-IT\"}]}<\/script>\n<!-- \/ Yoast SEO plugin. -->","yoast_head_json":{"title":"BUCKTRAIL FEDERN SHIELD 4\" LW 100\/PK - Bogensportdiscount \u2013 B\u00f6gen, Pfeile, Targets &amp; Zubeh\u00f6r","description":"BUCKTRAIL FEDERN SHIELD 4\" LW 100\/PK g\u00fcnstig kaufen bei Bogensportdiscount \u2013 Top-Marken, schneller Versand aus der Schweiz.","robots":{"index":"index","follow":"follow","max-snippet":"max-snippet:-1","max-image-preview":"max-image-preview:large","max-video-preview":"max-video-preview:-1"},"canonical":"https:\/\/bogensportdiscount.ch\/it\/prodotto\/bucktrail-federn-shield-4-lw\/","og_locale":"it_IT","og_type":"article","og_title":"BUCKTRAIL FEDERN SHIELD 4\" LW 100\/PK - Bogensportdiscount \u2013 B\u00f6gen, Pfeile, Targets &amp; Zubeh\u00f6r","og_description":"BUCKTRAIL FEDERN SHIELD 4\" LW 100\/PK g\u00fcnstig kaufen bei Bogensportdiscount \u2013 Top-Marken, schneller Versand aus der Schweiz.","og_url":"https:\/\/bogensportdiscount.ch\/it\/prodotto\/bucktrail-federn-shield-4-lw\/","og_site_name":"Bogensportdiscount \u2013 B\u00f6gen, Pfeile, Targets &amp; Zubeh\u00f6r","article_modified_time":"2026-05-14T13:26:09+00:00","og_image":[{"width":400,"height":266,"url":"https:\/\/bogensportdiscount.ch\/wp-content\/uploads\/bsm-images\/a034670_ssa.jpg","type":"image\/jpeg"}],"twitter_card":"summary_large_image","twitter_misc":{"Tempo di lettura stimato":"1 minuto"},"schema":{"@context":"https:\/\/schema.org","@graph":[{"@type":"WebPage","@id":"https:\/\/bogensportdiscount.ch\/produkt\/bucktrail-federn-shield-4-lw\/","url":"https:\/\/bogensportdiscount.ch\/produkt\/bucktrail-federn-shield-4-lw\/","name":"BUCKTRAIL FEDERN SHIELD 4\" LW 100\/PK - Bogensportdiscount \u2013 B\u00f6gen, Pfeile, Targets &amp; Zubeh\u00f6r","isPartOf":{"@id":"https:\/\/bogensportdiscount.ch\/#website"},"primaryImageOfPage":{"@id":"https:\/\/bogensportdiscount.ch\/produkt\/bucktrail-federn-shield-4-lw\/#primaryimage"},"image":{"@id":"https:\/\/bogensportdiscount.ch\/produkt\/bucktrail-federn-shield-4-lw\/#primaryimage"},"thumbnailUrl":"https:\/\/bogensportdiscount.ch\/wp-content\/uploads\/bsm-images\/a034670_ssa.jpg","datePublished":"2026-04-05T12:49:14+00:00","dateModified":"2026-05-14T13:26:09+00:00","description":"BUCKTRAIL FEDERN SHIELD 4\" LW 100\/PK g\u00fcnstig kaufen bei Bogensportdiscount \u2013 Top-Marken, schneller Versand aus der Schweiz.","breadcrumb":{"@id":"https:\/\/bogensportdiscount.ch\/produkt\/bucktrail-federn-shield-4-lw\/#breadcrumb"},"inLanguage":"it-IT","potentialAction":[{"@type":"ReadAction","target":["https:\/\/bogensportdiscount.ch\/produkt\/bucktrail-federn-shield-4-lw\/"]}]},{"@type":"ImageObject","inLanguage":"it-IT","@id":"https:\/\/bogensportdiscount.ch\/produkt\/bucktrail-federn-shield-4-lw\/#primaryimage","url":"https:\/\/bogensportdiscount.ch\/wp-content\/uploads\/bsm-images\/a034670_ssa.jpg","contentUrl":"https:\/\/bogensportdiscount.ch\/wp-content\/uploads\/bsm-images\/a034670_ssa.jpg","width":400,"height":266},{"@type":"BreadcrumbList","@id":"https:\/\/bogensportdiscount.ch\/produkt\/bucktrail-federn-shield-4-lw\/#breadcrumb","itemListElement":[{"@type":"ListItem","position":1,"name":"Home","item":"https:\/\/bogensportdiscount.ch\/"},{"@type":"ListItem","position":2,"name":"Shop","item":"https:\/\/bogensportdiscount.ch\/shop\/"},{"@type":"ListItem","position":3,"name":"BUCKTRAIL FEDERN SHIELD 4&#8243; LW 100\/PK"}]},{"@type":"WebSite","@id":"https:\/\/bogensportdiscount.ch\/#website","url":"https:\/\/bogensportdiscount.ch\/","name":"Bogensportdiscount","description":"","potentialAction":[{"@type":"SearchAction","target":{"@type":"EntryPoint","urlTemplate":"https:\/\/bogensportdiscount.ch\/?s={search_term_string}"},"query-input":{"@type":"PropertyValueSpecification","valueRequired":true,"valueName":"search_term_string"}}],"inLanguage":"it-IT"}]}},"_links":{"self":[{"href":"https:\/\/bogensportdiscount.ch\/it\/wp-json\/wp\/v2\/product\/403290","targetHints":{"allow":["GET"]}}],"collection":[{"href":"https:\/\/bogensportdiscount.ch\/it\/wp-json\/wp\/v2\/product"}],"about":[{"href":"https:\/\/bogensportdiscount.ch\/it\/wp-json\/wp\/v2\/types\/product"}],"replies":[{"embeddable":true,"href":"https:\/\/bogensportdiscount.ch\/it\/wp-json\/wp\/v2\/comments?post=403290"}],"wp:featuredmedia":[{"embeddable":true,"href":"https:\/\/bogensportdiscount.ch\/it\/wp-json\/wp\/v2\/media\/526954"}],"wp:attachment":[{"href":"https:\/\/bogensportdiscount.ch\/it\/wp-json\/wp\/v2\/media?parent=403290"}],"wp:term":[{"taxonomy":"product_brand","embeddable":true,"href":"https:\/\/bogensportdiscount.ch\/it\/wp-json\/wp\/v2\/product_brand?post=403290"},{"taxonomy":"product_cat","embeddable":true,"href":"https:\/\/bogensportdiscount.ch\/it\/wp-json\/wp\/v2\/product_cat?post=403290"},{"taxonomy":"product_tag","embeddable":true,"href":"https:\/\/bogensportdiscount.ch\/it\/wp-json\/wp\/v2\/product_tag?post=403290"}],"curies":[{"name":"wp","href":"https:\/\/api.w.org\/{rel}","templated":true}]}}